{"id":2303,"date":"2020-04-28T11:15:02","date_gmt":"2020-04-28T11:15:02","guid":{"rendered":"https:\/\/corbroker.pt\/?page_id=2303"},"modified":"2022-08-13T11:55:44","modified_gmt":"2022-08-13T11:55:44","slug":"credit-and-bond","status":"publish","type":"page","link":"https:\/\/corbroker.pt\/en\/empresas\/credito-e-caucao\/","title":{"rendered":"Credit and security"},"content":{"rendered":"<div data-elementor-type=\"wp-page\" data-elementor-id=\"2303\" class=\"elementor elementor-2303\">\n\t\t\t\t\t\t<div class=\"elementor-section elementor-top-section elementor-element elementor-element-3f652232 elementor-section-stretched elementor-section-content-middle elementor-section-boxed elementor-section-height-default elementor-section-height-default\" data-id=\"3f652232\" data-element_type=\"section\" data-e-type=\"section\" data-settings=\"{&quot;stretch_section&quot;:&quot;section-stretched&quot;}\">\n\t\t\t\t\t\t<div class=\"elementor-container elementor-column-gap-no\">\n\t\t\t\t\t<div class=\"elementor-column elementor-col-50 elementor-top-column elementor-element elementor-element-74211abf elementor-invisible\" data-id=\"74211abf\" data-element_type=\"column\" data-e-type=\"column\" data-settings=\"{&quot;background_background&quot;:&quot;classic&quot;,&quot;animation&quot;:&quot;fadeInLeft&quot;}\">\n\t\t\t<div class=\"elementor-widget-wrap elementor-element-populated\">\n\t\t\t\t\t\t<div class=\"elementor-element elementor-element-3df384ab elementor-invisible elementor-widget elementor-widget-heading\" data-id=\"3df384ab\" data-element_type=\"widget\" data-e-type=\"widget\" data-settings=\"{&quot;_animation&quot;:&quot;fadeInUp&quot;}\" data-widget_type=\"heading.default\">\n\t\t\t\t<div class=\"elementor-widget-container\">\n\t\t\t\t\t<h4 class=\"elementor-heading-title elementor-size-default\">Credit and security<\/h4>\t\t\t\t<\/div>\n\t\t\t\t<\/div>\n\t\t\t\t<div class=\"elementor-element elementor-element-20ebbe31 elementor-widget elementor-widget-heading\" data-id=\"20ebbe31\" data-element_type=\"widget\" data-e-type=\"widget\" data-widget_type=\"heading.default\">\n\t\t\t\t<div class=\"elementor-widget-container\">\n\t\t\t\t\t<h2 class=\"elementor-heading-title elementor-size-default\">Your company is your investment.<\/h2>\t\t\t\t<\/div>\n\t\t\t\t<\/div>\n\t\t\t\t<div class=\"elementor-element elementor-element-418410c9 elementor-widget-divider--view-line elementor-invisible elementor-widget elementor-widget-divider\" data-id=\"418410c9\" data-element_type=\"widget\" data-e-type=\"widget\" data-settings=\"{&quot;_animation&quot;:&quot;fadeInRight&quot;,&quot;_animation_delay&quot;:100}\" data-widget_type=\"divider.default\">\n\t\t\t\t<div class=\"elementor-widget-container\">\n\t\t\t\t\t\t\t<div class=\"elementor-divider\">\n\t\t\t<span class=\"elementor-divider-separator\">\n\t\t\t\t\t\t<\/span>\n\t\t<\/div>\n\t\t\t\t\t\t<\/div>\n\t\t\t\t<\/div>\n\t\t\t\t<div class=\"elementor-element elementor-element-1ebc0805 elementor-widget elementor-widget-text-editor\" data-id=\"1ebc0805\" data-element_type=\"widget\" data-e-type=\"widget\" data-widget_type=\"text-editor.default\">\n\t\t\t\t<div class=\"elementor-widget-container\">\n\t\t\t\t\t\t\t\t\t<p style=\"text-align: justify;\">In an increasingly globalised market and with the entry into new geographies, commercial relations with new business partners and clients, your company is at greater risk of non-payment or even delayed sales.<br \/>Corbroker has comprehensive solutions through the <strong>credit insurance<\/strong> which protects your business from non-payment of credit sales of goods and services made in Portugal and abroad.<br \/>Credit insurance is an excellent tool for preventing the risk of default and protecting against the negative consequences that this can have, such as the loss of uncollected amounts, a possible lack of liquidity, the costs of collection management and the search for new customers. There is the possibility of taking out additional cover, such as: political and catastrophic risk, orders pending delivery and pre-shipment, manufacturing risk, litigation (debt dispute), consignment sales, cash sales against delivery of documents and advance payments to suppliers.<\/p>\t\t\t\t\t\t\t\t<\/div>\n\t\t\t\t<\/div>\n\t\t\t\t\t<\/div>\n\t\t<\/div>\n\t\t\t\t<div class=\"elementor-column elementor-col-50 elementor-top-column elementor-element elementor-element-3104dd4 elementor-invisible\" data-id=\"3104dd4\" data-element_type=\"column\" data-e-type=\"column\" data-settings=\"{&quot;background_background&quot;:&quot;classic&quot;,&quot;animation&quot;:&quot;fadeInLeft&quot;}\">\n\t\t\t<div class=\"elementor-widget-wrap elementor-element-populated\">\n\t\t\t\t\t\t<div class=\"elementor-element elementor-element-166a757 elementor-widget elementor-widget-text-editor\" data-id=\"166a757\" data-element_type=\"widget\" data-e-type=\"widget\" data-widget_type=\"text-editor.default\">\n\t\t\t\t<div class=\"elementor-widget-container\">\n\t\t\t\t\t\t\t\t\t<p style=\"text-align: justify;\">If you need to guarantee compliance with legal or contractual obligations, Corbroker has solutions at the <strong>bond insurance<\/strong>\u00a0which ensures the proper fulfilment of this type of obligation assumed by the company vis-\u00e0-vis the beneficiary of the guarantee.<\/p>\t\t\t\t\t\t\t\t<\/div>\n\t\t\t\t<\/div>\n\t\t\t\t<div class=\"elementor-element elementor-element-906434f elementor-widget elementor-widget-text-editor\" data-id=\"906434f\" data-element_type=\"widget\" data-e-type=\"widget\" data-widget_type=\"text-editor.default\">\n\t\t\t\t<div class=\"elementor-widget-container\">\n\t\t\t\t\t\t\t\t\t<p><strong>On a day-to-day basis, your business is exposed to many unforeseen events. Help us protect you.<\/strong><\/p><p style=\"text-align: justify;\"><strong>I'm sure you can.<\/strong><\/p>\t\t\t\t\t\t\t\t<\/div>\n\t\t\t\t<\/div>\n\t\t\t\t<section class=\"elementor-section elementor-inner-section elementor-element elementor-element-4a469be elementor-section-boxed elementor-section-height-default elementor-section-height-default\" data-id=\"4a469be\" data-element_type=\"section\" data-e-type=\"section\">\n\t\t\t\t\t\t<div class=\"elementor-container elementor-column-gap-default\">\n\t\t\t\t\t<div class=\"elementor-column elementor-col-25 elementor-inner-column elementor-element elementor-element-cbf1575\" data-id=\"cbf1575\" data-element_type=\"column\" data-e-type=\"column\">\n\t\t\t<div class=\"elementor-widget-wrap\">\n\t\t\t\t\t\t\t<\/div>\n\t\t<\/div>\n\t\t\t\t<div class=\"elementor-column elementor-col-25 elementor-inner-column elementor-element elementor-element-b19d619\" data-id=\"b19d619\" data-element_type=\"column\" data-e-type=\"column\">\n\t\t\t<div class=\"elementor-widget-wrap elementor-element-populated\">\n\t\t\t\t\t\t<div class=\"elementor-element elementor-element-cd567c5 elementor-animation-grow elementor-position-top layout-default elementor-vertical-align-top elementor-widget elementor-widget-image-box\" data-id=\"cd567c5\" data-element_type=\"widget\" data-e-type=\"widget\" data-widget_type=\"image-box.default\">\n\t\t\t\t<div class=\"elementor-widget-container\">\n\t\t\t\t\t<div class=\"elementor-image-box-wrapper\"><div class=\"elementor-image-framed\"><figure class=\"elementor-image-box-img elementor-icon\"><svg id=\"Capa_1\" data-name=\"Capa 1\" xmlns=\"http:\/\/www.w3.org\/2000\/svg\" viewbox=\"0 0 512 512\"><defs><style>.cls-1{fill:#013448;}<\/style><\/defs><title>Icons<\/title><path class=\"cls-1\" d=\"M392.78,373a9.06,9.06,0,0,0-12.6,2.29,102.5,102.5,0,0,1-9.3,11.51,108.36,108.36,0,0,1-8.86,8.33,9.06,9.06,0,0,0,11.74,13.79,127,127,0,0,0,10.37-9.76,120.66,120.66,0,0,0,10.94-13.56A9,9,0,0,0,392.78,373Z\"\/><path class=\"cls-1\" d=\"M341.29,409.28l-.29.12a9.06,9.06,0,0,0,3.66,17.35,8.91,8.91,0,0,0,3.65-.78c.23-.09.44-.19.66-.3a9.05,9.05,0,1,0-7.68-16.39Z\"\/><path class=\"cls-1\" d=\"M460.78,47.71H51.22A27.09,27.09,0,0,0,24.16,74.76v253.8a27.09,27.09,0,0,0,27.06,27.06H241.93a151.33,151.33,0,0,0,42.34,73.95c23.32,22.66,50.06,34.72,60.39,34.72s37.06-12.06,60.39-34.72a151.41,151.41,0,0,0,42.34-73.95h13.39a27.09,27.09,0,0,0,27.06-27.05V74.76A27.09,27.09,0,0,0,460.78,47.71ZM42.27,120.16H469.73v36.22H42.27Zm8.95-54.34H460.78a9,9,0,0,1,9,8.94v27.29H42.27V74.76A9,9,0,0,1,51.22,65.82ZM393,416c-21.92,21.53-44.4,29.9-48.34,30.16-3.94-.26-26.42-8.63-48.34-30.16-18.48-18.15-40.5-49.8-40.5-97.52V273.91a405.34,405.34,0,0,0,88.84-37.58A418.91,418.91,0,0,0,433.5,273.9v44.6C433.5,366.22,411.48,397.87,393,416Zm67.78-78.51H450.54a168.08,168.08,0,0,0,1.07-19V267a9,9,0,0,0-6.68-8.74,399.83,399.83,0,0,1-95.7-40.24,9.08,9.08,0,0,0-9.15,0,388.5,388.5,0,0,1-95.69,40.24A9.05,9.05,0,0,0,237.7,267V318.5a165.73,165.73,0,0,0,1.08,19H51.22a9,9,0,0,1-8.95-8.95V174.49H469.73V328.56A9,9,0,0,1,460.78,337.51Z\"\/><path class=\"cls-1\" d=\"M132.83,237.89A40.69,40.69,0,0,0,117,241.1a40.75,40.75,0,1,0,0,75.09,40.75,40.75,0,1,0,15.84-78.3ZM78.5,278.64a22.64,22.64,0,1,1,22.64,22.64A22.67,22.67,0,0,1,78.5,278.64Zm56.58,22.53a40.67,40.67,0,0,0,0-45.06,22.64,22.64,0,0,1,0,45.06Z\"\/><path class=\"cls-1\" d=\"M69.44,215.25H116a9.06,9.06,0,1,0,0-18.11H69.44a9.06,9.06,0,0,0,0,18.11Z\"\/><path class=\"cls-1\" d=\"M142.36,215.25h.43a9.06,9.06,0,1,0,0-18.11h-.43a9.06,9.06,0,0,0,0,18.11Z\"\/><path class=\"cls-1\" d=\"M381.56,297.68l-48.43,48.43-25.38-25.38a9.05,9.05,0,0,0-12.8,12.8l31.78,31.79a9.07,9.07,0,0,0,12.81,0l54.83-54.83a9.06,9.06,0,0,0-12.81-12.81Z\"\/><\/svg><\/figure><\/div><div class=\"elementor-image-box-content\"><h3 class=\"elementor-image-box-title\">Credit<\/h3><\/div><\/div>\t\t\t\t<\/div>\n\t\t\t\t<\/div>\n\t\t\t\t\t<\/div>\n\t\t<\/div>\n\t\t\t\t<div class=\"elementor-column elementor-col-25 elementor-inner-column elementor-element elementor-element-71e45ec\" data-id=\"71e45ec\" data-element_type=\"column\" data-e-type=\"column\">\n\t\t\t<div class=\"elementor-widget-wrap elementor-element-populated\">\n\t\t\t\t\t\t<div class=\"elementor-element elementor-element-05d05ed elementor-animation-grow elementor-position-top layout-default elementor-vertical-align-top elementor-widget elementor-widget-image-box\" data-id=\"05d05ed\" data-element_type=\"widget\" data-e-type=\"widget\" data-widget_type=\"image-box.default\">\n\t\t\t\t<div class=\"elementor-widget-container\">\n\t\t\t\t\t<div class=\"elementor-image-box-wrapper\"><div class=\"elementor-image-framed\"><figure class=\"elementor-image-box-img elementor-icon\"><svg id=\"Capa_1\" data-name=\"Capa 1\" xmlns=\"http:\/\/www.w3.org\/2000\/svg\" viewbox=\"0 0 512 512\"><defs><style>.cls-1{fill:#013448;}<\/style><\/defs><title>Icons<\/title><path class=\"cls-1\" d=\"M234.11,357a9.11,9.11,0,0,0-11.57-5.21c-11.66,4.49-24.76,2.6-34-6.36h28.87a9,9,0,0,0,0-17.94H178.23a38.13,38.13,0,0,1-.71-5.38H222a9,9,0,0,0,0-17.94H182c1.44-1.79,3.14-4.57,5.2-6.63a33.06,33.06,0,0,1,35.34-7.36A8.94,8.94,0,1,0,229,273.49a51.09,51.09,0,0,0-66.09,29.15c-.18.54-.36,1-.54,1.52h-5.74a9,9,0,0,0,0,17.94h3a36.16,36.16,0,0,0,.45,5.38h-3.41a9,9,0,1,0,0,17.94H166A43.74,43.74,0,0,0,174.56,357,50.9,50.9,0,0,0,229,368.64,8.89,8.89,0,0,0,234.11,357Z\"\/><path class=\"cls-1\" d=\"M465.55,75.35H364.39V53.68A21.71,21.71,0,0,0,342.71,32h-289A21.71,21.71,0,0,0,32,53.68V429.42a21.64,21.64,0,0,0,15.81,20.77l4.72,18.86a14.41,14.41,0,0,0,14,10.95H329.84a14.42,14.42,0,0,0,14-10.95l4.72-18.86a21.64,21.64,0,0,0,15.81-20.77V407.74H465.55A14.46,14.46,0,0,0,480,393.29V89.81A14.47,14.47,0,0,0,465.55,75.35Zm-274.34.16c25.31,1.08,38.24,7.53,43,10.58a64.21,64.21,0,0,1-10.72,32.19l-.28.43H202.72A115.63,115.63,0,0,1,191.21,75.51ZM256,147.61H176.52v14.45H256a7.23,7.23,0,1,1,0,14.46H176.52V191H256a7.23,7.23,0,1,1,0,14.45H176.52v14.45h65a7.23,7.23,0,0,1,0,14.45h-83.3a130.4,130.4,0,0,1-54-11.83V129.1a91.7,91.7,0,0,1,46.83-23.4l13.73,27.46H256a7.23,7.23,0,1,1,0,14.45ZM89.81,219.87H75.35V133.16H89.81Zm83.95-101.16L163.08,97.37a18.82,18.82,0,0,1,15.14-7.56h.15a130.51,130.51,0,0,0,8.44,28.9ZM149.88,91.25a106.38,106.38,0,0,0-55.77,27.46h-4.3V89.81h60.92C150.42,90.26,150.17,90.77,149.88,91.25Zm-89,128.62H46.45V133.16H60.9Zm28.91,14.45h5.55a144.73,144.73,0,0,0,48,13.64l-21.09,26.36a82.06,82.06,0,0,0,17.69,119H89.81Zm28.9,91.31a67.91,67.91,0,0,1,14.83-42.27l27.67-34.59h74l27.67,34.59A67.66,67.66,0,0,1,210,393.29H186.38A67.75,67.75,0,0,1,118.71,325.63Zm173.42,0a82.53,82.53,0,0,0-18-51.31l-22.52-28.14a21.43,21.43,0,0,0,10-27.15A21.48,21.48,0,0,0,272,183.74a21.33,21.33,0,0,0,0-28.9,21.58,21.58,0,0,0-16-36.13H240a78.45,78.45,0,0,0,8.46-28.9h58.17V393.29H256.44A82.05,82.05,0,0,0,292.13,325.63ZM321,89.81H436.65V393.29H321ZM53.68,46.45h289a7.23,7.23,0,0,1,7.23,7.23V75.35H244.14C238,70.78,220.46,60.9,183.74,60.9h-7.22v7.23c0,2.41.08,4.82.21,7.22H75.35v43.36H46.45v-65A7.23,7.23,0,0,1,53.68,46.45Zm12.86,419.1L62.93,451.1H333.45l-3.62,14.45Zm283.4-36.13a7.23,7.23,0,0,1-7.23,7.23h-289a7.23,7.23,0,0,1-7.23-7.23V234.32h28.9V407.74H349.94Zm115.61-36.13H451.1V89.81h14.45Z\"\/><\/svg><\/figure><\/div><div class=\"elementor-image-box-content\"><h3 class=\"elementor-image-box-title\">Security deposit<\/h3><\/div><\/div>\t\t\t\t<\/div>\n\t\t\t\t<\/div>\n\t\t\t\t\t<\/div>\n\t\t<\/div>\n\t\t\t\t<div class=\"elementor-column elementor-col-25 elementor-inner-column elementor-element elementor-element-23e7e98\" data-id=\"23e7e98\" data-element_type=\"column\" data-e-type=\"column\">\n\t\t\t<div class=\"elementor-widget-wrap\">\n\t\t\t\t\t\t\t<\/div>\n\t\t<\/div>\n\t\t\t\t\t<\/div>\n\t\t<\/section>\n\t\t\t\t<div class=\"elementor-element elementor-element-39929755 elementor-button-info elementor-align-center elementor-widget elementor-widget-button\" data-id=\"39929755\" data-element_type=\"widget\" data-e-type=\"widget\" data-widget_type=\"button.default\">\n\t\t\t\t<div class=\"elementor-widget-container\">\n\t\t\t\t\t\t\t\t\t<div class=\"elementor-button-wrapper\">\n\t\t\t\t\t<a class=\"elementor-button elementor-button-link elementor-size-md\" href=\"https:\/\/corbroker.pt\/en\/contact-companies\/\">\n\t\t\t\t\t\t<span class=\"elementor-button-content-wrapper\">\n\t\t\t\t\t\t<span class=\"elementor-button-icon\">\n\t\t\t\t<i aria-hidden=\"true\" class=\"fas fa-envelope\"><\/i>\t\t\t<\/span>\n\t\t\t\t\t\t\t\t\t<span class=\"elementor-button-text\">Companies<\/span>\n\t\t\t\t\t<\/span>\n\t\t\t\t\t<\/a>\n\t\t\t\t<\/div>\n\t\t\t\t\t\t\t\t<\/div>\n\t\t\t\t<\/div>\n\t\t\t\t\t<\/div>\n\t\t<\/div>\n\t\t\t\t\t<\/div>\n\t\t<\/div>\n\t\t\t\t<\/div>","protected":false},"excerpt":{"rendered":"<p>Credit and collateral Your company is your investment. In an increasingly globalised market and with the entry into new geographies, commercial relations with new business partners and clients, your company is at greater risk of non-payment or even delayed sales. Corbroker has comprehensive solutions through the insurance of<\/p>","protected":false},"author":2,"featured_media":0,"parent":3562,"menu_order":0,"comment_status":"closed","ping_status":"closed","template":"","meta":{"_monsterinsights_skip_tracking":false,"_monsterinsights_sitenote_active":false,"_monsterinsights_sitenote_note":"","_monsterinsights_sitenote_category":0,"footnotes":""},"class_list":["post-2303","page","type-page","status-publish","hentry"],"yoast_head":"<!-- This site is optimized with the Yoast SEO plugin v27.6 - https:\/\/yoast.com\/product\/yoast-seo-wordpress\/ -->\n<title>Cr\u00e9dito e cau\u00e7\u00e3o - Corbroker<\/title>\n<meta name=\"description\" content=\"A Corbroker tem solu\u00e7\u00f5es atrav\u00e9s do seguro de cr\u00e9dito e cau\u00e7\u00e3o que protege o seu neg\u00f3cio. A sua empresa \u00e9 o seu investimento.\" \/>\n<meta name=\"robots\" content=\"index, follow, max-snippet:-1, max-image-preview:large, max-video-preview:-1\" \/>\n<link rel=\"canonical\" href=\"https:\/\/corbroker.pt\/en\/companies\/credit-and-bond\/\" \/>\n<meta property=\"og:locale\" content=\"en_GB\" \/>\n<meta property=\"og:type\" content=\"article\" \/>\n<meta property=\"og:title\" content=\"Cr\u00e9dito e cau\u00e7\u00e3o - Corbroker\" \/>\n<meta property=\"og:description\" content=\"A Corbroker tem solu\u00e7\u00f5es atrav\u00e9s do seguro de cr\u00e9dito e cau\u00e7\u00e3o que protege o seu neg\u00f3cio. A sua empresa \u00e9 o seu investimento.\" \/>\n<meta property=\"og:url\" content=\"https:\/\/corbroker.pt\/en\/companies\/credit-and-bond\/\" \/>\n<meta property=\"og:site_name\" content=\"Corbroker\" \/>\n<meta property=\"article:publisher\" content=\"https:\/\/www.facebook.com\/pages\/category\/Insurance-Agent\/Corbroker-SA-179804545370152\/\" \/>\n<meta property=\"article:modified_time\" content=\"2022-08-13T11:55:44+00:00\" \/>\n<meta name=\"twitter:card\" content=\"summary_large_image\" \/>\n<meta name=\"twitter:label1\" content=\"Estimated reading time\" \/>\n\t<meta name=\"twitter:data1\" content=\"1 minute\" \/>\n<script type=\"application\/ld+json\" class=\"yoast-schema-graph\">{\"@context\":\"https:\\\/\\\/schema.org\",\"@graph\":[{\"@type\":\"WebPage\",\"@id\":\"https:\\\/\\\/corbroker.pt\\\/empresas\\\/credito-e-caucao\\\/\",\"url\":\"https:\\\/\\\/corbroker.pt\\\/empresas\\\/credito-e-caucao\\\/\",\"name\":\"Cr\u00e9dito e cau\u00e7\u00e3o - Corbroker\",\"isPartOf\":{\"@id\":\"https:\\\/\\\/corbroker.pt\\\/#website\"},\"datePublished\":\"2020-04-28T11:15:02+00:00\",\"dateModified\":\"2022-08-13T11:55:44+00:00\",\"description\":\"A Corbroker tem solu\u00e7\u00f5es atrav\u00e9s do seguro de cr\u00e9dito e cau\u00e7\u00e3o que protege o seu neg\u00f3cio. A sua empresa \u00e9 o seu investimento.\",\"breadcrumb\":{\"@id\":\"https:\\\/\\\/corbroker.pt\\\/empresas\\\/credito-e-caucao\\\/#breadcrumb\"},\"inLanguage\":\"en-GB\",\"potentialAction\":[{\"@type\":\"ReadAction\",\"target\":[\"https:\\\/\\\/corbroker.pt\\\/empresas\\\/credito-e-caucao\\\/\"]}]},{\"@type\":\"BreadcrumbList\",\"@id\":\"https:\\\/\\\/corbroker.pt\\\/empresas\\\/credito-e-caucao\\\/#breadcrumb\",\"itemListElement\":[{\"@type\":\"ListItem\",\"position\":1,\"name\":\"In\u00edcio\",\"item\":\"https:\\\/\\\/corbroker.pt\\\/\"},{\"@type\":\"ListItem\",\"position\":2,\"name\":\"Empresas\",\"item\":\"https:\\\/\\\/corbroker.pt\\\/empresas\\\/\"},{\"@type\":\"ListItem\",\"position\":3,\"name\":\"Cr\u00e9dito e cau\u00e7\u00e3o\"}]},{\"@type\":\"WebSite\",\"@id\":\"https:\\\/\\\/corbroker.pt\\\/#website\",\"url\":\"https:\\\/\\\/corbroker.pt\\\/\",\"name\":\"Corbroker - corretores de seguros\",\"description\":\"Corretor de Seguros\",\"publisher\":{\"@id\":\"https:\\\/\\\/corbroker.pt\\\/#organization\"},\"potentialAction\":[{\"@type\":\"SearchAction\",\"target\":{\"@type\":\"EntryPoint\",\"urlTemplate\":\"https:\\\/\\\/corbroker.pt\\\/?s={search_term_string}\"},\"query-input\":{\"@type\":\"PropertyValueSpecification\",\"valueRequired\":true,\"valueName\":\"search_term_string\"}}],\"inLanguage\":\"en-GB\"},{\"@type\":\"Organization\",\"@id\":\"https:\\\/\\\/corbroker.pt\\\/#organization\",\"name\":\"Corbroker S.A.\",\"url\":\"https:\\\/\\\/corbroker.pt\\\/\",\"logo\":{\"@type\":\"ImageObject\",\"inLanguage\":\"en-GB\",\"@id\":\"https:\\\/\\\/corbroker.pt\\\/#\\\/schema\\\/logo\\\/image\\\/\",\"url\":\"https:\\\/\\\/corbroker.pt\\\/wp-content\\\/uploads\\\/2020\\\/04\\\/Corbroker-Logotipo-copy-e1588262618382.png\",\"contentUrl\":\"https:\\\/\\\/corbroker.pt\\\/wp-content\\\/uploads\\\/2020\\\/04\\\/Corbroker-Logotipo-copy-e1588262618382.png\",\"width\":300,\"height\":79,\"caption\":\"Corbroker S.A.\"},\"image\":{\"@id\":\"https:\\\/\\\/corbroker.pt\\\/#\\\/schema\\\/logo\\\/image\\\/\"},\"sameAs\":[\"https:\\\/\\\/www.facebook.com\\\/pages\\\/category\\\/Insurance-Agent\\\/Corbroker-SA-179804545370152\\\/\",\"https:\\\/\\\/www.linkedin.com\\\/company\\\/corbroker--corretores-de-seguros-sa.\\\/\"]}]}<\/script>\n<!-- \/ Yoast SEO plugin. -->","yoast_head_json":{"title":"Credit and security - Corbroker","description":"Corbroker has solutions through credit and bond insurance that protects your business. Your company is your investment.","robots":{"index":"index","follow":"follow","max-snippet":"max-snippet:-1","max-image-preview":"max-image-preview:large","max-video-preview":"max-video-preview:-1"},"canonical":"https:\/\/corbroker.pt\/en\/companies\/credit-and-bond\/","og_locale":"en_GB","og_type":"article","og_title":"Cr\u00e9dito e cau\u00e7\u00e3o - Corbroker","og_description":"A Corbroker tem solu\u00e7\u00f5es atrav\u00e9s do seguro de cr\u00e9dito e cau\u00e7\u00e3o que protege o seu neg\u00f3cio. A sua empresa \u00e9 o seu investimento.","og_url":"https:\/\/corbroker.pt\/en\/companies\/credit-and-bond\/","og_site_name":"Corbroker","article_publisher":"https:\/\/www.facebook.com\/pages\/category\/Insurance-Agent\/Corbroker-SA-179804545370152\/","article_modified_time":"2022-08-13T11:55:44+00:00","twitter_card":"summary_large_image","twitter_misc":{"Estimated reading time":"1 minute"},"schema":{"@context":"https:\/\/schema.org","@graph":[{"@type":"WebPage","@id":"https:\/\/corbroker.pt\/empresas\/credito-e-caucao\/","url":"https:\/\/corbroker.pt\/empresas\/credito-e-caucao\/","name":"Credit and security - Corbroker","isPartOf":{"@id":"https:\/\/corbroker.pt\/#website"},"datePublished":"2020-04-28T11:15:02+00:00","dateModified":"2022-08-13T11:55:44+00:00","description":"Corbroker has solutions through credit and bond insurance that protects your business. Your company is your investment.","breadcrumb":{"@id":"https:\/\/corbroker.pt\/empresas\/credito-e-caucao\/#breadcrumb"},"inLanguage":"en-GB","potentialAction":[{"@type":"ReadAction","target":["https:\/\/corbroker.pt\/empresas\/credito-e-caucao\/"]}]},{"@type":"BreadcrumbList","@id":"https:\/\/corbroker.pt\/empresas\/credito-e-caucao\/#breadcrumb","itemListElement":[{"@type":"ListItem","position":1,"name":"In\u00edcio","item":"https:\/\/corbroker.pt\/"},{"@type":"ListItem","position":2,"name":"Empresas","item":"https:\/\/corbroker.pt\/empresas\/"},{"@type":"ListItem","position":3,"name":"Cr\u00e9dito e cau\u00e7\u00e3o"}]},{"@type":"WebSite","@id":"https:\/\/corbroker.pt\/#website","url":"https:\/\/corbroker.pt\/","name":"Corbroker - insurance brokers","description":"Insurance Broker","publisher":{"@id":"https:\/\/corbroker.pt\/#organization"},"potentialAction":[{"@type":"SearchAction","target":{"@type":"EntryPoint","urlTemplate":"https:\/\/corbroker.pt\/?s={search_term_string}"},"query-input":{"@type":"PropertyValueSpecification","valueRequired":true,"valueName":"search_term_string"}}],"inLanguage":"en-GB"},{"@type":"Organization","@id":"https:\/\/corbroker.pt\/#organization","name":"Corbroker S.A.","url":"https:\/\/corbroker.pt\/","logo":{"@type":"ImageObject","inLanguage":"en-GB","@id":"https:\/\/corbroker.pt\/#\/schema\/logo\/image\/","url":"https:\/\/corbroker.pt\/wp-content\/uploads\/2020\/04\/Corbroker-Logotipo-copy-e1588262618382.png","contentUrl":"https:\/\/corbroker.pt\/wp-content\/uploads\/2020\/04\/Corbroker-Logotipo-copy-e1588262618382.png","width":300,"height":79,"caption":"Corbroker S.A."},"image":{"@id":"https:\/\/corbroker.pt\/#\/schema\/logo\/image\/"},"sameAs":["https:\/\/www.facebook.com\/pages\/category\/Insurance-Agent\/Corbroker-SA-179804545370152\/","https:\/\/www.linkedin.com\/company\/corbroker--corretores-de-seguros-sa.\/"]}]}},"_links":{"self":[{"href":"https:\/\/corbroker.pt\/en\/wp-json\/wp\/v2\/pages\/2303","targetHints":{"allow":["GET"]}}],"collection":[{"href":"https:\/\/corbroker.pt\/en\/wp-json\/wp\/v2\/pages"}],"about":[{"href":"https:\/\/corbroker.pt\/en\/wp-json\/wp\/v2\/types\/page"}],"author":[{"embeddable":true,"href":"https:\/\/corbroker.pt\/en\/wp-json\/wp\/v2\/users\/2"}],"replies":[{"embeddable":true,"href":"https:\/\/corbroker.pt\/en\/wp-json\/wp\/v2\/comments?post=2303"}],"version-history":[{"count":1,"href":"https:\/\/corbroker.pt\/en\/wp-json\/wp\/v2\/pages\/2303\/revisions"}],"predecessor-version":[{"id":4278,"href":"https:\/\/corbroker.pt\/en\/wp-json\/wp\/v2\/pages\/2303\/revisions\/4278"}],"up":[{"embeddable":true,"href":"https:\/\/corbroker.pt\/en\/wp-json\/wp\/v2\/pages\/3562"}],"wp:attachment":[{"href":"https:\/\/corbroker.pt\/en\/wp-json\/wp\/v2\/media?parent=2303"}],"curies":[{"name":"wp","href":"https:\/\/api.w.org\/{rel}","templated":true}]}}