{"id":2433,"date":"2020-04-30T14:21:23","date_gmt":"2020-04-30T14:21:23","guid":{"rendered":"https:\/\/corbroker.pt\/?page_id=2433"},"modified":"2022-08-13T18:27:01","modified_gmt":"2022-08-13T18:27:01","slug":"complaints-2","status":"publish","type":"page","link":"https:\/\/corbroker.pt\/en\/reclamacoes\/","title":{"rendered":"Complaints"},"content":{"rendered":"<div data-elementor-type=\"wp-page\" data-elementor-id=\"2433\" class=\"elementor elementor-2433\">\n\t\t\t\t\t\t<div class=\"elementor-section elementor-top-section elementor-element elementor-element-69b42baa elementor-section-stretched elementor-section-content-middle elementor-section-boxed elementor-section-height-default elementor-section-height-default\" data-id=\"69b42baa\" data-element_type=\"section\" data-e-type=\"section\" data-settings=\"{&quot;stretch_section&quot;:&quot;section-stretched&quot;}\">\n\t\t\t\t\t\t<div class=\"elementor-container elementor-column-gap-no\">\n\t\t\t\t\t<div class=\"elementor-column elementor-col-100 elementor-top-column elementor-element elementor-element-3787df13 elementor-invisible\" data-id=\"3787df13\" data-element_type=\"column\" data-e-type=\"column\" data-settings=\"{&quot;background_background&quot;:&quot;classic&quot;,&quot;animation&quot;:&quot;fadeInLeft&quot;}\">\n\t\t\t<div class=\"elementor-widget-wrap elementor-element-populated\">\n\t\t\t\t\t\t<div class=\"elementor-element elementor-element-33a16480 elementor-widget elementor-widget-heading\" data-id=\"33a16480\" data-element_type=\"widget\" data-e-type=\"widget\" data-widget_type=\"heading.default\">\n\t\t\t\t<div class=\"elementor-widget-container\">\n\t\t\t\t\t<h1 class=\"elementor-heading-title elementor-size-default\">General information on complaints management at Corbroker - Corretores de Seguros, S.A.<\/h1>\t\t\t\t<\/div>\n\t\t\t\t<\/div>\n\t\t\t\t<div class=\"elementor-element elementor-element-47169c71 elementor-widget elementor-widget-heading\" data-id=\"47169c71\" data-element_type=\"widget\" data-e-type=\"widget\" data-widget_type=\"heading.default\">\n\t\t\t\t<div class=\"elementor-widget-container\">\n\t\t\t\t\t<h2 class=\"elementor-heading-title elementor-size-default\">General concepts<\/h2>\t\t\t\t<\/div>\n\t\t\t\t<\/div>\n\t\t\t\t<div class=\"elementor-element elementor-element-2d4ab4a7 elementor-widget elementor-widget-text-editor\" data-id=\"2d4ab4a7\" data-element_type=\"widget\" data-e-type=\"widget\" data-widget_type=\"text-editor.default\">\n\t\t\t\t<div class=\"elementor-widget-container\">\n\t\t\t\t\t\t\t\t\t<ol><li style=\"text-align: justify;\">Policyholders, insured persons, beneficiaries or injured third parties may submit complaints to Corbroker - Corretores de Seguros, S.A., hereinafter Corbroker, under the terms set out below. <strong>Complaints Management Policy<\/strong>;<\/li><li style=\"text-align: justify;\">Under the terms of the laws and regulations in force, a complaint is any expression of disagreement with the position taken or of dissatisfaction with the services provided by the company, as well as any allegation of possible non-compliance, presented by policyholders, insured persons, beneficiaries or injured third parties.<\/li><\/ol><p style=\"text-align: justify;\">Claims that are part of the contract negotiation process, communications inherent to the claims settlement process and any requests for information or clarification are not considered complaints.<\/p>\t\t\t\t\t\t\t\t<\/div>\n\t\t\t\t<\/div>\n\t\t\t\t<div class=\"elementor-element elementor-element-ac1aade elementor-widget elementor-widget-heading\" data-id=\"ac1aade\" data-element_type=\"widget\" data-e-type=\"widget\" data-widget_type=\"heading.default\">\n\t\t\t\t<div class=\"elementor-widget-container\">\n\t\t\t\t\t<h2 class=\"elementor-heading-title elementor-size-default\">Complaints addressed to Corbroker (*)<\/h2>\t\t\t\t<\/div>\n\t\t\t\t<\/div>\n\t\t\t\t<div class=\"elementor-element elementor-element-257ae54 elementor-widget elementor-widget-text-editor\" data-id=\"257ae54\" data-element_type=\"widget\" data-e-type=\"widget\" data-widget_type=\"text-editor.default\">\n\t\t\t\t<div class=\"elementor-widget-container\">\n\t\t\t\t\t\t\t\t\t<ol><li><strong>How to complain<br \/><\/strong>a) By <strong>e-mail<\/strong>to the e-mail address <a href=\"mailto:seguros@corbroker.pt\">reclamacao@corbroker.pt<\/a>;<br \/>b) By <strong>letter<\/strong>, addressed to:<br \/><p style=\"text-align: justify;\">Ana Clara Gouveia<br \/>Av. 5 de Outubro 17, 2\u00ba<br \/>1050-047 Lisbon<\/p><p style=\"text-align: justify;\">c) By <strong>fax<\/strong>, for the number 213245149;<br \/>d) By filling in <strong>complaint sheet from the relevant book<\/strong>, available at all Corbroker branches;<br \/>e) Complaints can also be submitted to <a href=\"https:\/\/www.livroreclamacoes.pt\/inicio\" data-wplink-edit=\"true\">\"electronic complaints book\"<\/a>using the link: <a href=\"https:\/\/www.livroreclamacoes.pt\/inicio\" target=\"_blank\" rel=\"noopener\">www.livroreclamacoes.pt<\/a><\/p><\/li><\/ol>\t\t\t\t\t\t\t\t<\/div>\n\t\t\t\t<\/div>\n\t\t\t\t<div class=\"elementor-element elementor-element-532b254 elementor-widget elementor-widget-image\" data-id=\"532b254\" data-element_type=\"widget\" data-e-type=\"widget\" data-widget_type=\"image.default\">\n\t\t\t\t<div class=\"elementor-widget-container\">\n\t\t\t\t\t\t\t\t\t\t\t\t\t\t\t\t<a href=\"https:\/\/www.livroreclamacoes.pt\/inicio\">\n\t\t\t\t\t\t\t<img decoding=\"async\" width=\"300\" height=\"161\" src=\"https:\/\/corbroker.pt\/wp-content\/uploads\/2020\/05\/Livro-de-Reclamac\u0327o\u0303es-Eletro\u0301nico-300x161.png\" class=\"attachment-medium size-medium wp-image-2818\" alt=\"Electronic Complaints Book\" srcset=\"https:\/\/corbroker.pt\/wp-content\/uploads\/2020\/05\/Livro-de-Reclamac\u0327o\u0303es-Eletro\u0301nico-300x161.png 300w, https:\/\/corbroker.pt\/wp-content\/uploads\/2020\/05\/Livro-de-Reclamac\u0327o\u0303es-Eletro\u0301nico-1024x550.png 1024w, https:\/\/corbroker.pt\/wp-content\/uploads\/2020\/05\/Livro-de-Reclamac\u0327o\u0303es-Eletro\u0301nico-768x412.png 768w, https:\/\/corbroker.pt\/wp-content\/uploads\/2020\/05\/Livro-de-Reclamac\u0327o\u0303es-Eletro\u0301nico-1536x825.png 1536w, https:\/\/corbroker.pt\/wp-content\/uploads\/2020\/05\/Livro-de-Reclamac\u0327o\u0303es-Eletro\u0301nico.png 1920w\" sizes=\"(max-width: 300px) 100vw, 300px\" \/>\t\t\t\t\t\t\t\t<\/a>\n\t\t\t\t\t\t\t\t\t\t\t\t\t\t\t<\/div>\n\t\t\t\t<\/div>\n\t\t\t\t<div class=\"elementor-element elementor-element-8c8b290 elementor-widget elementor-widget-text-editor\" data-id=\"8c8b290\" data-element_type=\"widget\" data-e-type=\"widget\" data-widget_type=\"text-editor.default\">\n\t\t\t\t<div class=\"elementor-widget-container\">\n\t\t\t\t\t\t\t\t\t<ol start=\"2\"><li><strong>Minimum claim requirements<br \/><\/strong>a) Written presentation;<br \/>b) Full name of the complainant and, if applicable, the person representing them;<br \/>c) Quality of the claimant, namely the policyholder, insured person, beneficiary or injured third party or the person representing them;<br \/>d) Contact details of the complainant and, if applicable, the person representing them;<br \/>e) Number of the claimant's identification document;<br \/>f) A description of the facts that gave rise to the complaint, identifying those involved and the date on which the facts occurred, unless this is manifestly impossible;<br \/>g) Date and place of the complaint.<\/li><\/ol>\t\t\t\t\t\t\t\t<\/div>\n\t\t\t\t<\/div>\n\t\t\t\t<div class=\"elementor-element elementor-element-5f3c1d8 elementor-widget elementor-widget-text-editor\" data-id=\"5f3c1d8\" data-element_type=\"widget\" data-e-type=\"widget\" data-widget_type=\"text-editor.default\">\n\t\t\t\t<div class=\"elementor-widget-container\">\n\t\t\t\t\t\t\t\t\t<ol start=\"3\"><li style=\"text-align: justify;\">The complaint, which will be acknowledged within 10 days, will receive a written response within a maximum of 20 days from receipt of the complaint, complying with the minimum requirements indicated in the previous point. This response period may be extended to 30 days in particularly complex cases.<\/li><\/ol>\t\t\t\t\t\t\t\t<\/div>\n\t\t\t\t<\/div>\n\t\t\t\t<div class=\"elementor-element elementor-element-f03c9a2 elementor-widget elementor-widget-heading\" data-id=\"f03c9a2\" data-element_type=\"widget\" data-e-type=\"widget\" data-widget_type=\"heading.default\">\n\t\t\t\t<div class=\"elementor-widget-container\">\n\t\t\t\t\t<h2 class=\"elementor-heading-title elementor-size-default\">Other organisations to which complaints can be addressed <\/h2>\t\t\t\t<\/div>\n\t\t\t\t<\/div>\n\t\t\t\t<div class=\"elementor-element elementor-element-a793158 elementor-widget elementor-widget-text-editor\" data-id=\"a793158\" data-element_type=\"widget\" data-e-type=\"widget\" data-widget_type=\"text-editor.default\">\n\t\t\t\t<div class=\"elementor-widget-container\">\n\t\t\t\t\t\t\t\t\t<p style=\"text-align: justify;\">Insurance and Pension Funds Supervisory Authority (ASF)<\/p><p style=\"text-align: justify;\">Avenida da Rep\u00fablica, 76<br \/>1600-205 Lisbon<\/p><p style=\"text-align: justify;\"><sup>*\u00a0<\/sup>Corbroker reserves the right not to admit the complaint, under the terms of the regulations in force, whenever:<\/p><p style=\"text-align: justify;\">(i) Essential data is omitted that makes the respective management unfeasible and has not been duly corrected;<\/p><p style=\"text-align: justify;\">(ii) If you intend to submit a claim regarding a matter that falls within the competence of arbitration or judicial bodies or when the matter that is the subject of the claim has already been resolved by those bodies;<\/p><p style=\"text-align: justify;\">(iii) The complaint reiterates a previous complaint submitted by the same complainant in relation to the same matter and which has already been answered, unless it contains new facts;<\/p><p style=\"text-align: justify;\">(iv) The complaint has not been submitted in good faith or its content is categorised as vexatious.<\/p>\t\t\t\t\t\t\t\t<\/div>\n\t\t\t\t<\/div>\n\t\t\t\t\t<\/div>\n\t\t<\/div>\n\t\t\t\t\t<\/div>\n\t\t<\/div>\n\t\t\t\t<\/div>","protected":false},"excerpt":{"rendered":"<p>General information on complaints management at Corbroker - Corretores de Seguros, S.A. General concepts Policyholders, insured persons, beneficiaries or injured third parties may submit complaints to Corbroker - Corretores de Seguros, S.A., hereinafter Corbroker, under the terms set out below, which has a Complaints Management Policy for this purpose.<\/p>","protected":false},"author":2,"featured_media":0,"parent":0,"menu_order":0,"comment_status":"closed","ping_status":"closed","template":"","meta":{"_monsterinsights_skip_tracking":false,"_monsterinsights_sitenote_active":false,"_monsterinsights_sitenote_note":"","_monsterinsights_sitenote_category":0,"footnotes":""},"class_list":["post-2433","page","type-page","status-publish","hentry"],"yoast_head":"<!-- This site is optimized with the Yoast SEO plugin v27.6 - https:\/\/yoast.com\/product\/yoast-seo-wordpress\/ -->\n<title>Reclama\u00e7\u00f5es - Corbroker<\/title>\n<meta name=\"robots\" content=\"index, follow, max-snippet:-1, max-image-preview:large, max-video-preview:-1\" \/>\n<link rel=\"canonical\" href=\"https:\/\/corbroker.pt\/en\/complaints-2\/\" \/>\n<meta property=\"og:locale\" content=\"en_GB\" \/>\n<meta property=\"og:type\" content=\"article\" \/>\n<meta property=\"og:title\" content=\"Reclama\u00e7\u00f5es - Corbroker\" \/>\n<meta property=\"og:description\" content=\"Informa\u00e7\u00e3o geral relativa \u00e0 gest\u00e3o de reclama\u00e7\u00f5es da Corbroker \u2013 Corretores de Seguros, S.A. Conceitos gerais Os tomadores de seguros, segurados, benefici\u00e1rios ou terceiros lesados podem apresentar, nos termos abaixo indicados, reclama\u00e7\u00f5es relativas \u00e0 Corbroker \u2013 Corretores de Seguros, S.A., doravante Corbroker, que, para o efeito, disp\u00f5e de uma Pol\u00edtica de Gest\u00e3o de Reclama\u00e7\u00f5es; Nos\" \/>\n<meta property=\"og:url\" content=\"https:\/\/corbroker.pt\/en\/complaints-2\/\" \/>\n<meta property=\"og:site_name\" content=\"Corbroker\" \/>\n<meta property=\"article:publisher\" content=\"https:\/\/www.facebook.com\/pages\/category\/Insurance-Agent\/Corbroker-SA-179804545370152\/\" \/>\n<meta property=\"article:modified_time\" content=\"2022-08-13T18:27:01+00:00\" \/>\n<meta name=\"twitter:card\" content=\"summary_large_image\" \/>\n<meta name=\"twitter:label1\" content=\"Estimated reading time\" \/>\n\t<meta name=\"twitter:data1\" content=\"3 minutes\" \/>\n<script type=\"application\/ld+json\" class=\"yoast-schema-graph\">{\"@context\":\"https:\\\/\\\/schema.org\",\"@graph\":[{\"@type\":\"WebPage\",\"@id\":\"https:\\\/\\\/corbroker.pt\\\/reclamacoes\\\/\",\"url\":\"https:\\\/\\\/corbroker.pt\\\/reclamacoes\\\/\",\"name\":\"Reclama\u00e7\u00f5es - Corbroker\",\"isPartOf\":{\"@id\":\"https:\\\/\\\/corbroker.pt\\\/#website\"},\"datePublished\":\"2020-04-30T14:21:23+00:00\",\"dateModified\":\"2022-08-13T18:27:01+00:00\",\"breadcrumb\":{\"@id\":\"https:\\\/\\\/corbroker.pt\\\/reclamacoes\\\/#breadcrumb\"},\"inLanguage\":\"en-GB\",\"potentialAction\":[{\"@type\":\"ReadAction\",\"target\":[\"https:\\\/\\\/corbroker.pt\\\/reclamacoes\\\/\"]}]},{\"@type\":\"BreadcrumbList\",\"@id\":\"https:\\\/\\\/corbroker.pt\\\/reclamacoes\\\/#breadcrumb\",\"itemListElement\":[{\"@type\":\"ListItem\",\"position\":1,\"name\":\"In\u00edcio\",\"item\":\"https:\\\/\\\/corbroker.pt\\\/\"},{\"@type\":\"ListItem\",\"position\":2,\"name\":\"Reclama\u00e7\u00f5es\"}]},{\"@type\":\"WebSite\",\"@id\":\"https:\\\/\\\/corbroker.pt\\\/#website\",\"url\":\"https:\\\/\\\/corbroker.pt\\\/\",\"name\":\"Corbroker - corretores de seguros\",\"description\":\"Corretor de Seguros\",\"publisher\":{\"@id\":\"https:\\\/\\\/corbroker.pt\\\/#organization\"},\"potentialAction\":[{\"@type\":\"SearchAction\",\"target\":{\"@type\":\"EntryPoint\",\"urlTemplate\":\"https:\\\/\\\/corbroker.pt\\\/?s={search_term_string}\"},\"query-input\":{\"@type\":\"PropertyValueSpecification\",\"valueRequired\":true,\"valueName\":\"search_term_string\"}}],\"inLanguage\":\"en-GB\"},{\"@type\":\"Organization\",\"@id\":\"https:\\\/\\\/corbroker.pt\\\/#organization\",\"name\":\"Corbroker S.A.\",\"url\":\"https:\\\/\\\/corbroker.pt\\\/\",\"logo\":{\"@type\":\"ImageObject\",\"inLanguage\":\"en-GB\",\"@id\":\"https:\\\/\\\/corbroker.pt\\\/#\\\/schema\\\/logo\\\/image\\\/\",\"url\":\"https:\\\/\\\/corbroker.pt\\\/wp-content\\\/uploads\\\/2020\\\/04\\\/Corbroker-Logotipo-copy-e1588262618382.png\",\"contentUrl\":\"https:\\\/\\\/corbroker.pt\\\/wp-content\\\/uploads\\\/2020\\\/04\\\/Corbroker-Logotipo-copy-e1588262618382.png\",\"width\":300,\"height\":79,\"caption\":\"Corbroker S.A.\"},\"image\":{\"@id\":\"https:\\\/\\\/corbroker.pt\\\/#\\\/schema\\\/logo\\\/image\\\/\"},\"sameAs\":[\"https:\\\/\\\/www.facebook.com\\\/pages\\\/category\\\/Insurance-Agent\\\/Corbroker-SA-179804545370152\\\/\",\"https:\\\/\\\/www.linkedin.com\\\/company\\\/corbroker--corretores-de-seguros-sa.\\\/\"]}]}<\/script>\n<!-- \/ Yoast SEO plugin. -->","yoast_head_json":{"title":"Complaints - Corbroker","robots":{"index":"index","follow":"follow","max-snippet":"max-snippet:-1","max-image-preview":"max-image-preview:large","max-video-preview":"max-video-preview:-1"},"canonical":"https:\/\/corbroker.pt\/en\/complaints-2\/","og_locale":"en_GB","og_type":"article","og_title":"Reclama\u00e7\u00f5es - Corbroker","og_description":"Informa\u00e7\u00e3o geral relativa \u00e0 gest\u00e3o de reclama\u00e7\u00f5es da Corbroker \u2013 Corretores de Seguros, S.A. Conceitos gerais Os tomadores de seguros, segurados, benefici\u00e1rios ou terceiros lesados podem apresentar, nos termos abaixo indicados, reclama\u00e7\u00f5es relativas \u00e0 Corbroker \u2013 Corretores de Seguros, S.A., doravante Corbroker, que, para o efeito, disp\u00f5e de uma Pol\u00edtica de Gest\u00e3o de Reclama\u00e7\u00f5es; Nos","og_url":"https:\/\/corbroker.pt\/en\/complaints-2\/","og_site_name":"Corbroker","article_publisher":"https:\/\/www.facebook.com\/pages\/category\/Insurance-Agent\/Corbroker-SA-179804545370152\/","article_modified_time":"2022-08-13T18:27:01+00:00","twitter_card":"summary_large_image","twitter_misc":{"Estimated reading time":"3 minutes"},"schema":{"@context":"https:\/\/schema.org","@graph":[{"@type":"WebPage","@id":"https:\/\/corbroker.pt\/reclamacoes\/","url":"https:\/\/corbroker.pt\/reclamacoes\/","name":"Complaints - Corbroker","isPartOf":{"@id":"https:\/\/corbroker.pt\/#website"},"datePublished":"2020-04-30T14:21:23+00:00","dateModified":"2022-08-13T18:27:01+00:00","breadcrumb":{"@id":"https:\/\/corbroker.pt\/reclamacoes\/#breadcrumb"},"inLanguage":"en-GB","potentialAction":[{"@type":"ReadAction","target":["https:\/\/corbroker.pt\/reclamacoes\/"]}]},{"@type":"BreadcrumbList","@id":"https:\/\/corbroker.pt\/reclamacoes\/#breadcrumb","itemListElement":[{"@type":"ListItem","position":1,"name":"In\u00edcio","item":"https:\/\/corbroker.pt\/"},{"@type":"ListItem","position":2,"name":"Reclama\u00e7\u00f5es"}]},{"@type":"WebSite","@id":"https:\/\/corbroker.pt\/#website","url":"https:\/\/corbroker.pt\/","name":"Corbroker - insurance brokers","description":"Insurance Broker","publisher":{"@id":"https:\/\/corbroker.pt\/#organization"},"potentialAction":[{"@type":"SearchAction","target":{"@type":"EntryPoint","urlTemplate":"https:\/\/corbroker.pt\/?s={search_term_string}"},"query-input":{"@type":"PropertyValueSpecification","valueRequired":true,"valueName":"search_term_string"}}],"inLanguage":"en-GB"},{"@type":"Organization","@id":"https:\/\/corbroker.pt\/#organization","name":"Corbroker S.A.","url":"https:\/\/corbroker.pt\/","logo":{"@type":"ImageObject","inLanguage":"en-GB","@id":"https:\/\/corbroker.pt\/#\/schema\/logo\/image\/","url":"https:\/\/corbroker.pt\/wp-content\/uploads\/2020\/04\/Corbroker-Logotipo-copy-e1588262618382.png","contentUrl":"https:\/\/corbroker.pt\/wp-content\/uploads\/2020\/04\/Corbroker-Logotipo-copy-e1588262618382.png","width":300,"height":79,"caption":"Corbroker S.A."},"image":{"@id":"https:\/\/corbroker.pt\/#\/schema\/logo\/image\/"},"sameAs":["https:\/\/www.facebook.com\/pages\/category\/Insurance-Agent\/Corbroker-SA-179804545370152\/","https:\/\/www.linkedin.com\/company\/corbroker--corretores-de-seguros-sa.\/"]}]}},"_links":{"self":[{"href":"https:\/\/corbroker.pt\/en\/wp-json\/wp\/v2\/pages\/2433","targetHints":{"allow":["GET"]}}],"collection":[{"href":"https:\/\/corbroker.pt\/en\/wp-json\/wp\/v2\/pages"}],"about":[{"href":"https:\/\/corbroker.pt\/en\/wp-json\/wp\/v2\/types\/page"}],"author":[{"embeddable":true,"href":"https:\/\/corbroker.pt\/en\/wp-json\/wp\/v2\/users\/2"}],"replies":[{"embeddable":true,"href":"https:\/\/corbroker.pt\/en\/wp-json\/wp\/v2\/comments?post=2433"}],"version-history":[{"count":10,"href":"https:\/\/corbroker.pt\/en\/wp-json\/wp\/v2\/pages\/2433\/revisions"}],"predecessor-version":[{"id":4746,"href":"https:\/\/corbroker.pt\/en\/wp-json\/wp\/v2\/pages\/2433\/revisions\/4746"}],"wp:attachment":[{"href":"https:\/\/corbroker.pt\/en\/wp-json\/wp\/v2\/media?parent=2433"}],"curies":[{"name":"wp","href":"https:\/\/api.w.org\/{rel}","templated":true}]}}