{"id":3119,"date":"2020-05-06T17:29:00","date_gmt":"2020-05-06T17:29:00","guid":{"rendered":"https:\/\/corbroker.pt\/?page_id=3119"},"modified":"2022-08-13T11:55:45","modified_gmt":"2022-08-13T11:55:45","slug":"animals","status":"publish","type":"page","link":"https:\/\/corbroker.pt\/en\/particulares\/animais\/","title":{"rendered":"Animals"},"content":{"rendered":"<div data-elementor-type=\"wp-page\" data-elementor-id=\"3119\" class=\"elementor elementor-3119\">\n\t\t\t\t\t\t<div class=\"elementor-section elementor-top-section elementor-element elementor-element-35c68602 elementor-section-stretched elementor-section-content-middle elementor-section-boxed elementor-section-height-default elementor-section-height-default\" data-id=\"35c68602\" data-element_type=\"section\" data-e-type=\"section\" data-settings=\"{&quot;stretch_section&quot;:&quot;section-stretched&quot;}\">\n\t\t\t\t\t\t<div class=\"elementor-container elementor-column-gap-no\">\n\t\t\t\t\t<div class=\"elementor-column elementor-col-50 elementor-top-column elementor-element elementor-element-2011d86b elementor-invisible\" data-id=\"2011d86b\" data-element_type=\"column\" data-e-type=\"column\" data-settings=\"{&quot;background_background&quot;:&quot;classic&quot;,&quot;animation&quot;:&quot;fadeInLeft&quot;}\">\n\t\t\t<div class=\"elementor-widget-wrap elementor-element-populated\">\n\t\t\t\t\t\t<div class=\"elementor-element elementor-element-2975f2e3 elementor-invisible elementor-widget elementor-widget-heading\" data-id=\"2975f2e3\" data-element_type=\"widget\" data-e-type=\"widget\" data-settings=\"{&quot;_animation&quot;:&quot;fadeInUp&quot;}\" data-widget_type=\"heading.default\">\n\t\t\t\t<div class=\"elementor-widget-container\">\n\t\t\t\t\t<h4 class=\"elementor-heading-title elementor-size-default\">Pets<\/h4>\t\t\t\t<\/div>\n\t\t\t\t<\/div>\n\t\t\t\t<div class=\"elementor-element elementor-element-19588e58 elementor-widget elementor-widget-heading\" data-id=\"19588e58\" data-element_type=\"widget\" data-e-type=\"widget\" data-widget_type=\"heading.default\">\n\t\t\t\t<div class=\"elementor-widget-container\">\n\t\t\t\t\t<h2 class=\"elementor-heading-title elementor-size-default\">Protect your best friend.<\/h2>\t\t\t\t<\/div>\n\t\t\t\t<\/div>\n\t\t\t\t<div class=\"elementor-element elementor-element-55561987 elementor-widget-divider--view-line elementor-invisible elementor-widget elementor-widget-divider\" data-id=\"55561987\" data-element_type=\"widget\" data-e-type=\"widget\" data-settings=\"{&quot;_animation&quot;:&quot;fadeInRight&quot;,&quot;_animation_delay&quot;:100}\" data-widget_type=\"divider.default\">\n\t\t\t\t<div class=\"elementor-widget-container\">\n\t\t\t\t\t\t\t<div class=\"elementor-divider\">\n\t\t\t<span class=\"elementor-divider-separator\">\n\t\t\t\t\t\t<\/span>\n\t\t<\/div>\n\t\t\t\t\t\t<\/div>\n\t\t\t\t<\/div>\n\t\t\t\t<div class=\"elementor-element elementor-element-76bd7321 elementor-widget elementor-widget-text-editor\" data-id=\"76bd7321\" data-element_type=\"widget\" data-e-type=\"widget\" data-widget_type=\"text-editor.default\">\n\t\t\t\t<div class=\"elementor-widget-container\">\n\t\t\t\t\t\t\t\t\t<p style=\"text-align: justify;\">By protecting your best friend, you are also protecting yourself and those around you. In the event of an accident, your pet could bite someone, cause injury or scratch a car. Pet insurance <strong>civil liability<\/strong> animal is responsible for situations in which it is civilly liable for the payment of compensation as a result of damages arising from bodily injury and\/or material damage caused to third parties by their animal. Health costs for animals in the event of illness or accident can be very high.<\/p>\t\t\t\t\t\t\t\t<\/div>\n\t\t\t\t<\/div>\n\t\t\t\t\t<\/div>\n\t\t<\/div>\n\t\t\t\t<div class=\"elementor-column elementor-col-50 elementor-top-column elementor-element elementor-element-1af5591e elementor-invisible\" data-id=\"1af5591e\" data-element_type=\"column\" data-e-type=\"column\" data-settings=\"{&quot;background_background&quot;:&quot;classic&quot;,&quot;animation&quot;:&quot;fadeInLeft&quot;}\">\n\t\t\t<div class=\"elementor-widget-wrap elementor-element-populated\">\n\t\t\t\t\t\t<div class=\"elementor-element elementor-element-ca2438f elementor-widget elementor-widget-text-editor\" data-id=\"ca2438f\" data-element_type=\"widget\" data-e-type=\"widget\" data-widget_type=\"text-editor.default\">\n\t\t\t\t<div class=\"elementor-widget-container\">\n\t\t\t\t\t\t\t\t\t<p style=\"text-align: justify;\">Corbroker has competitive solutions to ensure the best protection for your <strong>health<\/strong> of your pet. Protection for domestic animals can be extended to cover the cost of accidents, illness or even their disappearance.<\/p>\t\t\t\t\t\t\t\t<\/div>\n\t\t\t\t<\/div>\n\t\t\t\t<div class=\"elementor-element elementor-element-b4fce35 elementor-widget elementor-widget-text-editor\" data-id=\"b4fce35\" data-element_type=\"widget\" data-e-type=\"widget\" data-widget_type=\"text-editor.default\">\n\t\t\t\t<div class=\"elementor-widget-container\">\n\t\t\t\t\t\t\t\t\t<p style=\"text-align: justify;\"><strong>Help us protect him.<\/strong><strong> I'm sure you can.<\/strong><\/p>\t\t\t\t\t\t\t\t<\/div>\n\t\t\t\t<\/div>\n\t\t\t\t<section class=\"elementor-section elementor-inner-section elementor-element elementor-element-4a5273a elementor-section-boxed elementor-section-height-default elementor-section-height-default\" data-id=\"4a5273a\" data-element_type=\"section\" data-e-type=\"section\">\n\t\t\t\t\t\t<div class=\"elementor-container elementor-column-gap-default\">\n\t\t\t\t\t<div class=\"elementor-column elementor-col-25 elementor-inner-column elementor-element elementor-element-c73dc0f\" data-id=\"c73dc0f\" data-element_type=\"column\" data-e-type=\"column\">\n\t\t\t<div class=\"elementor-widget-wrap\">\n\t\t\t\t\t\t\t<\/div>\n\t\t<\/div>\n\t\t\t\t<div class=\"elementor-column elementor-col-25 elementor-inner-column elementor-element elementor-element-83e93bd\" data-id=\"83e93bd\" data-element_type=\"column\" data-e-type=\"column\">\n\t\t\t<div class=\"elementor-widget-wrap elementor-element-populated\">\n\t\t\t\t\t\t<div class=\"elementor-element elementor-element-53a7dad elementor-animation-grow elementor-position-top layout-default elementor-vertical-align-top elementor-widget elementor-widget-image-box\" data-id=\"53a7dad\" data-element_type=\"widget\" data-e-type=\"widget\" data-widget_type=\"image-box.default\">\n\t\t\t\t<div class=\"elementor-widget-container\">\n\t\t\t\t\t<div class=\"elementor-image-box-wrapper\"><div class=\"elementor-image-framed\"><figure class=\"elementor-image-box-img elementor-icon\"><svg id=\"Capa_1\" data-name=\"Capa 1\" xmlns=\"http:\/\/www.w3.org\/2000\/svg\" viewbox=\"0 0 512 512\"><defs><style>.cls-1{fill:#013448;}<\/style><\/defs><title>private-animals<\/title><path class=\"cls-1\" d=\"M456.5,369.47a60.81,60.81,0,0,0-85.73-12.57L314.9,399.12H267a31.8,31.8,0,0,0,6.14-19.8c-.47-17.2-15.1-31.19-32.61-31.19H164.26A94.94,94.94,0,0,0,96,377.23l-7.27,7.57H30.92V398H94.4l11.16-11.63a81.68,81.68,0,0,1,58.7-25h76.26c10.44,0,19.15,8.24,19.43,18.36a18.91,18.91,0,0,1-18.9,19.44H171.6v13.19H319.32l59.4-44.89a47.65,47.65,0,0,1,63,4.89l-121.11,92.5H30.92V478H325.05L460.32,374.69Z\"\/><path class=\"cls-1\" d=\"M481.08,47.19V34H187L51.68,137.31l3.82,5.22a60.41,60.41,0,0,0,40.23,24.23,61.82,61.82,0,0,0,9,.65,60.32,60.32,0,0,0,36.53-12.31l55.87-42.22H245a31.86,31.86,0,0,0-6.13,19.8c.47,17.2,15.1,31.19,32.61,31.19h76.26A94.94,94.94,0,0,0,416,134.77l7.27-7.57h57.85V114H417.6l-11.16,11.63a81.68,81.68,0,0,1-58.7,25H271.48c-10.44,0-19.15-8.24-19.43-18.36A18.91,18.91,0,0,1,271,112.88H340.4V99.69H192.68l-59.4,44.89a47.64,47.64,0,0,1-63-4.9L191.41,47.19Z\"\/><path class=\"cls-1\" d=\"M256,245.09c-27.54,0-49.71,33.64-49.71,61.49,0,13.77,5.65,22.95,16.79,27.28,8.92,3.47,20.47,3.49,32.74,3.47h.54c12.18,0,23.68,0,32.56-3.47,11.14-4.33,16.79-13.51,16.79-27.28C305.71,278.73,283.54,245.09,256,245.09Zm28.14,76.48c-6.59,2.56-16.89,2.57-27.81,2.57h-.66c-10.92,0-21.22,0-27.81-2.57-4.35-1.69-8.38-4.68-8.38-15,0-21.29,17.19-48.3,36.52-48.3s36.52,27,36.52,48.3C292.52,316.89,288.49,319.88,284.14,321.57Z\"\/><path class=\"cls-1\" d=\"M224.15,174.67c-13.77,0-24.56,14-24.56,31.75s10.79,31.74,24.56,31.74,24.56-13.94,24.56-31.74S237.92,174.67,224.15,174.67Zm0,50.3c-6.05,0-11.37-8.67-11.37-18.55s5.32-18.56,11.37-18.56,11.37,8.67,11.37,18.56S230.21,225,224.15,225Z\"\/><path class=\"cls-1\" d=\"M203.88,254.2a38,38,0,0,0-28-28c-7.2-1.44-13.87.26-18.29,4.68s-6.13,11.09-4.69,18.3A36,36,0,0,0,163,267.11c6.94,6.94,15.37,10.59,22.89,10.59a18.44,18.44,0,0,0,13.34-5.21C203.62,268.07,205.32,261.41,203.88,254.2Zm-14,9c-2.88,2.87-11,1.19-17.58-5.38a23.1,23.1,0,0,1-6.45-11.2c-.27-1.33-.7-4.61,1.08-6.38a5.59,5.59,0,0,1,4-1.32,12.62,12.62,0,0,1,2.39.24,23,23,0,0,1,11.19,6.46h0a23,23,0,0,1,6.46,11.2C191.22,258.12,191.64,261.4,189.87,263.17Z\"\/><path class=\"cls-1\" d=\"M354.41,230.88c-4.42-4.42-11.09-6.12-18.29-4.68a36,36,0,0,0-17.94,10.06h0a36.06,36.06,0,0,0-10.06,17.94c-1.44,7.21.26,13.87,4.68,18.29a18.44,18.44,0,0,0,13.34,5.21c7.52,0,15.95-3.65,22.89-10.59a36,36,0,0,0,10.07-17.93C360.54,242,358.83,235.3,354.41,230.88Zm-8.25,15.71a23,23,0,0,1-6.46,11.2c-6.56,6.57-14.69,8.26-17.57,5.38-1.77-1.77-1.35-5.05-1.08-6.38a23,23,0,0,1,6.46-11.2h0a23,23,0,0,1,11.19-6.46,12.62,12.62,0,0,1,2.39-.24,5.59,5.59,0,0,1,4,1.32C346.86,242,346.43,245.26,346.16,246.59Z\"\/><path class=\"cls-1\" d=\"M287.85,174.67c-13.77,0-24.56,14-24.56,31.75s10.79,31.74,24.56,31.74,24.56-13.94,24.56-31.74S301.62,174.67,287.85,174.67Zm0,50.3c-6.06,0-11.37-8.67-11.37-18.55s5.31-18.56,11.37-18.56,11.37,8.67,11.37,18.56S293.9,225,287.85,225Z\"\/><path class=\"cls-1\" d=\"M104.34,256a152.11,152.11,0,0,1,.82-15.85L92,238.78A167.43,167.43,0,0,0,91.15,256a163.46,163.46,0,0,0,12.22,62.28l12.2-5A150.51,150.51,0,0,1,104.34,256Z\"\/><path class=\"cls-1\" d=\"M130.71,256c0-3.79.17-7.61.51-11.36l-13.13-1.18c-.38,4.14-.57,8.36-.57,12.54a138.07,138.07,0,0,0,21.33,73.86L150,322.81A124.83,124.83,0,0,1,130.71,256Z\"\/><path class=\"cls-1\" d=\"M408.63,193.72l-12.2,5A150.55,150.55,0,0,1,407.66,256a152.45,152.45,0,0,1-.82,15.86L420,273.23a167.77,167.77,0,0,0,.89-17.23A163.46,163.46,0,0,0,408.63,193.72Z\"\/><path class=\"cls-1\" d=\"M373.15,182.14l-11.15,7A124.89,124.89,0,0,1,381.29,256c0,3.79-.17,7.61-.51,11.36l13.13,1.18c.38-4.14.57-8.36.57-12.54A138.07,138.07,0,0,0,373.15,182.14Z\"\/><path class=\"cls-1\" d=\"M270.49,281.72a28.61,28.61,0,0,0-12.21-9.84l-4.56,12.37-.09,0a16.29,16.29,0,0,1,6.21,5.27c3.71,5.09,6.3,12.11,6.3,17.09h13.19C279.33,298.83,275.86,289.07,270.49,281.72Z\"\/><\/svg><\/figure><\/div><div class=\"elementor-image-box-content\"><h3 class=\"elementor-image-box-title\">Civil liability<\/h3><\/div><\/div>\t\t\t\t<\/div>\n\t\t\t\t<\/div>\n\t\t\t\t\t<\/div>\n\t\t<\/div>\n\t\t\t\t<div class=\"elementor-column elementor-col-25 elementor-inner-column elementor-element elementor-element-54788a8\" data-id=\"54788a8\" data-element_type=\"column\" data-e-type=\"column\">\n\t\t\t<div class=\"elementor-widget-wrap elementor-element-populated\">\n\t\t\t\t\t\t<div class=\"elementor-element elementor-element-2752be75 elementor-animation-grow elementor-position-top layout-default elementor-vertical-align-top elementor-widget elementor-widget-image-box\" data-id=\"2752be75\" data-element_type=\"widget\" data-e-type=\"widget\" data-widget_type=\"image-box.default\">\n\t\t\t\t<div class=\"elementor-widget-container\">\n\t\t\t\t\t<div class=\"elementor-image-box-wrapper\"><div class=\"elementor-image-framed\"><figure class=\"elementor-image-box-img elementor-icon\"><svg id=\"Capa_1\" data-name=\"Capa 1\" xmlns=\"http:\/\/www.w3.org\/2000\/svg\" viewbox=\"0 0 512 512\"><defs><style>.cls-1{fill:#013448;}<\/style><\/defs><title>private-animals<\/title><g id=\"Page-1\"><g id=\"_038---Pet-Health\" data-name=\"038---Pet-Health\"><path id=\"Shape\" class=\"cls-1\" d=\"M373.16,37.85A166.3,166.3,0,0,0,256,86.5,166.3,166.3,0,0,0,138.84,37.85c-70.22,0-125.23,67.87-125.23,154.49A254.47,254.47,0,0,0,41.26,304.48H21.69a8.08,8.08,0,0,0,0,16.16H50C85.69,382.09,150.08,440.38,253.5,473.77a8.26,8.26,0,0,0,5,0c108-34.85,173.39-96.82,208.06-161.21h23.78a8.08,8.08,0,0,0,0-16.16H474.62a252.19,252.19,0,0,0,23.77-104.06C498.39,105.72,443.38,37.85,373.16,37.85ZM456.71,296.4H447.3l-14.12-35.33a8.08,8.08,0,0,0-7.35-5.07,8.27,8.27,0,0,0-7.54,4.8l-23.86,53.69L383,280.17a47.64,47.64,0,0,0,13.49-16.78,46.24,46.24,0,0,0,4.24-28.73A29.78,29.78,0,0,0,385,212.93c-16.06-7.78-37,2.22-46.7,22.26s-4.59,42.67,11.45,50.45a26.59,26.59,0,0,0,11.66,2.64,31,31,0,0,0,6.92-.91l17.36,52a8.08,8.08,0,0,0,7.27,5.52h.39a8.08,8.08,0,0,0,7.38-4.8l24.54-55.23,9.05,22.63a8.08,8.08,0,0,0,7.5,5.09H448c-33.67,57.84-94.43,112.92-192,145C163,427,103.39,375.5,68.85,320.64h9.4a8.09,8.09,0,0,0,7.23-4.47l8.5-17,25.36,57.08a8.08,8.08,0,0,0,7.38,4.8h.71a8.09,8.09,0,0,0,7.13-6.09l16.67-66.71a26.56,26.56,0,0,0,11-2.57c16-7.77,21.18-30.41,11.45-50.45s-30.63-30-46.7-22.25a29.74,29.74,0,0,0-15.69,21.72,48.14,48.14,0,0,0,24.24,49.79l-10.95,43.78L101.81,277a8.09,8.09,0,0,0-7.23-4.83,8,8,0,0,0-7.41,4.47L73.25,304.48H59.46A239.86,239.86,0,0,1,29.77,192.34C29.77,114.77,77.68,54,138.84,54a151.65,151.65,0,0,1,110.87,49.5,8.08,8.08,0,0,0,12.58,0A150.84,150.84,0,0,1,373.16,54c61.16,0,109.07,60.76,109.07,138.33A237.8,237.8,0,0,1,456.71,296.4ZM352.84,242.26a25.62,25.62,0,0,1,20.3-15.83A11,11,0,0,1,378,227.5a14.05,14.05,0,0,1,6.88,10.26A30.64,30.64,0,0,1,382,256.35c-5.74,11.81-17.25,18.58-25.12,14.76S347.11,254.06,352.84,242.26Zm-225.68-4.52A14.06,14.06,0,0,1,134,227.48a11,11,0,0,1,4.85-1.08,25.66,25.66,0,0,1,20.31,15.84c5.73,11.82,3.91,25.05-4,28.86s-19.39-3-25.11-14.76a30.6,30.6,0,0,1-3-18.6Z\"\/><path id=\"Shape-2\" data-name=\"Shape\" class=\"cls-1\" d=\"M138.84,70.17a76.73,76.73,0,0,0-22.57,3.34A8.08,8.08,0,0,0,121,89a60.46,60.46,0,0,1,17.82-2.63,8.08,8.08,0,0,0,0-16.16Z\"\/><path id=\"Shape-3\" data-name=\"Shape\" class=\"cls-1\" d=\"M54,200.42a8.08,8.08,0,0,0,8.08-8.08c0-37.1,14.69-73.09,37.42-91.68A8.08,8.08,0,1,0,89.28,88.15C62.54,110,45.93,150,45.93,192.34A8.08,8.08,0,0,0,54,200.42Z\"\/><path id=\"Shape-4\" data-name=\"Shape\" class=\"cls-1\" d=\"M256,239.84c-32,0-43,18-53.67,35.47a118,118,0,0,1-17.21,23.43,60.3,60.3,0,0,0-14.37,63,37.18,37.18,0,0,0,36,23.52A47.66,47.66,0,0,0,236,375.83a33.12,33.12,0,0,1,40,0,47.66,47.66,0,0,0,29.22,9.45,37.18,37.18,0,0,0,36-23.51,60.3,60.3,0,0,0-14.37-63,118.31,118.31,0,0,1-17.21-23.43C299,257.87,288,239.84,256,239.84Zm39.89,43.91a133.7,133.7,0,0,0,19.61,26.47,44.8,44.8,0,0,1,10.79,45.4,21.06,21.06,0,0,1-21.08,13.5,31.78,31.78,0,0,1-20.35-6.8,49.17,49.17,0,0,0-57.72,0,31.78,31.78,0,0,1-20.35,6.8,21.06,21.06,0,0,1-21.09-13.5,44.79,44.79,0,0,1,10.8-45.4,133.7,133.7,0,0,0,19.61-26.47C226.34,267,233.1,256,256,256s29.66,11,39.89,27.75Z\"\/><path id=\"Shape-5\" data-name=\"Shape\" class=\"cls-1\" d=\"M210.23,231.54a31.77,31.77,0,0,0,4.47-.31c22-3.17,36.63-29.09,32.52-57.74s-25.35-49.41-47.47-46.23S163.12,156.34,167.24,185C171.08,211.71,189.84,231.54,210.23,231.54Zm-8.18-88.28c13.18-1.88,26.37,13,29.17,32.53s-5.82,37.57-18.82,39.44-26.36-13-29.17-32.54S189.05,145.12,202.05,143.26Z\"\/><path id=\"Shape-6\" data-name=\"Shape\" class=\"cls-1\" d=\"M312.25,127.26c-22.14-3.23-43.34,17.57-47.47,46.24s10.51,54.56,32.52,57.73a31.77,31.77,0,0,0,4.47.31c20.39,0,39.15-19.83,43-46.54,4.16-28.67-10.48-54.58-32.51-57.74Zm16.52,55.43c-2.81,19.52-16.29,34.47-29.17,32.54S278,195.3,280.78,175.79c2.65-18.4,14.68-32.7,27-32.7a15.09,15.09,0,0,1,2.22.17C323,145.12,331.57,163.18,328.77,182.69Z\"\/><\/g><\/g><\/svg><\/figure><\/div><div class=\"elementor-image-box-content\"><h3 class=\"elementor-image-box-title\">Health<\/h3><\/div><\/div>\t\t\t\t<\/div>\n\t\t\t\t<\/div>\n\t\t\t\t\t<\/div>\n\t\t<\/div>\n\t\t\t\t<div class=\"elementor-column elementor-col-25 elementor-inner-column elementor-element elementor-element-aa937f8\" data-id=\"aa937f8\" data-element_type=\"column\" data-e-type=\"column\">\n\t\t\t<div class=\"elementor-widget-wrap\">\n\t\t\t\t\t\t\t<\/div>\n\t\t<\/div>\n\t\t\t\t\t<\/div>\n\t\t<\/section>\n\t\t\t\t<div class=\"elementor-element elementor-element-26b82ba6 elementor-button-info elementor-align-center elementor-widget elementor-widget-button\" data-id=\"26b82ba6\" data-element_type=\"widget\" data-e-type=\"widget\" data-widget_type=\"button.default\">\n\t\t\t\t<div class=\"elementor-widget-container\">\n\t\t\t\t\t\t\t\t\t<div class=\"elementor-button-wrapper\">\n\t\t\t\t\t<a class=\"elementor-button elementor-button-link elementor-size-md\" href=\"https:\/\/corbroker.pt\/en\/private-contacts\/\">\n\t\t\t\t\t\t<span class=\"elementor-button-content-wrapper\">\n\t\t\t\t\t\t<span class=\"elementor-button-icon\">\n\t\t\t\t<i aria-hidden=\"true\" class=\"fas fa-envelope\"><\/i>\t\t\t<\/span>\n\t\t\t\t\t\t\t\t\t<span class=\"elementor-button-text\">Private individuals<\/span>\n\t\t\t\t\t<\/span>\n\t\t\t\t\t<\/a>\n\t\t\t\t<\/div>\n\t\t\t\t\t\t\t\t<\/div>\n\t\t\t\t<\/div>\n\t\t\t\t\t<\/div>\n\t\t<\/div>\n\t\t\t\t\t<\/div>\n\t\t<\/div>\n\t\t\t\t<\/div>","protected":false},"excerpt":{"rendered":"<p>Pets Protect your best friend. By protecting your best friend, you are also protecting yourself and those around you. In the event of an accident, your pet could bite someone, cause injury or scratch a car. Animal liability insurance covers situations in which you are civilly liable for your pet's injuries.<\/p>","protected":false},"author":2,"featured_media":0,"parent":2241,"menu_order":0,"comment_status":"closed","ping_status":"closed","template":"","meta":{"_monsterinsights_skip_tracking":false,"_monsterinsights_sitenote_active":false,"_monsterinsights_sitenote_note":"","_monsterinsights_sitenote_category":0,"footnotes":""},"class_list":["post-3119","page","type-page","status-publish","hentry"],"yoast_head":"<!-- This site is optimized with the Yoast SEO plugin v27.6 - https:\/\/yoast.com\/product\/yoast-seo-wordpress\/ -->\n<title>Animais - Corbroker<\/title>\n<meta name=\"description\" content=\"A Corbroker tem solu\u00e7\u00f5es competitivas para assegurar a melhor prote\u00e7\u00e3o para a sa\u00fade dos seus animais. Proteja o seu melhor amigo.\" \/>\n<meta name=\"robots\" content=\"index, follow, max-snippet:-1, max-image-preview:large, max-video-preview:-1\" \/>\n<link rel=\"canonical\" href=\"https:\/\/corbroker.pt\/en\/private\/animals\/\" \/>\n<meta property=\"og:locale\" content=\"en_GB\" \/>\n<meta property=\"og:type\" content=\"article\" \/>\n<meta property=\"og:title\" content=\"Animais - Corbroker\" \/>\n<meta property=\"og:description\" content=\"A Corbroker tem solu\u00e7\u00f5es competitivas para assegurar a melhor prote\u00e7\u00e3o para a sa\u00fade dos seus animais. Proteja o seu melhor amigo.\" \/>\n<meta property=\"og:url\" content=\"https:\/\/corbroker.pt\/en\/private\/animals\/\" \/>\n<meta property=\"og:site_name\" content=\"Corbroker\" \/>\n<meta property=\"article:publisher\" content=\"https:\/\/www.facebook.com\/pages\/category\/Insurance-Agent\/Corbroker-SA-179804545370152\/\" \/>\n<meta property=\"article:modified_time\" content=\"2022-08-13T11:55:45+00:00\" \/>\n<meta name=\"twitter:card\" content=\"summary_large_image\" \/>\n<meta name=\"twitter:label1\" content=\"Estimated reading time\" \/>\n\t<meta name=\"twitter:data1\" content=\"1 minute\" \/>\n<script type=\"application\/ld+json\" class=\"yoast-schema-graph\">{\"@context\":\"https:\\\/\\\/schema.org\",\"@graph\":[{\"@type\":\"WebPage\",\"@id\":\"https:\\\/\\\/corbroker.pt\\\/particulares\\\/animais\\\/\",\"url\":\"https:\\\/\\\/corbroker.pt\\\/particulares\\\/animais\\\/\",\"name\":\"Animais - Corbroker\",\"isPartOf\":{\"@id\":\"https:\\\/\\\/corbroker.pt\\\/#website\"},\"datePublished\":\"2020-05-06T17:29:00+00:00\",\"dateModified\":\"2022-08-13T11:55:45+00:00\",\"description\":\"A Corbroker tem solu\u00e7\u00f5es competitivas para assegurar a melhor prote\u00e7\u00e3o para a sa\u00fade dos seus animais. Proteja o seu melhor amigo.\",\"breadcrumb\":{\"@id\":\"https:\\\/\\\/corbroker.pt\\\/particulares\\\/animais\\\/#breadcrumb\"},\"inLanguage\":\"en-GB\",\"potentialAction\":[{\"@type\":\"ReadAction\",\"target\":[\"https:\\\/\\\/corbroker.pt\\\/particulares\\\/animais\\\/\"]}]},{\"@type\":\"BreadcrumbList\",\"@id\":\"https:\\\/\\\/corbroker.pt\\\/particulares\\\/animais\\\/#breadcrumb\",\"itemListElement\":[{\"@type\":\"ListItem\",\"position\":1,\"name\":\"In\u00edcio\",\"item\":\"https:\\\/\\\/corbroker.pt\\\/\"},{\"@type\":\"ListItem\",\"position\":2,\"name\":\"Particulares\",\"item\":\"https:\\\/\\\/corbroker.pt\\\/particulares\\\/\"},{\"@type\":\"ListItem\",\"position\":3,\"name\":\"Animais\"}]},{\"@type\":\"WebSite\",\"@id\":\"https:\\\/\\\/corbroker.pt\\\/#website\",\"url\":\"https:\\\/\\\/corbroker.pt\\\/\",\"name\":\"Corbroker - corretores de seguros\",\"description\":\"Corretor de Seguros\",\"publisher\":{\"@id\":\"https:\\\/\\\/corbroker.pt\\\/#organization\"},\"potentialAction\":[{\"@type\":\"SearchAction\",\"target\":{\"@type\":\"EntryPoint\",\"urlTemplate\":\"https:\\\/\\\/corbroker.pt\\\/?s={search_term_string}\"},\"query-input\":{\"@type\":\"PropertyValueSpecification\",\"valueRequired\":true,\"valueName\":\"search_term_string\"}}],\"inLanguage\":\"en-GB\"},{\"@type\":\"Organization\",\"@id\":\"https:\\\/\\\/corbroker.pt\\\/#organization\",\"name\":\"Corbroker S.A.\",\"url\":\"https:\\\/\\\/corbroker.pt\\\/\",\"logo\":{\"@type\":\"ImageObject\",\"inLanguage\":\"en-GB\",\"@id\":\"https:\\\/\\\/corbroker.pt\\\/#\\\/schema\\\/logo\\\/image\\\/\",\"url\":\"https:\\\/\\\/corbroker.pt\\\/wp-content\\\/uploads\\\/2020\\\/04\\\/Corbroker-Logotipo-copy-e1588262618382.png\",\"contentUrl\":\"https:\\\/\\\/corbroker.pt\\\/wp-content\\\/uploads\\\/2020\\\/04\\\/Corbroker-Logotipo-copy-e1588262618382.png\",\"width\":300,\"height\":79,\"caption\":\"Corbroker S.A.\"},\"image\":{\"@id\":\"https:\\\/\\\/corbroker.pt\\\/#\\\/schema\\\/logo\\\/image\\\/\"},\"sameAs\":[\"https:\\\/\\\/www.facebook.com\\\/pages\\\/category\\\/Insurance-Agent\\\/Corbroker-SA-179804545370152\\\/\",\"https:\\\/\\\/www.linkedin.com\\\/company\\\/corbroker--corretores-de-seguros-sa.\\\/\"]}]}<\/script>\n<!-- \/ Yoast SEO plugin. -->","yoast_head_json":{"title":"Animals - Corbroker","description":"Corbroker has competitive solutions to ensure the best protection for your pet's health. Protect your best friend.","robots":{"index":"index","follow":"follow","max-snippet":"max-snippet:-1","max-image-preview":"max-image-preview:large","max-video-preview":"max-video-preview:-1"},"canonical":"https:\/\/corbroker.pt\/en\/private\/animals\/","og_locale":"en_GB","og_type":"article","og_title":"Animais - Corbroker","og_description":"A Corbroker tem solu\u00e7\u00f5es competitivas para assegurar a melhor prote\u00e7\u00e3o para a sa\u00fade dos seus animais. Proteja o seu melhor amigo.","og_url":"https:\/\/corbroker.pt\/en\/private\/animals\/","og_site_name":"Corbroker","article_publisher":"https:\/\/www.facebook.com\/pages\/category\/Insurance-Agent\/Corbroker-SA-179804545370152\/","article_modified_time":"2022-08-13T11:55:45+00:00","twitter_card":"summary_large_image","twitter_misc":{"Estimated reading time":"1 minute"},"schema":{"@context":"https:\/\/schema.org","@graph":[{"@type":"WebPage","@id":"https:\/\/corbroker.pt\/particulares\/animais\/","url":"https:\/\/corbroker.pt\/particulares\/animais\/","name":"Animals - Corbroker","isPartOf":{"@id":"https:\/\/corbroker.pt\/#website"},"datePublished":"2020-05-06T17:29:00+00:00","dateModified":"2022-08-13T11:55:45+00:00","description":"Corbroker has competitive solutions to ensure the best protection for your pet's health. Protect your best friend.","breadcrumb":{"@id":"https:\/\/corbroker.pt\/particulares\/animais\/#breadcrumb"},"inLanguage":"en-GB","potentialAction":[{"@type":"ReadAction","target":["https:\/\/corbroker.pt\/particulares\/animais\/"]}]},{"@type":"BreadcrumbList","@id":"https:\/\/corbroker.pt\/particulares\/animais\/#breadcrumb","itemListElement":[{"@type":"ListItem","position":1,"name":"In\u00edcio","item":"https:\/\/corbroker.pt\/"},{"@type":"ListItem","position":2,"name":"Particulares","item":"https:\/\/corbroker.pt\/particulares\/"},{"@type":"ListItem","position":3,"name":"Animais"}]},{"@type":"WebSite","@id":"https:\/\/corbroker.pt\/#website","url":"https:\/\/corbroker.pt\/","name":"Corbroker - insurance brokers","description":"Insurance Broker","publisher":{"@id":"https:\/\/corbroker.pt\/#organization"},"potentialAction":[{"@type":"SearchAction","target":{"@type":"EntryPoint","urlTemplate":"https:\/\/corbroker.pt\/?s={search_term_string}"},"query-input":{"@type":"PropertyValueSpecification","valueRequired":true,"valueName":"search_term_string"}}],"inLanguage":"en-GB"},{"@type":"Organization","@id":"https:\/\/corbroker.pt\/#organization","name":"Corbroker S.A.","url":"https:\/\/corbroker.pt\/","logo":{"@type":"ImageObject","inLanguage":"en-GB","@id":"https:\/\/corbroker.pt\/#\/schema\/logo\/image\/","url":"https:\/\/corbroker.pt\/wp-content\/uploads\/2020\/04\/Corbroker-Logotipo-copy-e1588262618382.png","contentUrl":"https:\/\/corbroker.pt\/wp-content\/uploads\/2020\/04\/Corbroker-Logotipo-copy-e1588262618382.png","width":300,"height":79,"caption":"Corbroker S.A."},"image":{"@id":"https:\/\/corbroker.pt\/#\/schema\/logo\/image\/"},"sameAs":["https:\/\/www.facebook.com\/pages\/category\/Insurance-Agent\/Corbroker-SA-179804545370152\/","https:\/\/www.linkedin.com\/company\/corbroker--corretores-de-seguros-sa.\/"]}]}},"_links":{"self":[{"href":"https:\/\/corbroker.pt\/en\/wp-json\/wp\/v2\/pages\/3119","targetHints":{"allow":["GET"]}}],"collection":[{"href":"https:\/\/corbroker.pt\/en\/wp-json\/wp\/v2\/pages"}],"about":[{"href":"https:\/\/corbroker.pt\/en\/wp-json\/wp\/v2\/types\/page"}],"author":[{"embeddable":true,"href":"https:\/\/corbroker.pt\/en\/wp-json\/wp\/v2\/users\/2"}],"replies":[{"embeddable":true,"href":"https:\/\/corbroker.pt\/en\/wp-json\/wp\/v2\/comments?post=3119"}],"version-history":[{"count":1,"href":"https:\/\/corbroker.pt\/en\/wp-json\/wp\/v2\/pages\/3119\/revisions"}],"predecessor-version":[{"id":4286,"href":"https:\/\/corbroker.pt\/en\/wp-json\/wp\/v2\/pages\/3119\/revisions\/4286"}],"up":[{"embeddable":true,"href":"https:\/\/corbroker.pt\/en\/wp-json\/wp\/v2\/pages\/2241"}],"wp:attachment":[{"href":"https:\/\/corbroker.pt\/en\/wp-json\/wp\/v2\/media?parent=3119"}],"curies":[{"name":"wp","href":"https:\/\/api.w.org\/{rel}","templated":true}]}}