{"id":3174,"date":"2020-05-07T16:18:29","date_gmt":"2020-05-07T16:18:29","guid":{"rendered":"https:\/\/corbroker.pt\/?page_id=3174"},"modified":"2022-08-13T14:56:25","modified_gmt":"2022-08-13T14:56:25","slug":"cyber-risk","status":"publish","type":"page","link":"https:\/\/corbroker.pt\/en\/cyber-risk\/","title":{"rendered":"Cyber risk"},"content":{"rendered":"<div data-elementor-type=\"wp-page\" data-elementor-id=\"3174\" class=\"elementor elementor-3174\">\n\t\t\t\t\t\t<section class=\"elementor-section elementor-top-section elementor-element elementor-element-715c4955 elementor-section-stretched elementor-section-boxed elementor-section-height-default elementor-section-height-default\" data-id=\"715c4955\" data-element_type=\"section\" data-e-type=\"section\" data-settings=\"{&quot;stretch_section&quot;:&quot;section-stretched&quot;}\">\n\t\t\t\t\t\t<div class=\"elementor-container elementor-column-gap-default\">\n\t\t\t\t\t<div class=\"elementor-column elementor-col-100 elementor-top-column elementor-element elementor-element-4853771f\" data-id=\"4853771f\" data-element_type=\"column\" data-e-type=\"column\" data-settings=\"{&quot;background_background&quot;:&quot;classic&quot;}\">\n\t\t\t<div class=\"elementor-widget-wrap elementor-element-populated\">\n\t\t\t\t\t\t<div class=\"elementor-element elementor-element-40138967 elementor-widget elementor-widget-heading\" data-id=\"40138967\" data-element_type=\"widget\" data-e-type=\"widget\" data-widget_type=\"heading.default\">\n\t\t\t\t<div class=\"elementor-widget-container\">\n\t\t\t\t\t<h6 class=\"elementor-heading-title elementor-size-default\">Recipients<\/h6>\t\t\t\t<\/div>\n\t\t\t\t<\/div>\n\t\t\t\t<div class=\"elementor-element elementor-element-12e5bcf elementor-widget elementor-widget-heading\" data-id=\"12e5bcf\" data-element_type=\"widget\" data-e-type=\"widget\" data-widget_type=\"heading.default\">\n\t\t\t\t<div class=\"elementor-widget-container\">\n\t\t\t\t\t<h2 class=\"elementor-heading-title elementor-size-default\">All companies, regardless of their size, that have computer systems and data belonging to third parties.<\/h2>\t\t\t\t<\/div>\n\t\t\t\t<\/div>\n\t\t\t\t<div class=\"elementor-element elementor-element-65613002 elementor-widget elementor-widget-text-editor\" data-id=\"65613002\" data-element_type=\"widget\" data-e-type=\"widget\" data-widget_type=\"text-editor.default\">\n\t\t\t\t<div class=\"elementor-widget-container\">\n\t\t\t\t\t\t\t\t\t<p style=\"text-align: justify;\">Managing cyber risks in an increasingly digital world, combined with companies' concerns about protecting the data they hold, has recently become an essential tool and demand for it has grown exponentially.<\/p><p style=\"text-align: justify;\">Corbroker has solutions to meet the needs of companies. Cyber risk insurance offers business protection against the leakage of confidential data, computer hacking, computer viruses, sabotage or employee errors, looting of information and\/or identity theft.<\/p>\t\t\t\t\t\t\t\t<\/div>\n\t\t\t\t<\/div>\n\t\t\t\t<section class=\"elementor-section elementor-inner-section elementor-element elementor-element-5b71a503 elementor-section-boxed elementor-section-height-default elementor-section-height-default\" data-id=\"5b71a503\" data-element_type=\"section\" data-e-type=\"section\">\n\t\t\t\t\t\t<div class=\"elementor-container elementor-column-gap-no\">\n\t\t\t\t\t<div class=\"elementor-column elementor-col-50 elementor-inner-column elementor-element elementor-element-5b78599c\" data-id=\"5b78599c\" data-element_type=\"column\" data-e-type=\"column\" data-settings=\"{&quot;background_background&quot;:&quot;classic&quot;}\">\n\t\t\t<div class=\"elementor-widget-wrap elementor-element-populated\">\n\t\t\t\t\t\t<div class=\"elementor-element elementor-element-49243288 elementor-widget elementor-widget-heading\" data-id=\"49243288\" data-element_type=\"widget\" data-e-type=\"widget\" data-widget_type=\"heading.default\">\n\t\t\t\t<div class=\"elementor-widget-container\">\n\t\t\t\t\t<h2 class=\"elementor-heading-title elementor-size-default\">Scope of insurance<\/h2>\t\t\t\t<\/div>\n\t\t\t\t<\/div>\n\t\t\t\t<div class=\"elementor-element elementor-element-7fc63436 elementor-widget elementor-widget-text-editor\" data-id=\"7fc63436\" data-element_type=\"widget\" data-e-type=\"widget\" data-widget_type=\"text-editor.default\">\n\t\t\t\t<div class=\"elementor-widget-container\">\n\t\t\t\t\t\t\t\t\t<p style=\"text-align: justify;\">Guidance is provided by specialised teams with an immediate response, from the moment the problem is identified to monitoring and settling the claim, thus responding to the following coverages:<\/p><ul><li style=\"text-align: justify;\"><strong>Liability cover<\/strong> arising from security and privacy, in particular third-party claims arising from network security or data protection failures;<\/li><li style=\"text-align: justify;\"><strong>Occurrence management coverage<\/strong>Cover is applicable to a security breach or privacy violation, covering the costs of notifications, public relations and other services that help to manage and minimise a cyber incident. The costs of investigation, legal fees and monitoring the identity of victims of privacy breaches are included;<\/li><li style=\"text-align: justify;\"><strong>Loss of profit cover<\/strong> by computer system interruption: cover is applicable to an actual interruption of the insured's business operations caused by a computer system security breach, through reimbursement of lost profits and operating expenses;<\/li><li><strong>Cyber-extortion cover<\/strong>The cover applies to threats of malicious attacks on a client's security by an external entity with the intention of extorting money or other valuables. This includes investigation costs to determine its origin.<\/li><\/ul>\t\t\t\t\t\t\t\t<\/div>\n\t\t\t\t<\/div>\n\t\t\t\t\t<\/div>\n\t\t<\/div>\n\t\t\t\t<div class=\"elementor-column elementor-col-50 elementor-inner-column elementor-element elementor-element-6f33578f\" data-id=\"6f33578f\" data-element_type=\"column\" data-e-type=\"column\">\n\t\t\t<div class=\"elementor-widget-wrap elementor-element-populated\">\n\t\t\t\t\t\t<div class=\"elementor-element elementor-element-4c875bae elementor-widget elementor-widget-image\" data-id=\"4c875bae\" data-element_type=\"widget\" data-e-type=\"widget\" data-widget_type=\"image.default\">\n\t\t\t\t<div class=\"elementor-widget-container\">\n\t\t\t\t\t\t\t\t\t\t\t\t\t\t\t<img fetchpriority=\"high\" decoding=\"async\" width=\"1009\" height=\"1290\" src=\"https:\/\/corbroker.pt\/wp-content\/uploads\/2020\/05\/cyber-risk-3.jpg\" class=\"attachment-2048x2048 size-2048x2048 wp-image-4216\" alt=\"cyber-risk\" srcset=\"https:\/\/corbroker.pt\/wp-content\/uploads\/2020\/05\/cyber-risk-3.jpg 1009w, https:\/\/corbroker.pt\/wp-content\/uploads\/2020\/05\/cyber-risk-3-235x300.jpg 235w, https:\/\/corbroker.pt\/wp-content\/uploads\/2020\/05\/cyber-risk-3-801x1024.jpg 801w, https:\/\/corbroker.pt\/wp-content\/uploads\/2020\/05\/cyber-risk-3-768x982.jpg 768w\" sizes=\"(max-width: 1009px) 100vw, 1009px\" \/>\t\t\t\t\t\t\t\t\t\t\t\t\t\t\t<\/div>\n\t\t\t\t<\/div>\n\t\t\t\t<div class=\"elementor-element elementor-element-178516d4 elementor-widget elementor-widget-heading\" data-id=\"178516d4\" data-element_type=\"widget\" data-e-type=\"widget\" data-widget_type=\"heading.default\">\n\t\t\t\t<div class=\"elementor-widget-container\">\n\t\t\t\t\t<h2 class=\"elementor-heading-title elementor-size-default\">Elements needed to analyse risk<\/h2>\t\t\t\t<\/div>\n\t\t\t\t<\/div>\n\t\t\t\t<div class=\"elementor-element elementor-element-61025c8c elementor-widget elementor-widget-text-editor\" data-id=\"61025c8c\" data-element_type=\"widget\" data-e-type=\"widget\" data-widget_type=\"text-editor.default\">\n\t\t\t\t<div class=\"elementor-widget-container\">\n\t\t\t\t\t\t\t\t\t<ul><li>Completion of a questionnaire according to the size of the company.<\/li><\/ul>\t\t\t\t\t\t\t\t<\/div>\n\t\t\t\t<\/div>\n\t\t\t\t<div class=\"elementor-element elementor-element-288ab2ea elementor-widget elementor-widget-heading\" data-id=\"288ab2ea\" data-element_type=\"widget\" data-e-type=\"widget\" data-widget_type=\"heading.default\">\n\t\t\t\t<div class=\"elementor-widget-container\">\n\t\t\t\t\t<h3 class=\"elementor-heading-title elementor-size-default\">More information<\/h3>\t\t\t\t<\/div>\n\t\t\t\t<\/div>\n\t\t\t\t<div class=\"elementor-element elementor-element-3edaa6b4 elementor-button-info elementor-align-left elementor-widget elementor-widget-button\" data-id=\"3edaa6b4\" data-element_type=\"widget\" data-e-type=\"widget\" data-widget_type=\"button.default\">\n\t\t\t\t<div class=\"elementor-widget-container\">\n\t\t\t\t\t\t\t\t\t<div class=\"elementor-button-wrapper\">\n\t\t\t\t\t<a class=\"elementor-button elementor-button-link elementor-size-sm\" href=\"https:\/\/corbroker.pt\/en\/contact-companies\/\">\n\t\t\t\t\t\t<span class=\"elementor-button-content-wrapper\">\n\t\t\t\t\t\t<span class=\"elementor-button-icon\">\n\t\t\t\t<i aria-hidden=\"true\" class=\"fas fa-envelope\"><\/i>\t\t\t<\/span>\n\t\t\t\t\t\t\t\t\t<span class=\"elementor-button-text\">Companies<\/span>\n\t\t\t\t\t<\/span>\n\t\t\t\t\t<\/a>\n\t\t\t\t<\/div>\n\t\t\t\t\t\t\t\t<\/div>\n\t\t\t\t<\/div>\n\t\t\t\t<div class=\"elementor-element elementor-element-72db4b7d elementor-button-info elementor-align-left elementor-widget elementor-widget-button\" data-id=\"72db4b7d\" data-element_type=\"widget\" data-e-type=\"widget\" data-widget_type=\"button.default\">\n\t\t\t\t<div class=\"elementor-widget-container\">\n\t\t\t\t\t\t\t\t\t<div class=\"elementor-button-wrapper\">\n\t\t\t\t\t<a class=\"elementor-button elementor-button-link elementor-size-sm\" href=\"https:\/\/corbroker.pt\/en\/private-contacts\/\">\n\t\t\t\t\t\t<span class=\"elementor-button-content-wrapper\">\n\t\t\t\t\t\t<span class=\"elementor-button-icon\">\n\t\t\t\t<i aria-hidden=\"true\" class=\"fas fa-envelope\"><\/i>\t\t\t<\/span>\n\t\t\t\t\t\t\t\t\t<span class=\"elementor-button-text\">Private individuals<\/span>\n\t\t\t\t\t<\/span>\n\t\t\t\t\t<\/a>\n\t\t\t\t<\/div>\n\t\t\t\t\t\t\t\t<\/div>\n\t\t\t\t<\/div>\n\t\t\t\t\t<\/div>\n\t\t<\/div>\n\t\t\t\t\t<\/div>\n\t\t<\/section>\n\t\t\t\t\t<\/div>\n\t\t<\/div>\n\t\t\t\t\t<\/div>\n\t\t<\/section>\n\t\t\t\t<\/div>","protected":false},"excerpt":{"rendered":"<p>Destinat\u00e1rios Todas as empresas, independentemente da sua dimens\u00e3o que possuam sistemas inform\u00e1ticos e dados de terceiros. A gest\u00e3o dos riscos cibern\u00e9ticos, num mundo cada vez mais digital, aliada tamb\u00e9m \u00e0 preocupa\u00e7\u00e3o das empresas sobre a prote\u00e7\u00e3o dos dados em sua posse, tem-se tornado nos \u00faltimos tempos uma ferramenta imperiosa tendo a sua procura aumentado exponencialmente.<\/p>","protected":false},"author":2,"featured_media":0,"parent":0,"menu_order":0,"comment_status":"closed","ping_status":"closed","template":"","meta":{"_monsterinsights_skip_tracking":false,"_monsterinsights_sitenote_active":false,"_monsterinsights_sitenote_note":"","_monsterinsights_sitenote_category":0,"footnotes":""},"class_list":["post-3174","page","type-page","status-publish","hentry"],"yoast_head":"<!-- This site is optimized with the Yoast SEO plugin v27.6 - https:\/\/yoast.com\/product\/yoast-seo-wordpress\/ -->\n<title>Cyber risk - Corbroker<\/title>\n<meta name=\"description\" content=\"A gest\u00e3o de cyber risk, num mundo cada vez mais digital tem-se tornado uma ferramenta imperiosa tendo a sua procura aumentado exponencialmente.\" \/>\n<meta name=\"robots\" content=\"index, follow, max-snippet:-1, max-image-preview:large, max-video-preview:-1\" \/>\n<link rel=\"canonical\" href=\"https:\/\/corbroker.pt\/en\/cyber-risk\/\" \/>\n<meta property=\"og:locale\" content=\"en_GB\" \/>\n<meta property=\"og:type\" content=\"article\" \/>\n<meta property=\"og:title\" content=\"Cyber risk - Corbroker\" \/>\n<meta property=\"og:description\" content=\"A gest\u00e3o de cyber risk, num mundo cada vez mais digital tem-se tornado uma ferramenta imperiosa tendo a sua procura aumentado exponencialmente.\" \/>\n<meta property=\"og:url\" content=\"https:\/\/corbroker.pt\/en\/cyber-risk\/\" \/>\n<meta property=\"og:site_name\" content=\"Corbroker\" \/>\n<meta property=\"article:publisher\" content=\"https:\/\/www.facebook.com\/pages\/category\/Insurance-Agent\/Corbroker-SA-179804545370152\/\" \/>\n<meta property=\"article:modified_time\" content=\"2022-08-13T14:56:25+00:00\" \/>\n<meta property=\"og:image\" content=\"https:\/\/corbroker.pt\/wp-content\/uploads\/2020\/05\/cyber-risk-3.jpg\" \/>\n<meta name=\"twitter:card\" content=\"summary_large_image\" \/>\n<meta name=\"twitter:label1\" content=\"Estimated reading time\" \/>\n\t<meta name=\"twitter:data1\" content=\"2 minutes\" \/>\n<script type=\"application\/ld+json\" class=\"yoast-schema-graph\">{\"@context\":\"https:\\\/\\\/schema.org\",\"@graph\":[{\"@type\":\"WebPage\",\"@id\":\"https:\\\/\\\/corbroker.pt\\\/cyber-risk\\\/\",\"url\":\"https:\\\/\\\/corbroker.pt\\\/cyber-risk\\\/\",\"name\":\"Cyber risk - Corbroker\",\"isPartOf\":{\"@id\":\"https:\\\/\\\/corbroker.pt\\\/#website\"},\"primaryImageOfPage\":{\"@id\":\"https:\\\/\\\/corbroker.pt\\\/cyber-risk\\\/#primaryimage\"},\"image\":{\"@id\":\"https:\\\/\\\/corbroker.pt\\\/cyber-risk\\\/#primaryimage\"},\"thumbnailUrl\":\"https:\\\/\\\/corbroker.pt\\\/wp-content\\\/uploads\\\/2020\\\/05\\\/cyber-risk-3.jpg\",\"datePublished\":\"2020-05-07T16:18:29+00:00\",\"dateModified\":\"2022-08-13T14:56:25+00:00\",\"description\":\"A gest\u00e3o de cyber risk, num mundo cada vez mais digital tem-se tornado uma ferramenta imperiosa tendo a sua procura aumentado exponencialmente.\",\"breadcrumb\":{\"@id\":\"https:\\\/\\\/corbroker.pt\\\/cyber-risk\\\/#breadcrumb\"},\"inLanguage\":\"en-GB\",\"potentialAction\":[{\"@type\":\"ReadAction\",\"target\":[\"https:\\\/\\\/corbroker.pt\\\/cyber-risk\\\/\"]}]},{\"@type\":\"ImageObject\",\"inLanguage\":\"en-GB\",\"@id\":\"https:\\\/\\\/corbroker.pt\\\/cyber-risk\\\/#primaryimage\",\"url\":\"https:\\\/\\\/corbroker.pt\\\/wp-content\\\/uploads\\\/2020\\\/05\\\/cyber-risk-3.jpg\",\"contentUrl\":\"https:\\\/\\\/corbroker.pt\\\/wp-content\\\/uploads\\\/2020\\\/05\\\/cyber-risk-3.jpg\"},{\"@type\":\"BreadcrumbList\",\"@id\":\"https:\\\/\\\/corbroker.pt\\\/cyber-risk\\\/#breadcrumb\",\"itemListElement\":[{\"@type\":\"ListItem\",\"position\":1,\"name\":\"In\u00edcio\",\"item\":\"https:\\\/\\\/corbroker.pt\\\/\"},{\"@type\":\"ListItem\",\"position\":2,\"name\":\"Cyber risk\"}]},{\"@type\":\"WebSite\",\"@id\":\"https:\\\/\\\/corbroker.pt\\\/#website\",\"url\":\"https:\\\/\\\/corbroker.pt\\\/\",\"name\":\"Corbroker - corretores de seguros\",\"description\":\"Corretor de Seguros\",\"publisher\":{\"@id\":\"https:\\\/\\\/corbroker.pt\\\/#organization\"},\"potentialAction\":[{\"@type\":\"SearchAction\",\"target\":{\"@type\":\"EntryPoint\",\"urlTemplate\":\"https:\\\/\\\/corbroker.pt\\\/?s={search_term_string}\"},\"query-input\":{\"@type\":\"PropertyValueSpecification\",\"valueRequired\":true,\"valueName\":\"search_term_string\"}}],\"inLanguage\":\"en-GB\"},{\"@type\":\"Organization\",\"@id\":\"https:\\\/\\\/corbroker.pt\\\/#organization\",\"name\":\"Corbroker S.A.\",\"url\":\"https:\\\/\\\/corbroker.pt\\\/\",\"logo\":{\"@type\":\"ImageObject\",\"inLanguage\":\"en-GB\",\"@id\":\"https:\\\/\\\/corbroker.pt\\\/#\\\/schema\\\/logo\\\/image\\\/\",\"url\":\"https:\\\/\\\/corbroker.pt\\\/wp-content\\\/uploads\\\/2020\\\/04\\\/Corbroker-Logotipo-copy-e1588262618382.png\",\"contentUrl\":\"https:\\\/\\\/corbroker.pt\\\/wp-content\\\/uploads\\\/2020\\\/04\\\/Corbroker-Logotipo-copy-e1588262618382.png\",\"width\":300,\"height\":79,\"caption\":\"Corbroker S.A.\"},\"image\":{\"@id\":\"https:\\\/\\\/corbroker.pt\\\/#\\\/schema\\\/logo\\\/image\\\/\"},\"sameAs\":[\"https:\\\/\\\/www.facebook.com\\\/pages\\\/category\\\/Insurance-Agent\\\/Corbroker-SA-179804545370152\\\/\",\"https:\\\/\\\/www.linkedin.com\\\/company\\\/corbroker--corretores-de-seguros-sa.\\\/\"]}]}<\/script>\n<!-- \/ Yoast SEO plugin. -->","yoast_head_json":{"title":"Cyber risk - Corbroker","description":"In an increasingly digital world, cyber risk management has become an imperative tool and demand for it has grown exponentially.","robots":{"index":"index","follow":"follow","max-snippet":"max-snippet:-1","max-image-preview":"max-image-preview:large","max-video-preview":"max-video-preview:-1"},"canonical":"https:\/\/corbroker.pt\/en\/cyber-risk\/","og_locale":"en_GB","og_type":"article","og_title":"Cyber risk - Corbroker","og_description":"A gest\u00e3o de cyber risk, num mundo cada vez mais digital tem-se tornado uma ferramenta imperiosa tendo a sua procura aumentado exponencialmente.","og_url":"https:\/\/corbroker.pt\/en\/cyber-risk\/","og_site_name":"Corbroker","article_publisher":"https:\/\/www.facebook.com\/pages\/category\/Insurance-Agent\/Corbroker-SA-179804545370152\/","article_modified_time":"2022-08-13T14:56:25+00:00","og_image":[{"url":"https:\/\/corbroker.pt\/wp-content\/uploads\/2020\/05\/cyber-risk-3.jpg","type":"","width":"","height":""}],"twitter_card":"summary_large_image","twitter_misc":{"Estimated reading time":"2 minutes"},"schema":{"@context":"https:\/\/schema.org","@graph":[{"@type":"WebPage","@id":"https:\/\/corbroker.pt\/cyber-risk\/","url":"https:\/\/corbroker.pt\/cyber-risk\/","name":"Cyber risk - Corbroker","isPartOf":{"@id":"https:\/\/corbroker.pt\/#website"},"primaryImageOfPage":{"@id":"https:\/\/corbroker.pt\/cyber-risk\/#primaryimage"},"image":{"@id":"https:\/\/corbroker.pt\/cyber-risk\/#primaryimage"},"thumbnailUrl":"https:\/\/corbroker.pt\/wp-content\/uploads\/2020\/05\/cyber-risk-3.jpg","datePublished":"2020-05-07T16:18:29+00:00","dateModified":"2022-08-13T14:56:25+00:00","description":"In an increasingly digital world, cyber risk management has become an imperative tool and demand for it has grown exponentially.","breadcrumb":{"@id":"https:\/\/corbroker.pt\/cyber-risk\/#breadcrumb"},"inLanguage":"en-GB","potentialAction":[{"@type":"ReadAction","target":["https:\/\/corbroker.pt\/cyber-risk\/"]}]},{"@type":"ImageObject","inLanguage":"en-GB","@id":"https:\/\/corbroker.pt\/cyber-risk\/#primaryimage","url":"https:\/\/corbroker.pt\/wp-content\/uploads\/2020\/05\/cyber-risk-3.jpg","contentUrl":"https:\/\/corbroker.pt\/wp-content\/uploads\/2020\/05\/cyber-risk-3.jpg"},{"@type":"BreadcrumbList","@id":"https:\/\/corbroker.pt\/cyber-risk\/#breadcrumb","itemListElement":[{"@type":"ListItem","position":1,"name":"In\u00edcio","item":"https:\/\/corbroker.pt\/"},{"@type":"ListItem","position":2,"name":"Cyber risk"}]},{"@type":"WebSite","@id":"https:\/\/corbroker.pt\/#website","url":"https:\/\/corbroker.pt\/","name":"Corbroker - insurance brokers","description":"Insurance Broker","publisher":{"@id":"https:\/\/corbroker.pt\/#organization"},"potentialAction":[{"@type":"SearchAction","target":{"@type":"EntryPoint","urlTemplate":"https:\/\/corbroker.pt\/?s={search_term_string}"},"query-input":{"@type":"PropertyValueSpecification","valueRequired":true,"valueName":"search_term_string"}}],"inLanguage":"en-GB"},{"@type":"Organization","@id":"https:\/\/corbroker.pt\/#organization","name":"Corbroker S.A.","url":"https:\/\/corbroker.pt\/","logo":{"@type":"ImageObject","inLanguage":"en-GB","@id":"https:\/\/corbroker.pt\/#\/schema\/logo\/image\/","url":"https:\/\/corbroker.pt\/wp-content\/uploads\/2020\/04\/Corbroker-Logotipo-copy-e1588262618382.png","contentUrl":"https:\/\/corbroker.pt\/wp-content\/uploads\/2020\/04\/Corbroker-Logotipo-copy-e1588262618382.png","width":300,"height":79,"caption":"Corbroker S.A."},"image":{"@id":"https:\/\/corbroker.pt\/#\/schema\/logo\/image\/"},"sameAs":["https:\/\/www.facebook.com\/pages\/category\/Insurance-Agent\/Corbroker-SA-179804545370152\/","https:\/\/www.linkedin.com\/company\/corbroker--corretores-de-seguros-sa.\/"]}]}},"_links":{"self":[{"href":"https:\/\/corbroker.pt\/en\/wp-json\/wp\/v2\/pages\/3174","targetHints":{"allow":["GET"]}}],"collection":[{"href":"https:\/\/corbroker.pt\/en\/wp-json\/wp\/v2\/pages"}],"about":[{"href":"https:\/\/corbroker.pt\/en\/wp-json\/wp\/v2\/types\/page"}],"author":[{"embeddable":true,"href":"https:\/\/corbroker.pt\/en\/wp-json\/wp\/v2\/users\/2"}],"replies":[{"embeddable":true,"href":"https:\/\/corbroker.pt\/en\/wp-json\/wp\/v2\/comments?post=3174"}],"version-history":[{"count":7,"href":"https:\/\/corbroker.pt\/en\/wp-json\/wp\/v2\/pages\/3174\/revisions"}],"predecessor-version":[{"id":4317,"href":"https:\/\/corbroker.pt\/en\/wp-json\/wp\/v2\/pages\/3174\/revisions\/4317"}],"wp:attachment":[{"href":"https:\/\/corbroker.pt\/en\/wp-json\/wp\/v2\/media?parent=3174"}],"curies":[{"name":"wp","href":"https:\/\/api.w.org\/{rel}","templated":true}]}}