{"id":3185,"date":"2020-05-07T16:29:59","date_gmt":"2020-05-07T16:29:59","guid":{"rendered":"https:\/\/corbroker.pt\/?page_id=3185"},"modified":"2022-08-13T14:57:39","modified_gmt":"2022-08-13T14:57:39","slug":"health","status":"publish","type":"page","link":"https:\/\/corbroker.pt\/en\/saude\/","title":{"rendered":"Health"},"content":{"rendered":"<div data-elementor-type=\"wp-page\" data-elementor-id=\"3185\" class=\"elementor elementor-3185\">\n\t\t\t\t\t\t<section class=\"elementor-section elementor-top-section elementor-element elementor-element-30cda41f elementor-section-stretched elementor-section-boxed elementor-section-height-default elementor-section-height-default\" data-id=\"30cda41f\" data-element_type=\"section\" data-e-type=\"section\" data-settings=\"{&quot;stretch_section&quot;:&quot;section-stretched&quot;}\">\n\t\t\t\t\t\t<div class=\"elementor-container elementor-column-gap-default\">\n\t\t\t\t\t<div class=\"elementor-column elementor-col-100 elementor-top-column elementor-element elementor-element-3db89bb7\" data-id=\"3db89bb7\" data-element_type=\"column\" data-e-type=\"column\" data-settings=\"{&quot;background_background&quot;:&quot;classic&quot;}\">\n\t\t\t<div class=\"elementor-widget-wrap elementor-element-populated\">\n\t\t\t\t\t\t<div class=\"elementor-element elementor-element-e392cc7 elementor-widget elementor-widget-heading\" data-id=\"e392cc7\" data-element_type=\"widget\" data-e-type=\"widget\" data-widget_type=\"heading.default\">\n\t\t\t\t<div class=\"elementor-widget-container\">\n\t\t\t\t\t<h6 class=\"elementor-heading-title elementor-size-default\">Recipients<\/h6>\t\t\t\t<\/div>\n\t\t\t\t<\/div>\n\t\t\t\t<div class=\"elementor-element elementor-element-27a7a82b elementor-widget elementor-widget-heading\" data-id=\"27a7a82b\" data-element_type=\"widget\" data-e-type=\"widget\" data-widget_type=\"heading.default\">\n\t\t\t\t<div class=\"elementor-widget-container\">\n\t\t\t\t\t<h2 class=\"elementor-heading-title elementor-size-default\">Companies and individuals.<\/h2>\t\t\t\t<\/div>\n\t\t\t\t<\/div>\n\t\t\t\t<div class=\"elementor-element elementor-element-1c2708d1 elementor-widget elementor-widget-text-editor\" data-id=\"1c2708d1\" data-element_type=\"widget\" data-e-type=\"widget\" data-widget_type=\"text-editor.default\">\n\t\t\t\t<div class=\"elementor-widget-container\">\n\t\t\t\t\t\t\t\t\t<p style=\"text-align: justify;\">Health insurance gives employees access to the healthcare they need. In practical terms, it's an alternative to the long queues at public emergency services and the difficulty of getting an appointment for a speciality doctor more quickly. Health insurance is a strong mechanism for guaranteeing the retention of talent in companies, as employees increasingly value this benefit. As well as being a protection for the employee, it also offers tax benefits for companies, in accordance with Article 43 of the IRC Code.<\/p><p style=\"text-align: justify;\">We have a wide range of offers for our customers, including several alternatives.<\/p>\t\t\t\t\t\t\t\t<\/div>\n\t\t\t\t<\/div>\n\t\t\t\t<section class=\"elementor-section elementor-inner-section elementor-element elementor-element-1d7c04ee elementor-section-boxed elementor-section-height-default elementor-section-height-default\" data-id=\"1d7c04ee\" data-element_type=\"section\" data-e-type=\"section\">\n\t\t\t\t\t\t<div class=\"elementor-container elementor-column-gap-no\">\n\t\t\t\t\t<div class=\"elementor-column elementor-col-50 elementor-inner-column elementor-element elementor-element-ddbd396\" data-id=\"ddbd396\" data-element_type=\"column\" data-e-type=\"column\" data-settings=\"{&quot;background_background&quot;:&quot;classic&quot;}\">\n\t\t\t<div class=\"elementor-widget-wrap elementor-element-populated\">\n\t\t\t\t\t\t<div class=\"elementor-element elementor-element-431eeb54 elementor-widget elementor-widget-heading\" data-id=\"431eeb54\" data-element_type=\"widget\" data-e-type=\"widget\" data-widget_type=\"heading.default\">\n\t\t\t\t<div class=\"elementor-widget-container\">\n\t\t\t\t\t<h2 class=\"elementor-heading-title elementor-size-default\">Scope of insurance<\/h2>\t\t\t\t<\/div>\n\t\t\t\t<\/div>\n\t\t\t\t<div class=\"elementor-element elementor-element-1346a82f elementor-widget elementor-widget-text-editor\" data-id=\"1346a82f\" data-element_type=\"widget\" data-e-type=\"widget\" data-widget_type=\"text-editor.default\">\n\t\t\t\t<div class=\"elementor-widget-container\">\n\t\t\t\t\t\t\t\t\t<ul><li><strong>Plan <em>standard<\/em><\/strong> - The company chooses a plan according to the existing and predefined models, contracting the module that best suits it;<\/li><li><strong>Insurance plan <em>taylor made<\/em><\/strong> - A \"tailor-made suit\" is made<em> of <\/em>according to needs in terms of cover and capital, for companies with more than 100 employees;<\/li><li><strong>Oncology plan<\/strong> - We offer an oncology product that supports all our clients' needs, such as psychological support, hospitalisation, family support and treatments;<\/li><li><strong>Health card<\/strong> - It's an option with no waiting periods, no pre-existing conditions and no age limit. With this card, we offer our customers quality medical care at agreed prices.<\/li><\/ul>\t\t\t\t\t\t\t\t<\/div>\n\t\t\t\t<\/div>\n\t\t\t\t\t<\/div>\n\t\t<\/div>\n\t\t\t\t<div class=\"elementor-column elementor-col-50 elementor-inner-column elementor-element elementor-element-1c6ae1dc\" data-id=\"1c6ae1dc\" data-element_type=\"column\" data-e-type=\"column\">\n\t\t\t<div class=\"elementor-widget-wrap elementor-element-populated\">\n\t\t\t\t\t\t<div class=\"elementor-element elementor-element-67bddee9 elementor-widget elementor-widget-image\" data-id=\"67bddee9\" data-element_type=\"widget\" data-e-type=\"widget\" data-widget_type=\"image.default\">\n\t\t\t\t<div class=\"elementor-widget-container\">\n\t\t\t\t\t\t\t\t\t\t\t\t\t\t\t<img fetchpriority=\"high\" decoding=\"async\" width=\"647\" height=\"1000\" src=\"https:\/\/corbroker.pt\/wp-content\/uploads\/2020\/05\/saude-3.jpg\" class=\"attachment-2048x2048 size-2048x2048 wp-image-4228\" alt=\"health\" srcset=\"https:\/\/corbroker.pt\/wp-content\/uploads\/2020\/05\/saude-3.jpg 647w, https:\/\/corbroker.pt\/wp-content\/uploads\/2020\/05\/saude-3-194x300.jpg 194w\" sizes=\"(max-width: 647px) 100vw, 647px\" \/>\t\t\t\t\t\t\t\t\t\t\t\t\t\t\t<\/div>\n\t\t\t\t<\/div>\n\t\t\t\t\t<\/div>\n\t\t<\/div>\n\t\t\t\t\t<\/div>\n\t\t<\/section>\n\t\t\t\t<section class=\"elementor-section elementor-inner-section elementor-element elementor-element-e3f9f59 elementor-section-boxed elementor-section-height-default elementor-section-height-default\" data-id=\"e3f9f59\" data-element_type=\"section\" data-e-type=\"section\">\n\t\t\t\t\t\t<div class=\"elementor-container elementor-column-gap-no\">\n\t\t\t\t\t<div class=\"elementor-column elementor-col-50 elementor-inner-column elementor-element elementor-element-16b2fed\" data-id=\"16b2fed\" data-element_type=\"column\" data-e-type=\"column\" data-settings=\"{&quot;background_background&quot;:&quot;classic&quot;}\">\n\t\t\t<div class=\"elementor-widget-wrap elementor-element-populated\">\n\t\t\t\t\t\t<div class=\"elementor-element elementor-element-0edba49 elementor-widget elementor-widget-text-editor\" data-id=\"0edba49\" data-element_type=\"widget\" data-e-type=\"widget\" data-widget_type=\"text-editor.default\">\n\t\t\t\t<div class=\"elementor-widget-container\">\n\t\t\t\t\t\t\t\t\t<p style=\"text-align: justify;\">Our offer is very complete and comprehensive, with cover tailored to each situation:<\/p><ul><li style=\"text-align: justify;\">Hospitalisation;<\/li><li style=\"text-align: justify;\">Childbirth;<\/li><li style=\"text-align: justify;\">Outpatients;<\/li><li style=\"text-align: justify;\">Enquiry <em>online<\/em>;<\/li><li style=\"text-align: justify;\">Prosthetics and orthotics;<\/li><li style=\"text-align: justify;\">Stomatology;<\/li><li style=\"text-align: justify;\">Second medical opinion;<\/li><li style=\"text-align: justify;\">International coverage;<\/li><li style=\"text-align: justify;\">Preventive medicine;<\/li><li style=\"text-align: justify;\">Medicines;<\/li><li style=\"text-align: justify;\">Oncology;<\/li><li style=\"text-align: justify;\">Unconventional therapies.<\/li><\/ul>\t\t\t\t\t\t\t\t<\/div>\n\t\t\t\t<\/div>\n\t\t\t\t\t<\/div>\n\t\t<\/div>\n\t\t\t\t<div class=\"elementor-column elementor-col-50 elementor-inner-column elementor-element elementor-element-00685ce\" data-id=\"00685ce\" data-element_type=\"column\" data-e-type=\"column\">\n\t\t\t<div class=\"elementor-widget-wrap elementor-element-populated\">\n\t\t\t\t\t\t<div class=\"elementor-element elementor-element-364da238 elementor-widget elementor-widget-heading\" data-id=\"364da238\" data-element_type=\"widget\" data-e-type=\"widget\" data-widget_type=\"heading.default\">\n\t\t\t\t<div class=\"elementor-widget-container\">\n\t\t\t\t\t<h2 class=\"elementor-heading-title elementor-size-default\">Elements needed to analyse risk<\/h2>\t\t\t\t<\/div>\n\t\t\t\t<\/div>\n\t\t\t\t<div class=\"elementor-element elementor-element-6613565b elementor-widget elementor-widget-text-editor\" data-id=\"6613565b\" data-element_type=\"widget\" data-e-type=\"widget\" data-widget_type=\"text-editor.default\">\n\t\t\t\t<div class=\"elementor-widget-container\">\n\t\t\t\t\t\t\t\t\t<ul><li style=\"text-align: justify;\">Claims data for the last three annuities in the case of companies;<\/li><li style=\"text-align: justify;\">Medical questionnaire for private individuals.<\/li><\/ul><p style=\"text-align: justify;\">We have protocols with the main insurers on the market for private clients.<\/p>\t\t\t\t\t\t\t\t<\/div>\n\t\t\t\t<\/div>\n\t\t\t\t<div class=\"elementor-element elementor-element-3b92cd00 elementor-widget elementor-widget-heading\" data-id=\"3b92cd00\" data-element_type=\"widget\" data-e-type=\"widget\" data-widget_type=\"heading.default\">\n\t\t\t\t<div class=\"elementor-widget-container\">\n\t\t\t\t\t<h3 class=\"elementor-heading-title elementor-size-default\">More information<\/h3>\t\t\t\t<\/div>\n\t\t\t\t<\/div>\n\t\t\t\t<div class=\"elementor-element elementor-element-6dc44d20 elementor-button-info elementor-widget elementor-widget-button\" data-id=\"6dc44d20\" data-element_type=\"widget\" data-e-type=\"widget\" data-widget_type=\"button.default\">\n\t\t\t\t<div class=\"elementor-widget-container\">\n\t\t\t\t\t\t\t\t\t<div class=\"elementor-button-wrapper\">\n\t\t\t\t\t<a class=\"elementor-button elementor-button-link elementor-size-sm\" href=\"https:\/\/corbroker.pt\/en\/contact-companies\/\">\n\t\t\t\t\t\t<span class=\"elementor-button-content-wrapper\">\n\t\t\t\t\t\t<span class=\"elementor-button-icon\">\n\t\t\t\t<i aria-hidden=\"true\" class=\"fas fa-envelope\"><\/i>\t\t\t<\/span>\n\t\t\t\t\t\t\t\t\t<span class=\"elementor-button-text\">Companies<\/span>\n\t\t\t\t\t<\/span>\n\t\t\t\t\t<\/a>\n\t\t\t\t<\/div>\n\t\t\t\t\t\t\t\t<\/div>\n\t\t\t\t<\/div>\n\t\t\t\t<div class=\"elementor-element elementor-element-978f9af elementor-button-info elementor-widget elementor-widget-button\" data-id=\"978f9af\" data-element_type=\"widget\" data-e-type=\"widget\" data-widget_type=\"button.default\">\n\t\t\t\t<div class=\"elementor-widget-container\">\n\t\t\t\t\t\t\t\t\t<div class=\"elementor-button-wrapper\">\n\t\t\t\t\t<a class=\"elementor-button elementor-button-link elementor-size-sm\" href=\"https:\/\/corbroker.pt\/en\/private-contacts\/\">\n\t\t\t\t\t\t<span class=\"elementor-button-content-wrapper\">\n\t\t\t\t\t\t<span class=\"elementor-button-icon\">\n\t\t\t\t<i aria-hidden=\"true\" class=\"fas fa-envelope\"><\/i>\t\t\t<\/span>\n\t\t\t\t\t\t\t\t\t<span class=\"elementor-button-text\">Private individuals<\/span>\n\t\t\t\t\t<\/span>\n\t\t\t\t\t<\/a>\n\t\t\t\t<\/div>\n\t\t\t\t\t\t\t\t<\/div>\n\t\t\t\t<\/div>\n\t\t\t\t\t<\/div>\n\t\t<\/div>\n\t\t\t\t\t<\/div>\n\t\t<\/section>\n\t\t\t\t\t<\/div>\n\t\t<\/div>\n\t\t\t\t\t<\/div>\n\t\t<\/section>\n\t\t\t\t<\/div>","protected":false},"excerpt":{"rendered":"<p>Recipients Companies and individuals. Health insurance gives employees access to the healthcare they need. In practical terms, it's an alternative to the long queues at public emergency services and the difficulty of getting an appointment for a speciality doctor more quickly. Health insurance is<\/p>","protected":false},"author":2,"featured_media":0,"parent":0,"menu_order":0,"comment_status":"closed","ping_status":"closed","template":"","meta":{"_monsterinsights_skip_tracking":false,"_monsterinsights_sitenote_active":false,"_monsterinsights_sitenote_note":"","_monsterinsights_sitenote_category":0,"footnotes":""},"class_list":["post-3185","page","type-page","status-publish","hentry"],"yoast_head":"<!-- This site is optimized with the Yoast SEO plugin v27.6 - https:\/\/yoast.com\/product\/yoast-seo-wordpress\/ -->\n<title>Sa\u00fade - Corbroker<\/title>\n<meta name=\"description\" content=\"O seguro de sa\u00fade permite o acesso aos cuidados de sa\u00fade que os colaboradores necessitam. Temos protocolos com os principais seguradores do mercado para os clientes particulares.\" \/>\n<meta name=\"robots\" content=\"index, follow, max-snippet:-1, max-image-preview:large, max-video-preview:-1\" \/>\n<link rel=\"canonical\" href=\"https:\/\/corbroker.pt\/en\/health\/\" \/>\n<meta property=\"og:locale\" content=\"en_GB\" \/>\n<meta property=\"og:type\" content=\"article\" \/>\n<meta property=\"og:title\" content=\"Sa\u00fade - Corbroker\" \/>\n<meta property=\"og:description\" content=\"O seguro de sa\u00fade permite o acesso aos cuidados de sa\u00fade que os colaboradores necessitam. Temos protocolos com os principais seguradores do mercado para os clientes particulares.\" \/>\n<meta property=\"og:url\" content=\"https:\/\/corbroker.pt\/en\/health\/\" \/>\n<meta property=\"og:site_name\" content=\"Corbroker\" \/>\n<meta property=\"article:publisher\" content=\"https:\/\/www.facebook.com\/pages\/category\/Insurance-Agent\/Corbroker-SA-179804545370152\/\" \/>\n<meta property=\"article:modified_time\" content=\"2022-08-13T14:57:39+00:00\" \/>\n<meta property=\"og:image\" content=\"https:\/\/corbroker.pt\/wp-content\/uploads\/2020\/05\/saude-3.jpg\" \/>\n<meta name=\"twitter:card\" content=\"summary_large_image\" \/>\n<meta name=\"twitter:label1\" content=\"Estimated reading time\" \/>\n\t<meta name=\"twitter:data1\" content=\"2 minutes\" \/>\n<script type=\"application\/ld+json\" class=\"yoast-schema-graph\">{\"@context\":\"https:\\\/\\\/schema.org\",\"@graph\":[{\"@type\":\"WebPage\",\"@id\":\"https:\\\/\\\/corbroker.pt\\\/saude\\\/\",\"url\":\"https:\\\/\\\/corbroker.pt\\\/saude\\\/\",\"name\":\"Sa\u00fade - Corbroker\",\"isPartOf\":{\"@id\":\"https:\\\/\\\/corbroker.pt\\\/#website\"},\"primaryImageOfPage\":{\"@id\":\"https:\\\/\\\/corbroker.pt\\\/saude\\\/#primaryimage\"},\"image\":{\"@id\":\"https:\\\/\\\/corbroker.pt\\\/saude\\\/#primaryimage\"},\"thumbnailUrl\":\"https:\\\/\\\/corbroker.pt\\\/wp-content\\\/uploads\\\/2020\\\/05\\\/saude-3.jpg\",\"datePublished\":\"2020-05-07T16:29:59+00:00\",\"dateModified\":\"2022-08-13T14:57:39+00:00\",\"description\":\"O seguro de sa\u00fade permite o acesso aos cuidados de sa\u00fade que os colaboradores necessitam. Temos protocolos com os principais seguradores do mercado para os clientes particulares.\",\"breadcrumb\":{\"@id\":\"https:\\\/\\\/corbroker.pt\\\/saude\\\/#breadcrumb\"},\"inLanguage\":\"en-GB\",\"potentialAction\":[{\"@type\":\"ReadAction\",\"target\":[\"https:\\\/\\\/corbroker.pt\\\/saude\\\/\"]}]},{\"@type\":\"ImageObject\",\"inLanguage\":\"en-GB\",\"@id\":\"https:\\\/\\\/corbroker.pt\\\/saude\\\/#primaryimage\",\"url\":\"https:\\\/\\\/corbroker.pt\\\/wp-content\\\/uploads\\\/2020\\\/05\\\/saude-3.jpg\",\"contentUrl\":\"https:\\\/\\\/corbroker.pt\\\/wp-content\\\/uploads\\\/2020\\\/05\\\/saude-3.jpg\"},{\"@type\":\"BreadcrumbList\",\"@id\":\"https:\\\/\\\/corbroker.pt\\\/saude\\\/#breadcrumb\",\"itemListElement\":[{\"@type\":\"ListItem\",\"position\":1,\"name\":\"In\u00edcio\",\"item\":\"https:\\\/\\\/corbroker.pt\\\/\"},{\"@type\":\"ListItem\",\"position\":2,\"name\":\"Sa\u00fade\"}]},{\"@type\":\"WebSite\",\"@id\":\"https:\\\/\\\/corbroker.pt\\\/#website\",\"url\":\"https:\\\/\\\/corbroker.pt\\\/\",\"name\":\"Corbroker - corretores de seguros\",\"description\":\"Corretor de Seguros\",\"publisher\":{\"@id\":\"https:\\\/\\\/corbroker.pt\\\/#organization\"},\"potentialAction\":[{\"@type\":\"SearchAction\",\"target\":{\"@type\":\"EntryPoint\",\"urlTemplate\":\"https:\\\/\\\/corbroker.pt\\\/?s={search_term_string}\"},\"query-input\":{\"@type\":\"PropertyValueSpecification\",\"valueRequired\":true,\"valueName\":\"search_term_string\"}}],\"inLanguage\":\"en-GB\"},{\"@type\":\"Organization\",\"@id\":\"https:\\\/\\\/corbroker.pt\\\/#organization\",\"name\":\"Corbroker S.A.\",\"url\":\"https:\\\/\\\/corbroker.pt\\\/\",\"logo\":{\"@type\":\"ImageObject\",\"inLanguage\":\"en-GB\",\"@id\":\"https:\\\/\\\/corbroker.pt\\\/#\\\/schema\\\/logo\\\/image\\\/\",\"url\":\"https:\\\/\\\/corbroker.pt\\\/wp-content\\\/uploads\\\/2020\\\/04\\\/Corbroker-Logotipo-copy-e1588262618382.png\",\"contentUrl\":\"https:\\\/\\\/corbroker.pt\\\/wp-content\\\/uploads\\\/2020\\\/04\\\/Corbroker-Logotipo-copy-e1588262618382.png\",\"width\":300,\"height\":79,\"caption\":\"Corbroker S.A.\"},\"image\":{\"@id\":\"https:\\\/\\\/corbroker.pt\\\/#\\\/schema\\\/logo\\\/image\\\/\"},\"sameAs\":[\"https:\\\/\\\/www.facebook.com\\\/pages\\\/category\\\/Insurance-Agent\\\/Corbroker-SA-179804545370152\\\/\",\"https:\\\/\\\/www.linkedin.com\\\/company\\\/corbroker--corretores-de-seguros-sa.\\\/\"]}]}<\/script>\n<!-- \/ Yoast SEO plugin. -->","yoast_head_json":{"title":"Health - Corbroker","description":"Health insurance gives employees access to the healthcare they need. We have protocols with the main insurers on the market for private clients.","robots":{"index":"index","follow":"follow","max-snippet":"max-snippet:-1","max-image-preview":"max-image-preview:large","max-video-preview":"max-video-preview:-1"},"canonical":"https:\/\/corbroker.pt\/en\/health\/","og_locale":"en_GB","og_type":"article","og_title":"Sa\u00fade - Corbroker","og_description":"O seguro de sa\u00fade permite o acesso aos cuidados de sa\u00fade que os colaboradores necessitam. Temos protocolos com os principais seguradores do mercado para os clientes particulares.","og_url":"https:\/\/corbroker.pt\/en\/health\/","og_site_name":"Corbroker","article_publisher":"https:\/\/www.facebook.com\/pages\/category\/Insurance-Agent\/Corbroker-SA-179804545370152\/","article_modified_time":"2022-08-13T14:57:39+00:00","og_image":[{"url":"https:\/\/corbroker.pt\/wp-content\/uploads\/2020\/05\/saude-3.jpg","type":"","width":"","height":""}],"twitter_card":"summary_large_image","twitter_misc":{"Estimated reading time":"2 minutes"},"schema":{"@context":"https:\/\/schema.org","@graph":[{"@type":"WebPage","@id":"https:\/\/corbroker.pt\/saude\/","url":"https:\/\/corbroker.pt\/saude\/","name":"Health - Corbroker","isPartOf":{"@id":"https:\/\/corbroker.pt\/#website"},"primaryImageOfPage":{"@id":"https:\/\/corbroker.pt\/saude\/#primaryimage"},"image":{"@id":"https:\/\/corbroker.pt\/saude\/#primaryimage"},"thumbnailUrl":"https:\/\/corbroker.pt\/wp-content\/uploads\/2020\/05\/saude-3.jpg","datePublished":"2020-05-07T16:29:59+00:00","dateModified":"2022-08-13T14:57:39+00:00","description":"Health insurance gives employees access to the healthcare they need. We have protocols with the main insurers on the market for private clients.","breadcrumb":{"@id":"https:\/\/corbroker.pt\/saude\/#breadcrumb"},"inLanguage":"en-GB","potentialAction":[{"@type":"ReadAction","target":["https:\/\/corbroker.pt\/saude\/"]}]},{"@type":"ImageObject","inLanguage":"en-GB","@id":"https:\/\/corbroker.pt\/saude\/#primaryimage","url":"https:\/\/corbroker.pt\/wp-content\/uploads\/2020\/05\/saude-3.jpg","contentUrl":"https:\/\/corbroker.pt\/wp-content\/uploads\/2020\/05\/saude-3.jpg"},{"@type":"BreadcrumbList","@id":"https:\/\/corbroker.pt\/saude\/#breadcrumb","itemListElement":[{"@type":"ListItem","position":1,"name":"In\u00edcio","item":"https:\/\/corbroker.pt\/"},{"@type":"ListItem","position":2,"name":"Sa\u00fade"}]},{"@type":"WebSite","@id":"https:\/\/corbroker.pt\/#website","url":"https:\/\/corbroker.pt\/","name":"Corbroker - insurance brokers","description":"Insurance Broker","publisher":{"@id":"https:\/\/corbroker.pt\/#organization"},"potentialAction":[{"@type":"SearchAction","target":{"@type":"EntryPoint","urlTemplate":"https:\/\/corbroker.pt\/?s={search_term_string}"},"query-input":{"@type":"PropertyValueSpecification","valueRequired":true,"valueName":"search_term_string"}}],"inLanguage":"en-GB"},{"@type":"Organization","@id":"https:\/\/corbroker.pt\/#organization","name":"Corbroker S.A.","url":"https:\/\/corbroker.pt\/","logo":{"@type":"ImageObject","inLanguage":"en-GB","@id":"https:\/\/corbroker.pt\/#\/schema\/logo\/image\/","url":"https:\/\/corbroker.pt\/wp-content\/uploads\/2020\/04\/Corbroker-Logotipo-copy-e1588262618382.png","contentUrl":"https:\/\/corbroker.pt\/wp-content\/uploads\/2020\/04\/Corbroker-Logotipo-copy-e1588262618382.png","width":300,"height":79,"caption":"Corbroker S.A."},"image":{"@id":"https:\/\/corbroker.pt\/#\/schema\/logo\/image\/"},"sameAs":["https:\/\/www.facebook.com\/pages\/category\/Insurance-Agent\/Corbroker-SA-179804545370152\/","https:\/\/www.linkedin.com\/company\/corbroker--corretores-de-seguros-sa.\/"]}]}},"_links":{"self":[{"href":"https:\/\/corbroker.pt\/en\/wp-json\/wp\/v2\/pages\/3185","targetHints":{"allow":["GET"]}}],"collection":[{"href":"https:\/\/corbroker.pt\/en\/wp-json\/wp\/v2\/pages"}],"about":[{"href":"https:\/\/corbroker.pt\/en\/wp-json\/wp\/v2\/types\/page"}],"author":[{"embeddable":true,"href":"https:\/\/corbroker.pt\/en\/wp-json\/wp\/v2\/users\/2"}],"replies":[{"embeddable":true,"href":"https:\/\/corbroker.pt\/en\/wp-json\/wp\/v2\/comments?post=3185"}],"version-history":[{"count":6,"href":"https:\/\/corbroker.pt\/en\/wp-json\/wp\/v2\/pages\/3185\/revisions"}],"predecessor-version":[{"id":4321,"href":"https:\/\/corbroker.pt\/en\/wp-json\/wp\/v2\/pages\/3185\/revisions\/4321"}],"wp:attachment":[{"href":"https:\/\/corbroker.pt\/en\/wp-json\/wp\/v2\/media?parent=3185"}],"curies":[{"name":"wp","href":"https:\/\/api.w.org\/{rel}","templated":true}]}}