{"id":3315,"date":"2020-05-08T16:28:12","date_gmt":"2020-05-08T16:28:12","guid":{"rendered":"https:\/\/corbroker.pt\/?page_id=3315"},"modified":"2022-10-17T19:56:25","modified_gmt":"2022-10-17T19:56:25","slug":"information-duties-in-particular","status":"publish","type":"page","link":"https:\/\/corbroker.pt\/en\/deveres-de-informacao-em-especial\/","title":{"rendered":"Information duties in particular"},"content":{"rendered":"<div data-elementor-type=\"wp-page\" data-elementor-id=\"3315\" class=\"elementor elementor-3315\">\n\t\t\t\t\t\t<div class=\"elementor-section elementor-top-section elementor-element elementor-element-2d98a9a2 elementor-section-stretched elementor-section-content-middle elementor-section-boxed elementor-section-height-default elementor-section-height-default\" data-id=\"2d98a9a2\" data-element_type=\"section\" data-e-type=\"section\" data-settings=\"{&quot;stretch_section&quot;:&quot;section-stretched&quot;}\">\n\t\t\t\t\t\t<div class=\"elementor-container elementor-column-gap-no\">\n\t\t\t\t\t<div class=\"elementor-column elementor-col-100 elementor-top-column elementor-element elementor-element-5d3e4751 elementor-invisible\" data-id=\"5d3e4751\" data-element_type=\"column\" data-e-type=\"column\" data-settings=\"{&quot;background_background&quot;:&quot;classic&quot;,&quot;animation&quot;:&quot;fadeInLeft&quot;}\">\n\t\t\t<div class=\"elementor-widget-wrap elementor-element-populated\">\n\t\t\t\t\t\t<div class=\"elementor-element elementor-element-2b4861b5 elementor-widget elementor-widget-heading\" data-id=\"2b4861b5\" data-element_type=\"widget\" data-e-type=\"widget\" data-widget_type=\"heading.default\">\n\t\t\t\t<div class=\"elementor-widget-container\">\n\t\t\t\t\t<h1 class=\"elementor-heading-title elementor-size-default\">Special Information Duties<br>(Article 31 of Law 7\/2019 of 16 January)\n<\/h1>\t\t\t\t<\/div>\n\t\t\t\t<\/div>\n\t\t\t\t<div class=\"elementor-element elementor-element-6de0737a elementor-widget elementor-widget-heading\" data-id=\"6de0737a\" data-element_type=\"widget\" data-e-type=\"widget\" data-widget_type=\"heading.default\">\n\t\t\t\t<div class=\"elementor-widget-container\">\n\t\t\t\t\t<h2 class=\"elementor-heading-title elementor-size-default\">Identity<\/h2>\t\t\t\t<\/div>\n\t\t\t\t<\/div>\n\t\t\t\t<div class=\"elementor-element elementor-element-4495bfd1 elementor-widget elementor-widget-text-editor\" data-id=\"4495bfd1\" data-element_type=\"widget\" data-e-type=\"widget\" data-widget_type=\"text-editor.default\">\n\t\t\t\t<div class=\"elementor-widget-container\">\n\t\t\t\t\t\t\t\t\t<p style=\"text-align: justify;\">Corbroker - Corretores de Seguros, S.A., with registered office at Av. 5 de Outubro, 17 - 2\u00ba andar, 1050-047 Lisboa (telephone 213245140), holder of the Corporate Identification Card with the number 503239470, registered with the Commercial Registry Office of Lisbon, with share capital of 71,000 euros, insurance broker registered on 27.01.2007, in the register of the ASF - Autoridade de Supervis\u00e3o de Seguros e Fundos de Pens\u00f5es (Insurance and Pension Funds Supervisory Authority), with the category of Insurance Broker, under no. 607083914\/3, with authorisation to carry out the activity of insurance distribution within the scope of Life and Non-Life Insurance, which can be verified and confirmed at <a href=\"http:\/\/www.asf.com.pt\">www.asf.com.pt<\/a>, informs its clients, under the terms and for the purposes of article 31 of the Legal Framework for Insurance and Reinsurance Distribution (RJDSR) (Law no. 7\/2019, of 16 January), that:<\/p>\t\t\t\t\t\t\t\t<\/div>\n\t\t\t\t<\/div>\n\t\t\t\t<div class=\"elementor-element elementor-element-08b4a28 elementor-position-left elementor-view-default elementor-vertical-align-top elementor-widget elementor-widget-icon-box\" data-id=\"08b4a28\" data-element_type=\"widget\" data-e-type=\"widget\" data-widget_type=\"icon-box.default\">\n\t\t\t\t<div class=\"elementor-widget-container\">\n\t\t\t\t\t        <div class=\"elementor-icon-box-wrapper\">\r\n                    <div class=\"elementor-icon-box-icon\">\r\n            <a class=\"elementor-icon elementor-animation-\" href=\"https:\/\/corbroker.pt\/wp-content\/uploads\/2020\/05\/certificado-Mediador.pdf\">\r\n            <i class=\"lexus-icon-download\" aria-hidden=\"true\"><\/i>\r\n            <\/a>\r\n            <\/div>\r\n                <div class=\"elementor-icon-box-content\">\r\n            <h3 class=\"elementor-icon-box-title\">\r\n                <a href=\"https:\/\/corbroker.pt\/wp-content\/uploads\/2020\/05\/certificado-Mediador.pdf\">Mediator's certificate<\/a>\r\n            <\/h3>\r\n            <p class=\"elementor-icon-box-description\"><\/p>\r\n            <\/div>\r\n        <\/div>\r\n        \t\t\t\t<\/div>\n\t\t\t\t<\/div>\n\t\t\t\t<div class=\"elementor-element elementor-element-c9ad303 elementor-widget elementor-widget-heading\" data-id=\"c9ad303\" data-element_type=\"widget\" data-e-type=\"widget\" data-widget_type=\"heading.default\">\n\t\t\t\t<div class=\"elementor-widget-container\">\n\t\t\t\t\t<h2 class=\"elementor-heading-title elementor-size-default\">Independence<\/h2>\t\t\t\t<\/div>\n\t\t\t\t<\/div>\n\t\t\t\t<div class=\"elementor-element elementor-element-a6b02dc elementor-widget elementor-widget-text-editor\" data-id=\"a6b02dc\" data-element_type=\"widget\" data-e-type=\"widget\" data-widget_type=\"text-editor.default\">\n\t\t\t\t<div class=\"elementor-widget-container\">\n\t\t\t\t\t\t\t\t\t<p style=\"text-align: justify;\">It has no shareholding, nor is it held, directly or indirectly, in or by any Insurer.<\/p><p style=\"text-align: justify;\">Corbroker carries out its activity independently of the Insurers, carrying out an impartial analysis of a sufficient number of insurance contracts available on the market to enable it to make a recommendation, in accordance with professional criteria, as to the insurance contract best suited to the Client's needs.<\/p><p style=\"text-align: justify;\">To the extent applicable, Corbroker will inform the client of the names of the insurance companies it works with that are relevant to the requirements and needs presented.<\/p>\t\t\t\t\t\t\t\t<\/div>\n\t\t\t\t<\/div>\n\t\t\t\t<div class=\"elementor-element elementor-element-5642fc0 elementor-widget elementor-widget-heading\" data-id=\"5642fc0\" data-element_type=\"widget\" data-e-type=\"widget\" data-widget_type=\"heading.default\">\n\t\t\t\t<div class=\"elementor-widget-container\">\n\t\t\t\t\t<h2 class=\"elementor-heading-title elementor-size-default\">Intervention<\/h2>\t\t\t\t<\/div>\n\t\t\t\t<\/div>\n\t\t\t\t<div class=\"elementor-element elementor-element-ee20109 elementor-widget elementor-widget-text-editor\" data-id=\"ee20109\" data-element_type=\"widget\" data-e-type=\"widget\" data-widget_type=\"text-editor.default\">\n\t\t\t\t<div class=\"elementor-widget-container\">\n\t\t\t\t\t\t\t\t\t<p style=\"text-align: justify;\">Corbroker's intervention does not end with the conclusion of the\u00a0<a href=\"https:\/\/www.costaduarte.pt\/pt\/governance\/glossario\/12-contrato-de-seguro\">insurance contract<\/a>Corbroker is authorised to receive premiums to be paid to the insurance company, involving the provision of assistance throughout the respective period of validity. Corbroker is authorised to receive premiums for delivery to the insurance company, as well as reversals and compensation for delivery to policyholders, insured persons, beneficiaries or injured third parties.<\/p><p>Generally speaking, it is authorised to take out insurance in the name of and on behalf of insurance companies, but it never proposes or assumes risk cover in its own name, which is the exclusive competence of insurance companies, under the terms of the applicable legislation.<\/p>\t\t\t\t\t\t\t\t<\/div>\n\t\t\t\t<\/div>\n\t\t\t\t<div class=\"elementor-element elementor-element-5b0e9eb elementor-widget elementor-widget-heading\" data-id=\"5b0e9eb\" data-element_type=\"widget\" data-e-type=\"widget\" data-widget_type=\"heading.default\">\n\t\t\t\t<div class=\"elementor-widget-container\">\n\t\t\t\t\t<h2 class=\"elementor-heading-title elementor-size-default\">Counselling<\/h2>\t\t\t\t<\/div>\n\t\t\t\t<\/div>\n\t\t\t\t<div class=\"elementor-element elementor-element-17f329a elementor-widget elementor-widget-text-editor\" data-id=\"17f329a\" data-element_type=\"widget\" data-e-type=\"widget\" data-widget_type=\"text-editor.default\">\n\t\t\t\t<div class=\"elementor-widget-container\">\n\t\t\t\t\t\t\t\t\t<p style=\"text-align: justify;\">Corbroker provides advice based on the impartial analysis of a sufficiently large and diverse number of insurance contracts available on the market, enabling it to make a recommendation, in accordance with professional criteria, as to the insurance contract best suited to the client's needs.<\/p>\t\t\t\t\t\t\t\t<\/div>\n\t\t\t\t<\/div>\n\t\t\t\t<div class=\"elementor-element elementor-element-367ddd8 elementor-widget elementor-widget-heading\" data-id=\"367ddd8\" data-element_type=\"widget\" data-e-type=\"widget\" data-widget_type=\"heading.default\">\n\t\t\t\t<div class=\"elementor-widget-container\">\n\t\t\t\t\t<h2 class=\"elementor-heading-title elementor-size-default\">Remuneration<\/h2>\t\t\t\t<\/div>\n\t\t\t\t<\/div>\n\t\t\t\t<div class=\"elementor-element elementor-element-201e4b7 elementor-widget elementor-widget-text-editor\" data-id=\"201e4b7\" data-element_type=\"widget\" data-e-type=\"widget\" data-widget_type=\"text-editor.default\">\n\t\t\t\t<div class=\"elementor-widget-container\">\n\t\t\t\t\t\t\t\t\t<p style=\"text-align: justify;\">Corbroker's remuneration (fixed or variable) for the insurance distribution activity may consist of:<\/p><ul><li>A commission calculated and included in the amount of the premium paid by the client to the insurance company where the insurance is placed;<\/li><li>Charging the client directly for previously agreed professional fees;<\/li><li>Other types of remuneration in connection with the insurance contract;<\/li><li>In combination with any type of remuneration mentioned above.<\/li><\/ul><p>The client has the right to request information on the amount of remuneration to be received for the provision of the insurance distribution service, which will be provided on request to their account manager.<\/p>\t\t\t\t\t\t\t\t<\/div>\n\t\t\t\t<\/div>\n\t\t\t\t<div class=\"elementor-element elementor-element-bd51c08 elementor-widget elementor-widget-heading\" data-id=\"bd51c08\" data-element_type=\"widget\" data-e-type=\"widget\" data-widget_type=\"heading.default\">\n\t\t\t\t<div class=\"elementor-widget-container\">\n\t\t\t\t\t<h2 class=\"elementor-heading-title elementor-size-default\">Solidarity<\/h2>\t\t\t\t<\/div>\n\t\t\t\t<\/div>\n\t\t\t\t<div class=\"elementor-element elementor-element-c0e8227 elementor-widget elementor-widget-text-editor\" data-id=\"c0e8227\" data-element_type=\"widget\" data-e-type=\"widget\" data-widget_type=\"text-editor.default\">\n\t\t\t\t<div class=\"elementor-widget-container\">\n\t\t\t\t\t\t\t\t\t<p style=\"text-align: justify;\">Normally, other intermediaries do not intervene in the insurance contracts concluded for the client, but if several insurance intermediaries or an ancillary insurance intermediary and one or more insurance intermediaries intervene in the same insurance contract, they are all jointly and severally liable to the insured, the policyholders and the insurance companies for the acts of distribution carried out.<\/p><p style=\"text-align: justify;\">Additionally, Corbroker informs that:<\/p><p style=\"text-align: justify;\">It is the Client's responsibility to provide accurate and complete information, as well as the correct answer to the questions asked in the insurance proposal, the absence or inaccuracy of which may invalidate all or part of the risk cover or prevent the Broker from advising the most appropriate product;<\/p><p style=\"text-align: justify;\">The Client assumes full responsibility for the solution chosen with regard to cover, exclusions, deductibles and capital when different from that advised by the Broker;<\/p><p style=\"text-align: justify;\">Without prejudice to their information obligations as a broker, the Client must carefully read all the terms and conditions of the insurance contract they enter into.<\/p><p style=\"text-align: justify;\">Corbroker acts on behalf of the client and in the name and on behalf of the insurance company.<\/p><p style=\"text-align: justify;\">Your website is <a href=\"https:\/\/corbroker.pt\/en\/\">www.corbroker.pt<\/a> and the e-mail <a href=\"mailto:seguros@corbroker.pt\">seguros@corbroker.pt<\/a><\/p>\t\t\t\t\t\t\t\t<\/div>\n\t\t\t\t<\/div>\n\t\t\t\t\t<\/div>\n\t\t<\/div>\n\t\t\t\t\t<\/div>\n\t\t<\/div>\n\t\t\t\t<\/div>","protected":false},"excerpt":{"rendered":"<p>Special Information Duties (Article 31 of Law 7\/2019, of 16 January) Identity Corbroker - Corretores de Seguros, S.A., with registered office at Av. 5 de Outubro, 17 - 2\u00ba andar, 1050-047 Lisboa (telephone 213245140), holder of the Corporate Identification Card with the number 503239470, registered with the Commercial Registry Office of Lisbon,<\/p>","protected":false},"author":2,"featured_media":0,"parent":0,"menu_order":0,"comment_status":"closed","ping_status":"closed","template":"","meta":{"_monsterinsights_skip_tracking":false,"_monsterinsights_sitenote_active":false,"_monsterinsights_sitenote_note":"","_monsterinsights_sitenote_category":0,"footnotes":""},"class_list":["post-3315","page","type-page","status-publish","hentry"],"yoast_head":"<!-- This site is optimized with the Yoast SEO plugin v27.6 - https:\/\/yoast.com\/product\/yoast-seo-wordpress\/ -->\n<title>Deveres de Informa\u00e7\u00e3o em especial - Corbroker<\/title>\n<meta name=\"robots\" content=\"index, follow, max-snippet:-1, max-image-preview:large, max-video-preview:-1\" \/>\n<link rel=\"canonical\" href=\"https:\/\/corbroker.pt\/en\/information-duties-in-particular\/\" \/>\n<meta property=\"og:locale\" content=\"en_GB\" \/>\n<meta property=\"og:type\" content=\"article\" \/>\n<meta property=\"og:title\" content=\"Deveres de Informa\u00e7\u00e3o em especial - Corbroker\" \/>\n<meta property=\"og:description\" content=\"Deveres de Informa\u00e7\u00e3o em Especial(Artigo 31\u00ba, da Lei 7\/2019, de 16 de Janeiro) Identidade Corbroker \u2013 Corretores de Seguros, S.A., com sede na Av. 5 de Outubro, 17 &#8211; 2\u00ba andar, 1050-047 Lisboa (telefone 213245140), titular do Cart\u00e3o de Identifica\u00e7\u00e3o de Pessoa Coletiva com o n\u00famero 503239470, matriculada na Conservat\u00f3ria do Registo Comercial de Lisboa,\" \/>\n<meta property=\"og:url\" content=\"https:\/\/corbroker.pt\/en\/information-duties-in-particular\/\" \/>\n<meta property=\"og:site_name\" content=\"Corbroker\" \/>\n<meta property=\"article:publisher\" content=\"https:\/\/www.facebook.com\/pages\/category\/Insurance-Agent\/Corbroker-SA-179804545370152\/\" \/>\n<meta property=\"article:modified_time\" content=\"2022-10-17T19:56:25+00:00\" \/>\n<meta name=\"twitter:card\" content=\"summary_large_image\" \/>\n<meta name=\"twitter:label1\" content=\"Estimated reading time\" \/>\n\t<meta name=\"twitter:data1\" content=\"4 minutes\" \/>\n<script type=\"application\/ld+json\" class=\"yoast-schema-graph\">{\"@context\":\"https:\\\/\\\/schema.org\",\"@graph\":[{\"@type\":\"WebPage\",\"@id\":\"https:\\\/\\\/corbroker.pt\\\/deveres-de-informacao-em-especial\\\/\",\"url\":\"https:\\\/\\\/corbroker.pt\\\/deveres-de-informacao-em-especial\\\/\",\"name\":\"Deveres de Informa\u00e7\u00e3o em especial - Corbroker\",\"isPartOf\":{\"@id\":\"https:\\\/\\\/corbroker.pt\\\/#website\"},\"datePublished\":\"2020-05-08T16:28:12+00:00\",\"dateModified\":\"2022-10-17T19:56:25+00:00\",\"breadcrumb\":{\"@id\":\"https:\\\/\\\/corbroker.pt\\\/deveres-de-informacao-em-especial\\\/#breadcrumb\"},\"inLanguage\":\"en-GB\",\"potentialAction\":[{\"@type\":\"ReadAction\",\"target\":[\"https:\\\/\\\/corbroker.pt\\\/deveres-de-informacao-em-especial\\\/\"]}]},{\"@type\":\"BreadcrumbList\",\"@id\":\"https:\\\/\\\/corbroker.pt\\\/deveres-de-informacao-em-especial\\\/#breadcrumb\",\"itemListElement\":[{\"@type\":\"ListItem\",\"position\":1,\"name\":\"In\u00edcio\",\"item\":\"https:\\\/\\\/corbroker.pt\\\/\"},{\"@type\":\"ListItem\",\"position\":2,\"name\":\"Deveres de Informa\u00e7\u00e3o em especial\"}]},{\"@type\":\"WebSite\",\"@id\":\"https:\\\/\\\/corbroker.pt\\\/#website\",\"url\":\"https:\\\/\\\/corbroker.pt\\\/\",\"name\":\"Corbroker - corretores de seguros\",\"description\":\"Corretor de Seguros\",\"publisher\":{\"@id\":\"https:\\\/\\\/corbroker.pt\\\/#organization\"},\"potentialAction\":[{\"@type\":\"SearchAction\",\"target\":{\"@type\":\"EntryPoint\",\"urlTemplate\":\"https:\\\/\\\/corbroker.pt\\\/?s={search_term_string}\"},\"query-input\":{\"@type\":\"PropertyValueSpecification\",\"valueRequired\":true,\"valueName\":\"search_term_string\"}}],\"inLanguage\":\"en-GB\"},{\"@type\":\"Organization\",\"@id\":\"https:\\\/\\\/corbroker.pt\\\/#organization\",\"name\":\"Corbroker S.A.\",\"url\":\"https:\\\/\\\/corbroker.pt\\\/\",\"logo\":{\"@type\":\"ImageObject\",\"inLanguage\":\"en-GB\",\"@id\":\"https:\\\/\\\/corbroker.pt\\\/#\\\/schema\\\/logo\\\/image\\\/\",\"url\":\"https:\\\/\\\/corbroker.pt\\\/wp-content\\\/uploads\\\/2020\\\/04\\\/Corbroker-Logotipo-copy-e1588262618382.png\",\"contentUrl\":\"https:\\\/\\\/corbroker.pt\\\/wp-content\\\/uploads\\\/2020\\\/04\\\/Corbroker-Logotipo-copy-e1588262618382.png\",\"width\":300,\"height\":79,\"caption\":\"Corbroker S.A.\"},\"image\":{\"@id\":\"https:\\\/\\\/corbroker.pt\\\/#\\\/schema\\\/logo\\\/image\\\/\"},\"sameAs\":[\"https:\\\/\\\/www.facebook.com\\\/pages\\\/category\\\/Insurance-Agent\\\/Corbroker-SA-179804545370152\\\/\",\"https:\\\/\\\/www.linkedin.com\\\/company\\\/corbroker--corretores-de-seguros-sa.\\\/\"]}]}<\/script>\n<!-- \/ Yoast SEO plugin. -->","yoast_head_json":{"title":"Information duties in particular - Corbroker","robots":{"index":"index","follow":"follow","max-snippet":"max-snippet:-1","max-image-preview":"max-image-preview:large","max-video-preview":"max-video-preview:-1"},"canonical":"https:\/\/corbroker.pt\/en\/information-duties-in-particular\/","og_locale":"en_GB","og_type":"article","og_title":"Deveres de Informa\u00e7\u00e3o em especial - Corbroker","og_description":"Deveres de Informa\u00e7\u00e3o em Especial(Artigo 31\u00ba, da Lei 7\/2019, de 16 de Janeiro) Identidade Corbroker \u2013 Corretores de Seguros, S.A., com sede na Av. 5 de Outubro, 17 &#8211; 2\u00ba andar, 1050-047 Lisboa (telefone 213245140), titular do Cart\u00e3o de Identifica\u00e7\u00e3o de Pessoa Coletiva com o n\u00famero 503239470, matriculada na Conservat\u00f3ria do Registo Comercial de Lisboa,","og_url":"https:\/\/corbroker.pt\/en\/information-duties-in-particular\/","og_site_name":"Corbroker","article_publisher":"https:\/\/www.facebook.com\/pages\/category\/Insurance-Agent\/Corbroker-SA-179804545370152\/","article_modified_time":"2022-10-17T19:56:25+00:00","twitter_card":"summary_large_image","twitter_misc":{"Estimated reading time":"4 minutes"},"schema":{"@context":"https:\/\/schema.org","@graph":[{"@type":"WebPage","@id":"https:\/\/corbroker.pt\/deveres-de-informacao-em-especial\/","url":"https:\/\/corbroker.pt\/deveres-de-informacao-em-especial\/","name":"Information duties in particular - Corbroker","isPartOf":{"@id":"https:\/\/corbroker.pt\/#website"},"datePublished":"2020-05-08T16:28:12+00:00","dateModified":"2022-10-17T19:56:25+00:00","breadcrumb":{"@id":"https:\/\/corbroker.pt\/deveres-de-informacao-em-especial\/#breadcrumb"},"inLanguage":"en-GB","potentialAction":[{"@type":"ReadAction","target":["https:\/\/corbroker.pt\/deveres-de-informacao-em-especial\/"]}]},{"@type":"BreadcrumbList","@id":"https:\/\/corbroker.pt\/deveres-de-informacao-em-especial\/#breadcrumb","itemListElement":[{"@type":"ListItem","position":1,"name":"In\u00edcio","item":"https:\/\/corbroker.pt\/"},{"@type":"ListItem","position":2,"name":"Deveres de Informa\u00e7\u00e3o em especial"}]},{"@type":"WebSite","@id":"https:\/\/corbroker.pt\/#website","url":"https:\/\/corbroker.pt\/","name":"Corbroker - insurance brokers","description":"Insurance Broker","publisher":{"@id":"https:\/\/corbroker.pt\/#organization"},"potentialAction":[{"@type":"SearchAction","target":{"@type":"EntryPoint","urlTemplate":"https:\/\/corbroker.pt\/?s={search_term_string}"},"query-input":{"@type":"PropertyValueSpecification","valueRequired":true,"valueName":"search_term_string"}}],"inLanguage":"en-GB"},{"@type":"Organization","@id":"https:\/\/corbroker.pt\/#organization","name":"Corbroker S.A.","url":"https:\/\/corbroker.pt\/","logo":{"@type":"ImageObject","inLanguage":"en-GB","@id":"https:\/\/corbroker.pt\/#\/schema\/logo\/image\/","url":"https:\/\/corbroker.pt\/wp-content\/uploads\/2020\/04\/Corbroker-Logotipo-copy-e1588262618382.png","contentUrl":"https:\/\/corbroker.pt\/wp-content\/uploads\/2020\/04\/Corbroker-Logotipo-copy-e1588262618382.png","width":300,"height":79,"caption":"Corbroker S.A."},"image":{"@id":"https:\/\/corbroker.pt\/#\/schema\/logo\/image\/"},"sameAs":["https:\/\/www.facebook.com\/pages\/category\/Insurance-Agent\/Corbroker-SA-179804545370152\/","https:\/\/www.linkedin.com\/company\/corbroker--corretores-de-seguros-sa.\/"]}]}},"_links":{"self":[{"href":"https:\/\/corbroker.pt\/en\/wp-json\/wp\/v2\/pages\/3315","targetHints":{"allow":["GET"]}}],"collection":[{"href":"https:\/\/corbroker.pt\/en\/wp-json\/wp\/v2\/pages"}],"about":[{"href":"https:\/\/corbroker.pt\/en\/wp-json\/wp\/v2\/types\/page"}],"author":[{"embeddable":true,"href":"https:\/\/corbroker.pt\/en\/wp-json\/wp\/v2\/users\/2"}],"replies":[{"embeddable":true,"href":"https:\/\/corbroker.pt\/en\/wp-json\/wp\/v2\/comments?post=3315"}],"version-history":[{"count":38,"href":"https:\/\/corbroker.pt\/en\/wp-json\/wp\/v2\/pages\/3315\/revisions"}],"predecessor-version":[{"id":5241,"href":"https:\/\/corbroker.pt\/en\/wp-json\/wp\/v2\/pages\/3315\/revisions\/5241"}],"wp:attachment":[{"href":"https:\/\/corbroker.pt\/en\/wp-json\/wp\/v2\/media?parent=3315"}],"curies":[{"name":"wp","href":"https:\/\/api.w.org\/{rel}","templated":true}]}}