{"id":3386,"date":"2020-05-11T09:59:31","date_gmt":"2020-05-11T09:59:31","guid":{"rendered":"https:\/\/corbroker.pt\/?page_id=3386"},"modified":"2022-08-13T11:55:43","modified_gmt":"2022-08-13T11:55:43","slug":"general-conditions-of-use","status":"publish","type":"page","link":"https:\/\/corbroker.pt\/en\/condicoes-gerais-utilizacao\/","title":{"rendered":"General conditions of use"},"content":{"rendered":"<div data-elementor-type=\"wp-page\" data-elementor-id=\"3386\" class=\"elementor elementor-3386\">\n\t\t\t\t\t\t<div class=\"elementor-section elementor-top-section elementor-element elementor-element-3e68606b elementor-section-stretched elementor-section-content-middle elementor-section-boxed elementor-section-height-default elementor-section-height-default\" data-id=\"3e68606b\" data-element_type=\"section\" data-e-type=\"section\" data-settings=\"{&quot;stretch_section&quot;:&quot;section-stretched&quot;}\">\n\t\t\t\t\t\t<div class=\"elementor-container elementor-column-gap-no\">\n\t\t\t\t\t<div class=\"elementor-column elementor-col-100 elementor-top-column elementor-element elementor-element-363e63a7 elementor-invisible\" data-id=\"363e63a7\" data-element_type=\"column\" data-e-type=\"column\" data-settings=\"{&quot;background_background&quot;:&quot;classic&quot;,&quot;animation&quot;:&quot;fadeInLeft&quot;}\">\n\t\t\t<div class=\"elementor-widget-wrap elementor-element-populated\">\n\t\t\t\t\t\t<div class=\"elementor-element elementor-element-2de9048e elementor-widget elementor-widget-heading\" data-id=\"2de9048e\" data-element_type=\"widget\" data-e-type=\"widget\" data-widget_type=\"heading.default\">\n\t\t\t\t<div class=\"elementor-widget-container\">\n\t\t\t\t\t<h1 class=\"elementor-heading-title elementor-size-default\">General conditions of use<\/h1>\t\t\t\t<\/div>\n\t\t\t\t<\/div>\n\t\t\t\t<div class=\"elementor-element elementor-element-6456213c elementor-widget elementor-widget-text-editor\" data-id=\"6456213c\" data-element_type=\"widget\" data-e-type=\"widget\" data-widget_type=\"text-editor.default\">\n\t\t\t\t<div class=\"elementor-widget-container\">\n\t\t\t\t\t\t\t\t\t<p style=\"text-align: justify;\">Conditions for the provision of information and presentation of products and services by Corbroker - Corretores de Seguros, S.A. (hereinafter also referred to as Corbroker), with registered office in Lisbon, at Av. 5 de Outubro 17, 2\u00ba andar, 1050-047 Lisboa, with share capital of \u20ac66,000, registered with the Lisbon Commercial Registry Office under NIPC 503 239 470 and registered with the A.S.F. under no. 607083914\/3.<\/p><p style=\"text-align: justify;\"><strong>By accessing the site <a href=\"https:\/\/corbroker.pt\/en\/\">www.corbroker.pt<\/a>the user expressly subscribes to the terms and conditions set out below:<\/strong><\/p><ul><li style=\"text-align: justify;\">The information provided is of a general and merely indicative nature and is intended exclusively to enable the User to adequately consider the range of products and services offered by Corbroker, as well as to be aware of the legal and mandatory information relating to Corbroker's activity as an insurance broker;<\/li><li style=\"text-align: justify;\">Corbroker endeavours to ensure that the information provided is accurate, complete and up-to-date;<\/li><li style=\"text-align: justify;\">The website <a href=\"https:\/\/corbroker.pt\/en\/\">www.corbroker.pt<\/a> may include links to Internet sites owned or operated by third parties. When you use the links to these third-party sites, you must review and accept the rules of these sites before using them. You must also accept that Corbroker does not control the content of these sites and cannot assume any responsibility for the materials created or published by these third-party sites;<\/li><li style=\"text-align: justify;\">All the information and, in general, the contents of the site <a href=\"https:\/\/corbroker.pt\/en\/\">www.corbroker.pt<\/a> may be amended without prior notice, with the exception of those expressly required to do so by law;<\/li><li style=\"text-align: justify;\">Corbroker disclaims any liability for material or personal loss or damage that may arise directly or indirectly from the improper use of the information contained on this website;<\/li><li style=\"text-align: justify;\">The user of this website recognises the intellectual property rights of Corbroker - Corretores de Seguros, S.A. over the elements that make it up, namely the texts, images, graphics and logos used;<\/li><li style=\"text-align: justify;\">Corbroker permits you to view its pages on your computer or to print copies of extracts from these pages solely for your personal use and not for redistribution, unless Corbroker permits you to do so in writing;<\/li><li style=\"text-align: justify;\">The website is made available to the User via telecommunications networks, for whose transmission errors or technical deficiencies Corbroker - Corretores de Seguros, S.A. is not responsible;<\/li><li style=\"text-align: justify;\">Any attempts to alter information, upload information or any other action that may cause damage and jeopardise the integrity of the system are strictly prohibited and may be punished in accordance with current legislation;<\/li><li style=\"text-align: justify;\">Total or partial reproduction of any of the site's content is not permitted <a href=\"https:\/\/corbroker.pt\/en\/\">www.corbroker.pt<\/a>without prior authorisation from their owners.<\/li><\/ul>\t\t\t\t\t\t\t\t<\/div>\n\t\t\t\t<\/div>\n\t\t\t\t\t<\/div>\n\t\t<\/div>\n\t\t\t\t\t<\/div>\n\t\t<\/div>\n\t\t\t\t<\/div>","protected":false},"excerpt":{"rendered":"<p>General conditions of use Conditions for the provision of information and presentation of products and services of Corbroker - Corretores de Seguros, S.A. (hereinafter also referred to as Corbroker), with registered office in Lisbon, at Av. 5 de Outubro 17, 2\u00ba andar, 1050-047 Lisboa, with share capital of \u20ac 66,000, registered at<\/p>","protected":false},"author":2,"featured_media":0,"parent":0,"menu_order":0,"comment_status":"closed","ping_status":"closed","template":"","meta":{"_monsterinsights_skip_tracking":false,"_monsterinsights_sitenote_active":false,"_monsterinsights_sitenote_note":"","_monsterinsights_sitenote_category":0,"footnotes":""},"class_list":["post-3386","page","type-page","status-publish","hentry"],"yoast_head":"<!-- This site is optimized with the Yoast SEO plugin v27.6 - https:\/\/yoast.com\/product\/yoast-seo-wordpress\/ -->\n<title>Condi\u00e7\u00f5es gerais utiliza\u00e7\u00e3o - Corbroker<\/title>\n<meta name=\"description\" content=\"Condi\u00e7\u00f5es gerais de utiliza\u00e7\u00e3o da Corbroker \u2013 Corretores de Seguros, S.A. com sede em Lisboa, na Av. 5 de Outubro 35, 8\u00ba andar, 1050-047 Lisboa.\" \/>\n<meta name=\"robots\" content=\"index, follow, max-snippet:-1, max-image-preview:large, max-video-preview:-1\" \/>\n<link rel=\"canonical\" href=\"https:\/\/corbroker.pt\/en\/general-conditions-of-use\/\" \/>\n<meta property=\"og:locale\" content=\"en_GB\" \/>\n<meta property=\"og:type\" content=\"article\" \/>\n<meta property=\"og:title\" content=\"Condi\u00e7\u00f5es gerais utiliza\u00e7\u00e3o - Corbroker\" \/>\n<meta property=\"og:description\" content=\"Condi\u00e7\u00f5es gerais de utiliza\u00e7\u00e3o da Corbroker \u2013 Corretores de Seguros, S.A. com sede em Lisboa, na Av. 5 de Outubro 35, 8\u00ba andar, 1050-047 Lisboa.\" \/>\n<meta property=\"og:url\" content=\"https:\/\/corbroker.pt\/en\/general-conditions-of-use\/\" \/>\n<meta property=\"og:site_name\" content=\"Corbroker\" \/>\n<meta property=\"article:publisher\" content=\"https:\/\/www.facebook.com\/pages\/category\/Insurance-Agent\/Corbroker-SA-179804545370152\/\" \/>\n<meta property=\"article:modified_time\" content=\"2022-08-13T11:55:43+00:00\" \/>\n<meta name=\"twitter:card\" content=\"summary_large_image\" \/>\n<meta name=\"twitter:label1\" content=\"Estimated reading time\" \/>\n\t<meta name=\"twitter:data1\" content=\"2 minutes\" \/>\n<script type=\"application\/ld+json\" class=\"yoast-schema-graph\">{\"@context\":\"https:\\\/\\\/schema.org\",\"@graph\":[{\"@type\":\"WebPage\",\"@id\":\"https:\\\/\\\/corbroker.pt\\\/condicoes-gerais-utilizacao\\\/\",\"url\":\"https:\\\/\\\/corbroker.pt\\\/condicoes-gerais-utilizacao\\\/\",\"name\":\"Condi\u00e7\u00f5es gerais utiliza\u00e7\u00e3o - Corbroker\",\"isPartOf\":{\"@id\":\"https:\\\/\\\/corbroker.pt\\\/#website\"},\"datePublished\":\"2020-05-11T09:59:31+00:00\",\"dateModified\":\"2022-08-13T11:55:43+00:00\",\"description\":\"Condi\u00e7\u00f5es gerais de utiliza\u00e7\u00e3o da Corbroker \u2013 Corretores de Seguros, S.A. com sede em Lisboa, na Av. 5 de Outubro 35, 8\u00ba andar, 1050-047 Lisboa.\",\"breadcrumb\":{\"@id\":\"https:\\\/\\\/corbroker.pt\\\/condicoes-gerais-utilizacao\\\/#breadcrumb\"},\"inLanguage\":\"en-GB\",\"potentialAction\":[{\"@type\":\"ReadAction\",\"target\":[\"https:\\\/\\\/corbroker.pt\\\/condicoes-gerais-utilizacao\\\/\"]}]},{\"@type\":\"BreadcrumbList\",\"@id\":\"https:\\\/\\\/corbroker.pt\\\/condicoes-gerais-utilizacao\\\/#breadcrumb\",\"itemListElement\":[{\"@type\":\"ListItem\",\"position\":1,\"name\":\"In\u00edcio\",\"item\":\"https:\\\/\\\/corbroker.pt\\\/\"},{\"@type\":\"ListItem\",\"position\":2,\"name\":\"Condi\u00e7\u00f5es gerais utiliza\u00e7\u00e3o\"}]},{\"@type\":\"WebSite\",\"@id\":\"https:\\\/\\\/corbroker.pt\\\/#website\",\"url\":\"https:\\\/\\\/corbroker.pt\\\/\",\"name\":\"Corbroker - corretores de seguros\",\"description\":\"Corretor de Seguros\",\"publisher\":{\"@id\":\"https:\\\/\\\/corbroker.pt\\\/#organization\"},\"potentialAction\":[{\"@type\":\"SearchAction\",\"target\":{\"@type\":\"EntryPoint\",\"urlTemplate\":\"https:\\\/\\\/corbroker.pt\\\/?s={search_term_string}\"},\"query-input\":{\"@type\":\"PropertyValueSpecification\",\"valueRequired\":true,\"valueName\":\"search_term_string\"}}],\"inLanguage\":\"en-GB\"},{\"@type\":\"Organization\",\"@id\":\"https:\\\/\\\/corbroker.pt\\\/#organization\",\"name\":\"Corbroker S.A.\",\"url\":\"https:\\\/\\\/corbroker.pt\\\/\",\"logo\":{\"@type\":\"ImageObject\",\"inLanguage\":\"en-GB\",\"@id\":\"https:\\\/\\\/corbroker.pt\\\/#\\\/schema\\\/logo\\\/image\\\/\",\"url\":\"https:\\\/\\\/corbroker.pt\\\/wp-content\\\/uploads\\\/2020\\\/04\\\/Corbroker-Logotipo-copy-e1588262618382.png\",\"contentUrl\":\"https:\\\/\\\/corbroker.pt\\\/wp-content\\\/uploads\\\/2020\\\/04\\\/Corbroker-Logotipo-copy-e1588262618382.png\",\"width\":300,\"height\":79,\"caption\":\"Corbroker S.A.\"},\"image\":{\"@id\":\"https:\\\/\\\/corbroker.pt\\\/#\\\/schema\\\/logo\\\/image\\\/\"},\"sameAs\":[\"https:\\\/\\\/www.facebook.com\\\/pages\\\/category\\\/Insurance-Agent\\\/Corbroker-SA-179804545370152\\\/\",\"https:\\\/\\\/www.linkedin.com\\\/company\\\/corbroker--corretores-de-seguros-sa.\\\/\"]}]}<\/script>\n<!-- \/ Yoast SEO plugin. -->","yoast_head_json":{"title":"General conditions of use - Corbroker","description":"General conditions of use of Corbroker - Corretores de Seguros, S.A. with head office in Lisbon at Av. 5 de Outubro 35, 8\u00ba andar, 1050-047 Lisboa.","robots":{"index":"index","follow":"follow","max-snippet":"max-snippet:-1","max-image-preview":"max-image-preview:large","max-video-preview":"max-video-preview:-1"},"canonical":"https:\/\/corbroker.pt\/en\/general-conditions-of-use\/","og_locale":"en_GB","og_type":"article","og_title":"Condi\u00e7\u00f5es gerais utiliza\u00e7\u00e3o - Corbroker","og_description":"Condi\u00e7\u00f5es gerais de utiliza\u00e7\u00e3o da Corbroker \u2013 Corretores de Seguros, S.A. com sede em Lisboa, na Av. 5 de Outubro 35, 8\u00ba andar, 1050-047 Lisboa.","og_url":"https:\/\/corbroker.pt\/en\/general-conditions-of-use\/","og_site_name":"Corbroker","article_publisher":"https:\/\/www.facebook.com\/pages\/category\/Insurance-Agent\/Corbroker-SA-179804545370152\/","article_modified_time":"2022-08-13T11:55:43+00:00","twitter_card":"summary_large_image","twitter_misc":{"Estimated reading time":"2 minutes"},"schema":{"@context":"https:\/\/schema.org","@graph":[{"@type":"WebPage","@id":"https:\/\/corbroker.pt\/condicoes-gerais-utilizacao\/","url":"https:\/\/corbroker.pt\/condicoes-gerais-utilizacao\/","name":"General conditions of use - Corbroker","isPartOf":{"@id":"https:\/\/corbroker.pt\/#website"},"datePublished":"2020-05-11T09:59:31+00:00","dateModified":"2022-08-13T11:55:43+00:00","description":"General conditions of use of Corbroker - Corretores de Seguros, S.A. with head office in Lisbon at Av. 5 de Outubro 35, 8\u00ba andar, 1050-047 Lisboa.","breadcrumb":{"@id":"https:\/\/corbroker.pt\/condicoes-gerais-utilizacao\/#breadcrumb"},"inLanguage":"en-GB","potentialAction":[{"@type":"ReadAction","target":["https:\/\/corbroker.pt\/condicoes-gerais-utilizacao\/"]}]},{"@type":"BreadcrumbList","@id":"https:\/\/corbroker.pt\/condicoes-gerais-utilizacao\/#breadcrumb","itemListElement":[{"@type":"ListItem","position":1,"name":"In\u00edcio","item":"https:\/\/corbroker.pt\/"},{"@type":"ListItem","position":2,"name":"Condi\u00e7\u00f5es gerais utiliza\u00e7\u00e3o"}]},{"@type":"WebSite","@id":"https:\/\/corbroker.pt\/#website","url":"https:\/\/corbroker.pt\/","name":"Corbroker - insurance brokers","description":"Insurance Broker","publisher":{"@id":"https:\/\/corbroker.pt\/#organization"},"potentialAction":[{"@type":"SearchAction","target":{"@type":"EntryPoint","urlTemplate":"https:\/\/corbroker.pt\/?s={search_term_string}"},"query-input":{"@type":"PropertyValueSpecification","valueRequired":true,"valueName":"search_term_string"}}],"inLanguage":"en-GB"},{"@type":"Organization","@id":"https:\/\/corbroker.pt\/#organization","name":"Corbroker S.A.","url":"https:\/\/corbroker.pt\/","logo":{"@type":"ImageObject","inLanguage":"en-GB","@id":"https:\/\/corbroker.pt\/#\/schema\/logo\/image\/","url":"https:\/\/corbroker.pt\/wp-content\/uploads\/2020\/04\/Corbroker-Logotipo-copy-e1588262618382.png","contentUrl":"https:\/\/corbroker.pt\/wp-content\/uploads\/2020\/04\/Corbroker-Logotipo-copy-e1588262618382.png","width":300,"height":79,"caption":"Corbroker S.A."},"image":{"@id":"https:\/\/corbroker.pt\/#\/schema\/logo\/image\/"},"sameAs":["https:\/\/www.facebook.com\/pages\/category\/Insurance-Agent\/Corbroker-SA-179804545370152\/","https:\/\/www.linkedin.com\/company\/corbroker--corretores-de-seguros-sa.\/"]}]}},"_links":{"self":[{"href":"https:\/\/corbroker.pt\/en\/wp-json\/wp\/v2\/pages\/3386","targetHints":{"allow":["GET"]}}],"collection":[{"href":"https:\/\/corbroker.pt\/en\/wp-json\/wp\/v2\/pages"}],"about":[{"href":"https:\/\/corbroker.pt\/en\/wp-json\/wp\/v2\/types\/page"}],"author":[{"embeddable":true,"href":"https:\/\/corbroker.pt\/en\/wp-json\/wp\/v2\/users\/2"}],"replies":[{"embeddable":true,"href":"https:\/\/corbroker.pt\/en\/wp-json\/wp\/v2\/comments?post=3386"}],"version-history":[{"count":7,"href":"https:\/\/corbroker.pt\/en\/wp-json\/wp\/v2\/pages\/3386\/revisions"}],"predecessor-version":[{"id":4750,"href":"https:\/\/corbroker.pt\/en\/wp-json\/wp\/v2\/pages\/3386\/revisions\/4750"}],"wp:attachment":[{"href":"https:\/\/corbroker.pt\/en\/wp-json\/wp\/v2\/media?parent=3386"}],"curies":[{"name":"wp","href":"https:\/\/api.w.org\/{rel}","templated":true}]}}