{"id":3475,"date":"2020-05-12T10:15:54","date_gmt":"2020-05-12T10:15:54","guid":{"rendered":"https:\/\/corbroker.pt\/?page_id=3475"},"modified":"2022-08-13T11:55:46","modified_gmt":"2022-08-13T11:55:46","slug":"message-from-the-board","status":"publish","type":"page","link":"https:\/\/corbroker.pt\/en\/sobre-nos\/mensagem-da-administracao\/","title":{"rendered":"Message from the board"},"content":{"rendered":"<div data-elementor-type=\"wp-page\" data-elementor-id=\"3475\" class=\"elementor elementor-3475\">\n\t\t\t\t\t\t<section class=\"elementor-section elementor-top-section elementor-element elementor-element-30bf9d48 elementor-section-stretched elementor-section-boxed elementor-section-height-default elementor-section-height-default\" data-id=\"30bf9d48\" data-element_type=\"section\" data-e-type=\"section\" data-settings=\"{&quot;stretch_section&quot;:&quot;section-stretched&quot;}\">\n\t\t\t\t\t\t<div class=\"elementor-container elementor-column-gap-no\">\n\t\t\t\t\t<div class=\"elementor-column elementor-col-50 elementor-top-column elementor-element elementor-element-42e0fcec elementor-invisible\" data-id=\"42e0fcec\" data-element_type=\"column\" data-e-type=\"column\" data-settings=\"{&quot;background_background&quot;:&quot;classic&quot;,&quot;animation&quot;:&quot;fadeInLeft&quot;}\">\n\t\t\t<div class=\"elementor-widget-wrap elementor-element-populated\">\n\t\t\t\t\t\t<div class=\"elementor-element elementor-element-7e969cc2 elementor-invisible elementor-widget elementor-widget-heading\" data-id=\"7e969cc2\" data-element_type=\"widget\" data-e-type=\"widget\" data-settings=\"{&quot;_animation&quot;:&quot;fadeInUp&quot;}\" data-widget_type=\"heading.default\">\n\t\t\t\t<div class=\"elementor-widget-container\">\n\t\t\t\t\t<h4 class=\"elementor-heading-title elementor-size-default\">Message from the board<\/h4>\t\t\t\t<\/div>\n\t\t\t\t<\/div>\n\t\t\t\t<div class=\"elementor-element elementor-element-3b1287cc elementor-widget elementor-widget-text-editor\" data-id=\"3b1287cc\" data-element_type=\"widget\" data-e-type=\"widget\" data-widget_type=\"text-editor.default\">\n\t\t\t\t<div class=\"elementor-widget-container\">\n\t\t\t\t\t\t\t\t\t<p style=\"text-align: justify;\">The excellence of the service offered to our clients, based on the experience and dedication of our employees, is the goal that drives us in our day-to-day work. In providing this service, we strive to be zealous fulfilers of the mandate entrusted to us by our clients, acting with rigour and speed and always adding value to our relations with the insurance market.<\/p><p style=\"text-align: justify;\">Each in its own context, the business world, public institutions and private individuals demand a response from our company that goes beyond simply brokering their insurance. This response implies providing consultancy that permanently identifies the risks to which they are subject, how to deal with them, mitigate or transfer them and implement programmes that monitor the results achieved.<\/p><p style=\"text-align: justify;\">With the internationalisation of companies and the mobility of their employees, covering the risks associated with people and property requires global decisions and local service that are provided through our Uniba network, which is present in more than 130 countries. When a client chooses a Uniba member to manage their insurance, they are opting for a network that not only offers them a diversity of cultures, but also benefits from coordinated joint work that makes them successful in their risk management.<\/p>\t\t\t\t\t\t\t\t<\/div>\n\t\t\t\t<\/div>\n\t\t\t\t\t<\/div>\n\t\t<\/div>\n\t\t\t\t<div class=\"elementor-column elementor-col-50 elementor-top-column elementor-element elementor-element-d564921 elementor-invisible\" data-id=\"d564921\" data-element_type=\"column\" data-e-type=\"column\" data-settings=\"{&quot;background_background&quot;:&quot;classic&quot;,&quot;animation&quot;:&quot;fadeInLeft&quot;}\">\n\t\t\t<div class=\"elementor-widget-wrap elementor-element-populated\">\n\t\t\t\t\t\t<div class=\"elementor-element elementor-element-60c5ed03 elementor-widget elementor-widget-text-editor\" data-id=\"60c5ed03\" data-element_type=\"widget\" data-e-type=\"widget\" data-widget_type=\"text-editor.default\">\n\t\t\t\t<div class=\"elementor-widget-container\">\n\t\t\t\t\t\t\t\t\t<p style=\"text-align: justify;\">Corbroker is a proudly Portuguese company with an international presence, a management team and a Board of Directors who are always present in the management of their clients and in relations with the insurance market, enabling them not only to reduce the total cost of their insurance programmes but also to achieve their operational and strategic objectives.<\/p><p style=\"text-align: justify;\">At Corbroker S.A. our clients' interests always come before our own !<\/p><p><strong>Help us protect you. Certainly with you.<\/strong><\/p>\t\t\t\t\t\t\t\t<\/div>\n\t\t\t\t<\/div>\n\t\t\t\t<div class=\"elementor-section elementor-inner-section elementor-element elementor-element-421df649 elementor-section-content-middle elementor-section-boxed elementor-section-height-default elementor-section-height-default\" data-id=\"421df649\" data-element_type=\"section\" data-e-type=\"section\">\n\t\t\t\t\t\t<div class=\"elementor-container elementor-column-gap-no\">\n\t\t\t\t\t<div class=\"elementor-column elementor-col-100 elementor-inner-column elementor-element elementor-element-64b0e6c7\" data-id=\"64b0e6c7\" data-element_type=\"column\" data-e-type=\"column\">\n\t\t\t<div class=\"elementor-widget-wrap elementor-element-populated\">\n\t\t\t\t\t\t<div class=\"elementor-element elementor-element-69e8e74f elementor-widget elementor-widget-heading\" data-id=\"69e8e74f\" data-element_type=\"widget\" data-e-type=\"widget\" data-widget_type=\"heading.default\">\n\t\t\t\t<div class=\"elementor-widget-container\">\n\t\t\t\t\t<h4 class=\"elementor-heading-title elementor-size-default\">Fernando Belchior\n<\/h4>\t\t\t\t<\/div>\n\t\t\t\t<\/div>\n\t\t\t\t<div class=\"elementor-element elementor-element-7eff1636 elementor-widget elementor-widget-image\" data-id=\"7eff1636\" data-element_type=\"widget\" data-e-type=\"widget\" data-widget_type=\"image.default\">\n\t\t\t\t<div class=\"elementor-widget-container\">\n\t\t\t\t\t\t\t\t\t\t\t\t\t\t\t<img fetchpriority=\"high\" decoding=\"async\" width=\"640\" height=\"344\" src=\"https:\/\/corbroker.pt\/wp-content\/uploads\/2020\/05\/Mensagem-da-administracao-1024x550.jpg\" class=\"attachment-large size-large wp-image-4235\" alt=\"Message-from-the-administration\" srcset=\"https:\/\/corbroker.pt\/wp-content\/uploads\/2020\/05\/Mensagem-da-administracao-1024x550.jpg 1024w, https:\/\/corbroker.pt\/wp-content\/uploads\/2020\/05\/Mensagem-da-administracao-300x161.jpg 300w, https:\/\/corbroker.pt\/wp-content\/uploads\/2020\/05\/Mensagem-da-administracao-768x413.jpg 768w, https:\/\/corbroker.pt\/wp-content\/uploads\/2020\/05\/Mensagem-da-administracao.jpg 1063w\" sizes=\"(max-width: 640px) 100vw, 640px\" \/>\t\t\t\t\t\t\t\t\t\t\t\t\t\t\t<\/div>\n\t\t\t\t<\/div>\n\t\t\t\t\t<\/div>\n\t\t<\/div>\n\t\t\t\t\t<\/div>\n\t\t<\/div>\n\t\t\t\t\t<\/div>\n\t\t<\/div>\n\t\t\t\t\t<\/div>\n\t\t<\/section>\n\t\t\t\t<\/div>","protected":false},"excerpt":{"rendered":"<p>Message from the board The excellence of the service offered to our clients, based on the experience and dedication of our employees, is the goal that drives us in our day-to-day work. In providing this service we strive to be zealous fulfilers of the mandate entrusted to us by our clients, taking care with rigour and speed and always adding value<\/p>","protected":false},"author":2,"featured_media":0,"parent":2275,"menu_order":0,"comment_status":"closed","ping_status":"closed","template":"","meta":{"_monsterinsights_skip_tracking":false,"_monsterinsights_sitenote_active":false,"_monsterinsights_sitenote_note":"","_monsterinsights_sitenote_category":0,"footnotes":""},"class_list":["post-3475","page","type-page","status-publish","hentry"],"yoast_head":"<!-- This site is optimized with the Yoast SEO plugin v27.6 - https:\/\/yoast.com\/product\/yoast-seo-wordpress\/ -->\n<title>Mensagem da administra\u00e7\u00e3o - Corbroker<\/title>\n<meta name=\"description\" content=\"Mensagem da administra\u00e7\u00e3o: A excel\u00eancia do servi\u00e7o oferecido aos nossos clientes, baseada na experi\u00eancia e dedica\u00e7\u00e3o dos nossos colaboradores, \u00e9 o objetivo que nos move no nosso quotidiano profissional.\" \/>\n<meta name=\"robots\" content=\"index, follow, max-snippet:-1, max-image-preview:large, max-video-preview:-1\" \/>\n<link rel=\"canonical\" href=\"https:\/\/corbroker.pt\/en\/about-us-2\/message-from-the-board\/\" \/>\n<meta property=\"og:locale\" content=\"en_GB\" \/>\n<meta property=\"og:type\" content=\"article\" \/>\n<meta property=\"og:title\" content=\"Mensagem da administra\u00e7\u00e3o - Corbroker\" \/>\n<meta property=\"og:description\" content=\"Mensagem da administra\u00e7\u00e3o: A excel\u00eancia do servi\u00e7o oferecido aos nossos clientes, baseada na experi\u00eancia e dedica\u00e7\u00e3o dos nossos colaboradores, \u00e9 o objetivo que nos move no nosso quotidiano profissional.\" \/>\n<meta property=\"og:url\" content=\"https:\/\/corbroker.pt\/en\/about-us-2\/message-from-the-board\/\" \/>\n<meta property=\"og:site_name\" content=\"Corbroker\" \/>\n<meta property=\"article:publisher\" content=\"https:\/\/www.facebook.com\/pages\/category\/Insurance-Agent\/Corbroker-SA-179804545370152\/\" \/>\n<meta property=\"article:modified_time\" content=\"2022-08-13T11:55:46+00:00\" \/>\n<meta property=\"og:image\" content=\"https:\/\/corbroker.pt\/wp-content\/uploads\/2020\/05\/Mensagem-da-administracao-1024x550.jpg\" \/>\n<meta name=\"twitter:card\" content=\"summary_large_image\" \/>\n<meta name=\"twitter:label1\" content=\"Estimated reading time\" \/>\n\t<meta name=\"twitter:data1\" content=\"2 minutes\" \/>\n<script type=\"application\/ld+json\" class=\"yoast-schema-graph\">{\"@context\":\"https:\\\/\\\/schema.org\",\"@graph\":[{\"@type\":\"WebPage\",\"@id\":\"https:\\\/\\\/corbroker.pt\\\/sobre-nos\\\/mensagem-da-administracao\\\/\",\"url\":\"https:\\\/\\\/corbroker.pt\\\/sobre-nos\\\/mensagem-da-administracao\\\/\",\"name\":\"Mensagem da administra\u00e7\u00e3o - Corbroker\",\"isPartOf\":{\"@id\":\"https:\\\/\\\/corbroker.pt\\\/#website\"},\"primaryImageOfPage\":{\"@id\":\"https:\\\/\\\/corbroker.pt\\\/sobre-nos\\\/mensagem-da-administracao\\\/#primaryimage\"},\"image\":{\"@id\":\"https:\\\/\\\/corbroker.pt\\\/sobre-nos\\\/mensagem-da-administracao\\\/#primaryimage\"},\"thumbnailUrl\":\"https:\\\/\\\/corbroker.pt\\\/wp-content\\\/uploads\\\/2020\\\/05\\\/Mensagem-da-administracao-1024x550.jpg\",\"datePublished\":\"2020-05-12T10:15:54+00:00\",\"dateModified\":\"2022-08-13T11:55:46+00:00\",\"description\":\"Mensagem da administra\u00e7\u00e3o: A excel\u00eancia do servi\u00e7o oferecido aos nossos clientes, baseada na experi\u00eancia e dedica\u00e7\u00e3o dos nossos colaboradores, \u00e9 o objetivo que nos move no nosso quotidiano profissional.\",\"breadcrumb\":{\"@id\":\"https:\\\/\\\/corbroker.pt\\\/sobre-nos\\\/mensagem-da-administracao\\\/#breadcrumb\"},\"inLanguage\":\"en-GB\",\"potentialAction\":[{\"@type\":\"ReadAction\",\"target\":[\"https:\\\/\\\/corbroker.pt\\\/sobre-nos\\\/mensagem-da-administracao\\\/\"]}]},{\"@type\":\"ImageObject\",\"inLanguage\":\"en-GB\",\"@id\":\"https:\\\/\\\/corbroker.pt\\\/sobre-nos\\\/mensagem-da-administracao\\\/#primaryimage\",\"url\":\"https:\\\/\\\/corbroker.pt\\\/wp-content\\\/uploads\\\/2020\\\/05\\\/Mensagem-da-administracao-1024x550.jpg\",\"contentUrl\":\"https:\\\/\\\/corbroker.pt\\\/wp-content\\\/uploads\\\/2020\\\/05\\\/Mensagem-da-administracao-1024x550.jpg\"},{\"@type\":\"BreadcrumbList\",\"@id\":\"https:\\\/\\\/corbroker.pt\\\/sobre-nos\\\/mensagem-da-administracao\\\/#breadcrumb\",\"itemListElement\":[{\"@type\":\"ListItem\",\"position\":1,\"name\":\"In\u00edcio\",\"item\":\"https:\\\/\\\/corbroker.pt\\\/\"},{\"@type\":\"ListItem\",\"position\":2,\"name\":\"Sobre n\u00f3s\",\"item\":\"https:\\\/\\\/corbroker.pt\\\/sobre-nos\\\/\"},{\"@type\":\"ListItem\",\"position\":3,\"name\":\"Mensagem da administra\u00e7\u00e3o\"}]},{\"@type\":\"WebSite\",\"@id\":\"https:\\\/\\\/corbroker.pt\\\/#website\",\"url\":\"https:\\\/\\\/corbroker.pt\\\/\",\"name\":\"Corbroker - corretores de seguros\",\"description\":\"Corretor de Seguros\",\"publisher\":{\"@id\":\"https:\\\/\\\/corbroker.pt\\\/#organization\"},\"potentialAction\":[{\"@type\":\"SearchAction\",\"target\":{\"@type\":\"EntryPoint\",\"urlTemplate\":\"https:\\\/\\\/corbroker.pt\\\/?s={search_term_string}\"},\"query-input\":{\"@type\":\"PropertyValueSpecification\",\"valueRequired\":true,\"valueName\":\"search_term_string\"}}],\"inLanguage\":\"en-GB\"},{\"@type\":\"Organization\",\"@id\":\"https:\\\/\\\/corbroker.pt\\\/#organization\",\"name\":\"Corbroker S.A.\",\"url\":\"https:\\\/\\\/corbroker.pt\\\/\",\"logo\":{\"@type\":\"ImageObject\",\"inLanguage\":\"en-GB\",\"@id\":\"https:\\\/\\\/corbroker.pt\\\/#\\\/schema\\\/logo\\\/image\\\/\",\"url\":\"https:\\\/\\\/corbroker.pt\\\/wp-content\\\/uploads\\\/2020\\\/04\\\/Corbroker-Logotipo-copy-e1588262618382.png\",\"contentUrl\":\"https:\\\/\\\/corbroker.pt\\\/wp-content\\\/uploads\\\/2020\\\/04\\\/Corbroker-Logotipo-copy-e1588262618382.png\",\"width\":300,\"height\":79,\"caption\":\"Corbroker S.A.\"},\"image\":{\"@id\":\"https:\\\/\\\/corbroker.pt\\\/#\\\/schema\\\/logo\\\/image\\\/\"},\"sameAs\":[\"https:\\\/\\\/www.facebook.com\\\/pages\\\/category\\\/Insurance-Agent\\\/Corbroker-SA-179804545370152\\\/\",\"https:\\\/\\\/www.linkedin.com\\\/company\\\/corbroker--corretores-de-seguros-sa.\\\/\"]}]}<\/script>\n<!-- \/ Yoast SEO plugin. -->","yoast_head_json":{"title":"Message from the board - Corbroker","description":"Message from the board: The excellence of the service offered to our clients, based on the experience and dedication of our employees, is the goal that drives us in our daily work.","robots":{"index":"index","follow":"follow","max-snippet":"max-snippet:-1","max-image-preview":"max-image-preview:large","max-video-preview":"max-video-preview:-1"},"canonical":"https:\/\/corbroker.pt\/en\/about-us-2\/message-from-the-board\/","og_locale":"en_GB","og_type":"article","og_title":"Mensagem da administra\u00e7\u00e3o - Corbroker","og_description":"Mensagem da administra\u00e7\u00e3o: A excel\u00eancia do servi\u00e7o oferecido aos nossos clientes, baseada na experi\u00eancia e dedica\u00e7\u00e3o dos nossos colaboradores, \u00e9 o objetivo que nos move no nosso quotidiano profissional.","og_url":"https:\/\/corbroker.pt\/en\/about-us-2\/message-from-the-board\/","og_site_name":"Corbroker","article_publisher":"https:\/\/www.facebook.com\/pages\/category\/Insurance-Agent\/Corbroker-SA-179804545370152\/","article_modified_time":"2022-08-13T11:55:46+00:00","og_image":[{"url":"https:\/\/corbroker.pt\/wp-content\/uploads\/2020\/05\/Mensagem-da-administracao-1024x550.jpg","type":"","width":"","height":""}],"twitter_card":"summary_large_image","twitter_misc":{"Estimated reading time":"2 minutes"},"schema":{"@context":"https:\/\/schema.org","@graph":[{"@type":"WebPage","@id":"https:\/\/corbroker.pt\/sobre-nos\/mensagem-da-administracao\/","url":"https:\/\/corbroker.pt\/sobre-nos\/mensagem-da-administracao\/","name":"Message from the board - Corbroker","isPartOf":{"@id":"https:\/\/corbroker.pt\/#website"},"primaryImageOfPage":{"@id":"https:\/\/corbroker.pt\/sobre-nos\/mensagem-da-administracao\/#primaryimage"},"image":{"@id":"https:\/\/corbroker.pt\/sobre-nos\/mensagem-da-administracao\/#primaryimage"},"thumbnailUrl":"https:\/\/corbroker.pt\/wp-content\/uploads\/2020\/05\/Mensagem-da-administracao-1024x550.jpg","datePublished":"2020-05-12T10:15:54+00:00","dateModified":"2022-08-13T11:55:46+00:00","description":"Message from the board: The excellence of the service offered to our clients, based on the experience and dedication of our employees, is the goal that drives us in our daily work.","breadcrumb":{"@id":"https:\/\/corbroker.pt\/sobre-nos\/mensagem-da-administracao\/#breadcrumb"},"inLanguage":"en-GB","potentialAction":[{"@type":"ReadAction","target":["https:\/\/corbroker.pt\/sobre-nos\/mensagem-da-administracao\/"]}]},{"@type":"ImageObject","inLanguage":"en-GB","@id":"https:\/\/corbroker.pt\/sobre-nos\/mensagem-da-administracao\/#primaryimage","url":"https:\/\/corbroker.pt\/wp-content\/uploads\/2020\/05\/Mensagem-da-administracao-1024x550.jpg","contentUrl":"https:\/\/corbroker.pt\/wp-content\/uploads\/2020\/05\/Mensagem-da-administracao-1024x550.jpg"},{"@type":"BreadcrumbList","@id":"https:\/\/corbroker.pt\/sobre-nos\/mensagem-da-administracao\/#breadcrumb","itemListElement":[{"@type":"ListItem","position":1,"name":"In\u00edcio","item":"https:\/\/corbroker.pt\/"},{"@type":"ListItem","position":2,"name":"Sobre n\u00f3s","item":"https:\/\/corbroker.pt\/sobre-nos\/"},{"@type":"ListItem","position":3,"name":"Mensagem da administra\u00e7\u00e3o"}]},{"@type":"WebSite","@id":"https:\/\/corbroker.pt\/#website","url":"https:\/\/corbroker.pt\/","name":"Corbroker - insurance brokers","description":"Insurance Broker","publisher":{"@id":"https:\/\/corbroker.pt\/#organization"},"potentialAction":[{"@type":"SearchAction","target":{"@type":"EntryPoint","urlTemplate":"https:\/\/corbroker.pt\/?s={search_term_string}"},"query-input":{"@type":"PropertyValueSpecification","valueRequired":true,"valueName":"search_term_string"}}],"inLanguage":"en-GB"},{"@type":"Organization","@id":"https:\/\/corbroker.pt\/#organization","name":"Corbroker S.A.","url":"https:\/\/corbroker.pt\/","logo":{"@type":"ImageObject","inLanguage":"en-GB","@id":"https:\/\/corbroker.pt\/#\/schema\/logo\/image\/","url":"https:\/\/corbroker.pt\/wp-content\/uploads\/2020\/04\/Corbroker-Logotipo-copy-e1588262618382.png","contentUrl":"https:\/\/corbroker.pt\/wp-content\/uploads\/2020\/04\/Corbroker-Logotipo-copy-e1588262618382.png","width":300,"height":79,"caption":"Corbroker S.A."},"image":{"@id":"https:\/\/corbroker.pt\/#\/schema\/logo\/image\/"},"sameAs":["https:\/\/www.facebook.com\/pages\/category\/Insurance-Agent\/Corbroker-SA-179804545370152\/","https:\/\/www.linkedin.com\/company\/corbroker--corretores-de-seguros-sa.\/"]}]}},"_links":{"self":[{"href":"https:\/\/corbroker.pt\/en\/wp-json\/wp\/v2\/pages\/3475","targetHints":{"allow":["GET"]}}],"collection":[{"href":"https:\/\/corbroker.pt\/en\/wp-json\/wp\/v2\/pages"}],"about":[{"href":"https:\/\/corbroker.pt\/en\/wp-json\/wp\/v2\/types\/page"}],"author":[{"embeddable":true,"href":"https:\/\/corbroker.pt\/en\/wp-json\/wp\/v2\/users\/2"}],"replies":[{"embeddable":true,"href":"https:\/\/corbroker.pt\/en\/wp-json\/wp\/v2\/comments?post=3475"}],"version-history":[{"count":3,"href":"https:\/\/corbroker.pt\/en\/wp-json\/wp\/v2\/pages\/3475\/revisions"}],"predecessor-version":[{"id":4237,"href":"https:\/\/corbroker.pt\/en\/wp-json\/wp\/v2\/pages\/3475\/revisions\/4237"}],"up":[{"embeddable":true,"href":"https:\/\/corbroker.pt\/en\/wp-json\/wp\/v2\/pages\/2275"}],"wp:attachment":[{"href":"https:\/\/corbroker.pt\/en\/wp-json\/wp\/v2\/media?parent=3475"}],"curies":[{"name":"wp","href":"https:\/\/api.w.org\/{rel}","templated":true}]}}