{"id":4060,"date":"2020-05-18T16:13:01","date_gmt":"2020-05-18T16:13:01","guid":{"rendered":"https:\/\/corbroker.pt\/?page_id=4060"},"modified":"2022-08-13T11:55:46","modified_gmt":"2022-08-13T11:55:46","slug":"services-2","status":"publish","type":"page","link":"https:\/\/corbroker.pt\/en\/sobre-nos\/servicos\/","title":{"rendered":"Services"},"content":{"rendered":"<div data-elementor-type=\"wp-page\" data-elementor-id=\"4060\" class=\"elementor elementor-4060\">\n\t\t\t\t\t\t<div class=\"elementor-section elementor-top-section elementor-element elementor-element-26d5813e elementor-section-stretched elementor-section-content-middle elementor-section-boxed elementor-section-height-default elementor-section-height-default\" data-id=\"26d5813e\" data-element_type=\"section\" data-e-type=\"section\" data-settings=\"{&quot;stretch_section&quot;:&quot;section-stretched&quot;}\">\n\t\t\t\t\t\t<div class=\"elementor-container elementor-column-gap-no\">\n\t\t\t\t\t<div class=\"elementor-column elementor-col-50 elementor-top-column elementor-element elementor-element-1aa995f5 elementor-invisible\" data-id=\"1aa995f5\" data-element_type=\"column\" data-e-type=\"column\" data-settings=\"{&quot;background_background&quot;:&quot;classic&quot;,&quot;animation&quot;:&quot;fadeInLeft&quot;}\">\n\t\t\t<div class=\"elementor-widget-wrap elementor-element-populated\">\n\t\t\t\t\t\t<div class=\"elementor-element elementor-element-27aa7cc3 elementor-invisible elementor-widget elementor-widget-heading\" data-id=\"27aa7cc3\" data-element_type=\"widget\" data-e-type=\"widget\" data-settings=\"{&quot;_animation&quot;:&quot;fadeInUp&quot;}\" data-widget_type=\"heading.default\">\n\t\t\t\t<div class=\"elementor-widget-container\">\n\t\t\t\t\t<h4 class=\"elementor-heading-title elementor-size-default\">Services<\/h4>\t\t\t\t<\/div>\n\t\t\t\t<\/div>\n\t\t\t\t<div class=\"elementor-element elementor-element-7c6cb117 elementor-widget elementor-widget-heading\" data-id=\"7c6cb117\" data-element_type=\"widget\" data-e-type=\"widget\" data-widget_type=\"heading.default\">\n\t\t\t\t<div class=\"elementor-widget-container\">\n\t\t\t\t\t<h2 class=\"elementor-heading-title elementor-size-default\">The Corbroker team is committed to providing excellent service to its clients.<\/h2>\t\t\t\t<\/div>\n\t\t\t\t<\/div>\n\t\t\t\t<div class=\"elementor-element elementor-element-7076a882 elementor-widget-divider--view-line elementor-invisible elementor-widget elementor-widget-divider\" data-id=\"7076a882\" data-element_type=\"widget\" data-e-type=\"widget\" data-settings=\"{&quot;_animation&quot;:&quot;fadeInRight&quot;,&quot;_animation_delay&quot;:100}\" data-widget_type=\"divider.default\">\n\t\t\t\t<div class=\"elementor-widget-container\">\n\t\t\t\t\t\t\t<div class=\"elementor-divider\">\n\t\t\t<span class=\"elementor-divider-separator\">\n\t\t\t\t\t\t<\/span>\n\t\t<\/div>\n\t\t\t\t\t\t<\/div>\n\t\t\t\t<\/div>\n\t\t\t\t<div class=\"elementor-element elementor-element-4cb3853 elementor-position-left elementor-view-default elementor-vertical-align-top elementor-widget elementor-widget-icon-box\" data-id=\"4cb3853\" data-element_type=\"widget\" data-e-type=\"widget\" data-widget_type=\"icon-box.default\">\n\t\t\t\t<div class=\"elementor-widget-container\">\n\t\t\t\t\t        <div class=\"elementor-icon-box-wrapper\">\r\n                    <div class=\"elementor-icon-box-icon\">\r\n            <span class=\"elementor-icon elementor-animation-\" >\r\n            <i class=\"fa fa-circle-o-notch\" aria-hidden=\"true\"><\/i>\r\n            <\/span>\r\n            <\/div>\r\n                <div class=\"elementor-icon-box-content\">\r\n            <h3 class=\"elementor-icon-box-title\">\r\n                <span ><\/span>\r\n            <\/h3>\r\n            <p class=\"elementor-icon-box-description\">We constantly monitor your business through an account manager and our customer management works in an integrated way.<\/p>\r\n            <\/div>\r\n        <\/div>\r\n        \t\t\t\t<\/div>\n\t\t\t\t<\/div>\n\t\t\t\t<div class=\"elementor-element elementor-element-cef93de elementor-position-left elementor-view-default elementor-vertical-align-top elementor-widget elementor-widget-icon-box\" data-id=\"cef93de\" data-element_type=\"widget\" data-e-type=\"widget\" data-widget_type=\"icon-box.default\">\n\t\t\t\t<div class=\"elementor-widget-container\">\n\t\t\t\t\t        <div class=\"elementor-icon-box-wrapper\">\r\n                    <div class=\"elementor-icon-box-icon\">\r\n            <span class=\"elementor-icon elementor-animation-\" >\r\n            <i class=\"fa fa-circle-o-notch\" aria-hidden=\"true\"><\/i>\r\n            <\/span>\r\n            <\/div>\r\n                <div class=\"elementor-icon-box-content\">\r\n            <h3 class=\"elementor-icon-box-title\">\r\n                <span ><\/span>\r\n            <\/h3>\r\n            <p class=\"elementor-icon-box-description\">We analyse existing insurance programmes by a professional team, which allows us to identify any gaps in cover that need to be filled and in the proposal we draw up with the new insurance programme, we include all the situations identified, including the legal framework with regard to compulsory insurance for your business.<\/p>\r\n            <\/div>\r\n        <\/div>\r\n        \t\t\t\t<\/div>\n\t\t\t\t<\/div>\n\t\t\t\t<div class=\"elementor-element elementor-element-65e9a5f elementor-position-left elementor-view-default elementor-vertical-align-top elementor-widget elementor-widget-icon-box\" data-id=\"65e9a5f\" data-element_type=\"widget\" data-e-type=\"widget\" data-widget_type=\"icon-box.default\">\n\t\t\t\t<div class=\"elementor-widget-container\">\n\t\t\t\t\t        <div class=\"elementor-icon-box-wrapper\">\r\n                    <div class=\"elementor-icon-box-icon\">\r\n            <span class=\"elementor-icon elementor-animation-\" >\r\n            <i class=\"fa fa-circle-o-notch\" aria-hidden=\"true\"><\/i>\r\n            <\/span>\r\n            <\/div>\r\n                <div class=\"elementor-icon-box-content\">\r\n            <h3 class=\"elementor-icon-box-title\">\r\n                <span ><\/span>\r\n            <\/h3>\r\n            <p class=\"elementor-icon-box-description\">We implement risk management techniques, which include identifying the exposures associated with your activity through inspections of the sites where your company's facilities are located, identifying which measures should be implemented to protect your people, your assets and your company's economic situation.<\/p>\r\n            <\/div>\r\n        <\/div>\r\n        \t\t\t\t<\/div>\n\t\t\t\t<\/div>\n\t\t\t\t<div class=\"elementor-element elementor-element-be0f843 elementor-position-left elementor-view-default elementor-vertical-align-top elementor-widget elementor-widget-icon-box\" data-id=\"be0f843\" data-element_type=\"widget\" data-e-type=\"widget\" data-widget_type=\"icon-box.default\">\n\t\t\t\t<div class=\"elementor-widget-container\">\n\t\t\t\t\t        <div class=\"elementor-icon-box-wrapper\">\r\n                    <div class=\"elementor-icon-box-icon\">\r\n            <span class=\"elementor-icon elementor-animation-\" >\r\n            <i class=\"fa fa-circle-o-notch\" aria-hidden=\"true\"><\/i>\r\n            <\/span>\r\n            <\/div>\r\n                <div class=\"elementor-icon-box-content\">\r\n            <h3 class=\"elementor-icon-box-title\">\r\n                <span ><\/span>\r\n            <\/h3>\r\n            <p class=\"elementor-icon-box-description\">We advise which exposures should be improved, retained and their financial impact, and which should be transferred to insurance.<\/p>\r\n            <\/div>\r\n        <\/div>\r\n        \t\t\t\t<\/div>\n\t\t\t\t<\/div>\n\t\t\t\t<div class=\"elementor-element elementor-element-12e4efe elementor-position-left elementor-view-default elementor-vertical-align-top elementor-widget elementor-widget-icon-box\" data-id=\"12e4efe\" data-element_type=\"widget\" data-e-type=\"widget\" data-widget_type=\"icon-box.default\">\n\t\t\t\t<div class=\"elementor-widget-container\">\n\t\t\t\t\t        <div class=\"elementor-icon-box-wrapper\">\r\n                    <div class=\"elementor-icon-box-icon\">\r\n            <span class=\"elementor-icon elementor-animation-\" >\r\n            <i class=\"fa fa-circle-o-notch\" aria-hidden=\"true\"><\/i>\r\n            <\/span>\r\n            <\/div>\r\n                <div class=\"elementor-icon-box-content\">\r\n            <h3 class=\"elementor-icon-box-title\">\r\n                <span ><\/span>\r\n            <\/h3>\r\n            <p class=\"elementor-icon-box-description\">We design the most appropriate insurance programme and approach the insurance market in order to obtain the most economically competitive proposal that best suits your business.<\/p>\r\n            <\/div>\r\n        <\/div>\r\n        \t\t\t\t<\/div>\n\t\t\t\t<\/div>\n\t\t\t\t\t<\/div>\n\t\t<\/div>\n\t\t\t\t<div class=\"elementor-column elementor-col-50 elementor-top-column elementor-element elementor-element-2dcaf2fc elementor-invisible\" data-id=\"2dcaf2fc\" data-element_type=\"column\" data-e-type=\"column\" data-settings=\"{&quot;background_background&quot;:&quot;classic&quot;,&quot;animation&quot;:&quot;fadeInLeft&quot;}\">\n\t\t\t<div class=\"elementor-widget-wrap elementor-element-populated\">\n\t\t\t\t\t\t<div class=\"elementor-element elementor-element-dc95cba elementor-position-left elementor-view-default elementor-vertical-align-top elementor-widget elementor-widget-icon-box\" data-id=\"dc95cba\" data-element_type=\"widget\" data-e-type=\"widget\" data-widget_type=\"icon-box.default\">\n\t\t\t\t<div class=\"elementor-widget-container\">\n\t\t\t\t\t        <div class=\"elementor-icon-box-wrapper\">\r\n                    <div class=\"elementor-icon-box-icon\">\r\n            <span class=\"elementor-icon elementor-animation-\" >\r\n            <i class=\"fa fa-circle-o-notch\" aria-hidden=\"true\"><\/i>\r\n            <\/span>\r\n            <\/div>\r\n                <div class=\"elementor-icon-box-content\">\r\n            <h3 class=\"elementor-icon-box-title\">\r\n                <span ><\/span>\r\n            <\/h3>\r\n            <p class=\"elementor-icon-box-description\">We analyse the proposals obtained from the market and carry out a comparative study to present to the client.<\/p>\r\n            <\/div>\r\n        <\/div>\r\n        \t\t\t\t<\/div>\n\t\t\t\t<\/div>\n\t\t\t\t<div class=\"elementor-element elementor-element-1e68fa8 elementor-position-left elementor-view-default elementor-vertical-align-top elementor-widget elementor-widget-icon-box\" data-id=\"1e68fa8\" data-element_type=\"widget\" data-e-type=\"widget\" data-widget_type=\"icon-box.default\">\n\t\t\t\t<div class=\"elementor-widget-container\">\n\t\t\t\t\t        <div class=\"elementor-icon-box-wrapper\">\r\n                    <div class=\"elementor-icon-box-icon\">\r\n            <span class=\"elementor-icon elementor-animation-\" >\r\n            <i class=\"fa fa-circle-o-notch\" aria-hidden=\"true\"><\/i>\r\n            <\/span>\r\n            <\/div>\r\n                <div class=\"elementor-icon-box-content\">\r\n            <h3 class=\"elementor-icon-box-title\">\r\n                <span ><\/span>\r\n            <\/h3>\r\n            <p class=\"elementor-icon-box-description\">We implement the final solution and establish a results monitoring model.<\/p>\r\n            <\/div>\r\n        <\/div>\r\n        \t\t\t\t<\/div>\n\t\t\t\t<\/div>\n\t\t\t\t<div class=\"elementor-element elementor-element-e829abe elementor-position-left elementor-view-default elementor-vertical-align-top elementor-widget elementor-widget-icon-box\" data-id=\"e829abe\" data-element_type=\"widget\" data-e-type=\"widget\" data-widget_type=\"icon-box.default\">\n\t\t\t\t<div class=\"elementor-widget-container\">\n\t\t\t\t\t        <div class=\"elementor-icon-box-wrapper\">\r\n                    <div class=\"elementor-icon-box-icon\">\r\n            <span class=\"elementor-icon elementor-animation-\" >\r\n            <i class=\"fa fa-circle-o-notch\" aria-hidden=\"true\"><\/i>\r\n            <\/span>\r\n            <\/div>\r\n                <div class=\"elementor-icon-box-content\">\r\n            <h3 class=\"elementor-icon-box-title\">\r\n                <span ><\/span>\r\n            <\/h3>\r\n            <p class=\"elementor-icon-box-description\">We develop clauses specifically designed to cover and protect more specific activities and we check them when they are issued.<\/p>\r\n            <\/div>\r\n        <\/div>\r\n        \t\t\t\t<\/div>\n\t\t\t\t<\/div>\n\t\t\t\t<div class=\"elementor-element elementor-element-f03fe8f elementor-position-left elementor-view-default elementor-vertical-align-top elementor-widget elementor-widget-icon-box\" data-id=\"f03fe8f\" data-element_type=\"widget\" data-e-type=\"widget\" data-widget_type=\"icon-box.default\">\n\t\t\t\t<div class=\"elementor-widget-container\">\n\t\t\t\t\t        <div class=\"elementor-icon-box-wrapper\">\r\n                    <div class=\"elementor-icon-box-icon\">\r\n            <span class=\"elementor-icon elementor-animation-\" >\r\n            <i class=\"fa fa-circle-o-notch\" aria-hidden=\"true\"><\/i>\r\n            <\/span>\r\n            <\/div>\r\n                <div class=\"elementor-icon-box-content\">\r\n            <h3 class=\"elementor-icon-box-title\">\r\n                <span ><\/span>\r\n            <\/h3>\r\n            <p class=\"elementor-icon-box-description\">We manage policies with inclusions, exclusions and changes that allow you to adapt and keep your insurance contracts up to date.<\/p>\r\n            <\/div>\r\n        <\/div>\r\n        \t\t\t\t<\/div>\n\t\t\t\t<\/div>\n\t\t\t\t<div class=\"elementor-element elementor-element-b93fa0c elementor-position-left elementor-view-default elementor-vertical-align-top elementor-widget elementor-widget-icon-box\" data-id=\"b93fa0c\" data-element_type=\"widget\" data-e-type=\"widget\" data-widget_type=\"icon-box.default\">\n\t\t\t\t<div class=\"elementor-widget-container\">\n\t\t\t\t\t        <div class=\"elementor-icon-box-wrapper\">\r\n                    <div class=\"elementor-icon-box-icon\">\r\n            <span class=\"elementor-icon elementor-animation-\" >\r\n            <i class=\"fa fa-circle-o-notch\" aria-hidden=\"true\"><\/i>\r\n            <\/span>\r\n            <\/div>\r\n                <div class=\"elementor-icon-box-content\">\r\n            <h3 class=\"elementor-icon-box-title\">\r\n                <span ><\/span>\r\n            <\/h3>\r\n            <p class=\"elementor-icon-box-description\">We manage any claims that occur, either through the management of franchise programmes, administration with the insurer or claims against third parties.<\/p>\r\n            <\/div>\r\n        <\/div>\r\n        \t\t\t\t<\/div>\n\t\t\t\t<\/div>\n\t\t\t\t<div class=\"elementor-element elementor-element-11e0fcd elementor-position-left elementor-view-default elementor-vertical-align-top elementor-widget elementor-widget-icon-box\" data-id=\"11e0fcd\" data-element_type=\"widget\" data-e-type=\"widget\" data-widget_type=\"icon-box.default\">\n\t\t\t\t<div class=\"elementor-widget-container\">\n\t\t\t\t\t        <div class=\"elementor-icon-box-wrapper\">\r\n                    <div class=\"elementor-icon-box-icon\">\r\n            <span class=\"elementor-icon elementor-animation-\" >\r\n            <i class=\"fa fa-circle-o-notch\" aria-hidden=\"true\"><\/i>\r\n            <\/span>\r\n            <\/div>\r\n                <div class=\"elementor-icon-box-content\">\r\n            <h3 class=\"elementor-icon-box-title\">\r\n                <span ><\/span>\r\n            <\/h3>\r\n            <p class=\"elementor-icon-box-description\">We provide online access to your entire insurance programme, outstanding receipts and pending claims at any time and from anywhere.<\/p>\r\n            <\/div>\r\n        <\/div>\r\n        \t\t\t\t<\/div>\n\t\t\t\t<\/div>\n\t\t\t\t<div class=\"elementor-element elementor-element-f607763 elementor-position-left elementor-view-default elementor-vertical-align-top elementor-widget elementor-widget-icon-box\" data-id=\"f607763\" data-element_type=\"widget\" data-e-type=\"widget\" data-widget_type=\"icon-box.default\">\n\t\t\t\t<div class=\"elementor-widget-container\">\n\t\t\t\t\t        <div class=\"elementor-icon-box-wrapper\">\r\n                    <div class=\"elementor-icon-box-icon\">\r\n            <span class=\"elementor-icon elementor-animation-\" >\r\n            <i class=\"fa fa-circle-o-notch\" aria-hidden=\"true\"><\/i>\r\n            <\/span>\r\n            <\/div>\r\n                <div class=\"elementor-icon-box-content\">\r\n            <h3 class=\"elementor-icon-box-title\">\r\n                <span ><\/span>\r\n            <\/h3>\r\n            <p class=\"elementor-icon-box-description\">We provide monthly information on account statements relating to amounts in collection.<\/p>\r\n            <\/div>\r\n        <\/div>\r\n        \t\t\t\t<\/div>\n\t\t\t\t<\/div>\n\t\t\t\t<div class=\"elementor-element elementor-element-2abc4379 elementor-widget elementor-widget-text-editor\" data-id=\"2abc4379\" data-element_type=\"widget\" data-e-type=\"widget\" data-widget_type=\"text-editor.default\">\n\t\t\t\t<div class=\"elementor-widget-container\">\n\t\t\t\t\t\t\t\t\t<p style=\"text-align: justify;\"><strong>I'm sure you can.<\/strong><\/p>\t\t\t\t\t\t\t\t<\/div>\n\t\t\t\t<\/div>\n\t\t\t\t\t<\/div>\n\t\t<\/div>\n\t\t\t\t\t<\/div>\n\t\t<\/div>\n\t\t\t\t<\/div>","protected":false},"excerpt":{"rendered":"<p>Services The Corbroker team is committed to providing an excellent service to its clients. We constantly monitor your business through an account manager and our client management works in an integrated manner. We have existing insurance programmes analysed by a professional team, which enables us to identify any gaps in cover that may exist.<\/p>","protected":false},"author":2,"featured_media":0,"parent":2275,"menu_order":0,"comment_status":"closed","ping_status":"closed","template":"","meta":{"_monsterinsights_skip_tracking":false,"_monsterinsights_sitenote_active":false,"_monsterinsights_sitenote_note":"","_monsterinsights_sitenote_category":0,"footnotes":""},"class_list":["post-4060","page","type-page","status-publish","hentry"],"yoast_head":"<!-- This site is optimized with the Yoast SEO plugin v27.6 - https:\/\/yoast.com\/product\/yoast-seo-wordpress\/ -->\n<title>Servi\u00e7os - Corbroker<\/title>\n<meta name=\"description\" content=\"A equipa da Corbroker est\u00e1 comprometida em prestar servi\u00e7os aos seus clientes. Seguramente consigo.\" \/>\n<meta name=\"robots\" content=\"index, follow, max-snippet:-1, max-image-preview:large, max-video-preview:-1\" \/>\n<link rel=\"canonical\" href=\"https:\/\/corbroker.pt\/en\/about-us-2\/services-2\/\" \/>\n<meta property=\"og:locale\" content=\"en_GB\" \/>\n<meta property=\"og:type\" content=\"article\" \/>\n<meta property=\"og:title\" content=\"Servi\u00e7os - Corbroker\" \/>\n<meta property=\"og:description\" content=\"A equipa da Corbroker est\u00e1 comprometida em prestar servi\u00e7os aos seus clientes. Seguramente consigo.\" \/>\n<meta property=\"og:url\" content=\"https:\/\/corbroker.pt\/en\/about-us-2\/services-2\/\" \/>\n<meta property=\"og:site_name\" content=\"Corbroker\" \/>\n<meta property=\"article:publisher\" content=\"https:\/\/www.facebook.com\/pages\/category\/Insurance-Agent\/Corbroker-SA-179804545370152\/\" \/>\n<meta property=\"article:modified_time\" content=\"2022-08-13T11:55:46+00:00\" \/>\n<meta name=\"twitter:card\" content=\"summary_large_image\" \/>\n<meta name=\"twitter:label1\" content=\"Estimated reading time\" \/>\n\t<meta name=\"twitter:data1\" content=\"2 minutes\" \/>\n<script type=\"application\/ld+json\" class=\"yoast-schema-graph\">{\"@context\":\"https:\\\/\\\/schema.org\",\"@graph\":[{\"@type\":\"WebPage\",\"@id\":\"https:\\\/\\\/corbroker.pt\\\/sobre-nos\\\/servicos\\\/\",\"url\":\"https:\\\/\\\/corbroker.pt\\\/sobre-nos\\\/servicos\\\/\",\"name\":\"Servi\u00e7os - Corbroker\",\"isPartOf\":{\"@id\":\"https:\\\/\\\/corbroker.pt\\\/#website\"},\"datePublished\":\"2020-05-18T16:13:01+00:00\",\"dateModified\":\"2022-08-13T11:55:46+00:00\",\"description\":\"A equipa da Corbroker est\u00e1 comprometida em prestar servi\u00e7os aos seus clientes. Seguramente consigo.\",\"breadcrumb\":{\"@id\":\"https:\\\/\\\/corbroker.pt\\\/sobre-nos\\\/servicos\\\/#breadcrumb\"},\"inLanguage\":\"en-GB\",\"potentialAction\":[{\"@type\":\"ReadAction\",\"target\":[\"https:\\\/\\\/corbroker.pt\\\/sobre-nos\\\/servicos\\\/\"]}]},{\"@type\":\"BreadcrumbList\",\"@id\":\"https:\\\/\\\/corbroker.pt\\\/sobre-nos\\\/servicos\\\/#breadcrumb\",\"itemListElement\":[{\"@type\":\"ListItem\",\"position\":1,\"name\":\"In\u00edcio\",\"item\":\"https:\\\/\\\/corbroker.pt\\\/\"},{\"@type\":\"ListItem\",\"position\":2,\"name\":\"Sobre n\u00f3s\",\"item\":\"https:\\\/\\\/corbroker.pt\\\/sobre-nos\\\/\"},{\"@type\":\"ListItem\",\"position\":3,\"name\":\"Servi\u00e7os\"}]},{\"@type\":\"WebSite\",\"@id\":\"https:\\\/\\\/corbroker.pt\\\/#website\",\"url\":\"https:\\\/\\\/corbroker.pt\\\/\",\"name\":\"Corbroker - corretores de seguros\",\"description\":\"Corretor de Seguros\",\"publisher\":{\"@id\":\"https:\\\/\\\/corbroker.pt\\\/#organization\"},\"potentialAction\":[{\"@type\":\"SearchAction\",\"target\":{\"@type\":\"EntryPoint\",\"urlTemplate\":\"https:\\\/\\\/corbroker.pt\\\/?s={search_term_string}\"},\"query-input\":{\"@type\":\"PropertyValueSpecification\",\"valueRequired\":true,\"valueName\":\"search_term_string\"}}],\"inLanguage\":\"en-GB\"},{\"@type\":\"Organization\",\"@id\":\"https:\\\/\\\/corbroker.pt\\\/#organization\",\"name\":\"Corbroker S.A.\",\"url\":\"https:\\\/\\\/corbroker.pt\\\/\",\"logo\":{\"@type\":\"ImageObject\",\"inLanguage\":\"en-GB\",\"@id\":\"https:\\\/\\\/corbroker.pt\\\/#\\\/schema\\\/logo\\\/image\\\/\",\"url\":\"https:\\\/\\\/corbroker.pt\\\/wp-content\\\/uploads\\\/2020\\\/04\\\/Corbroker-Logotipo-copy-e1588262618382.png\",\"contentUrl\":\"https:\\\/\\\/corbroker.pt\\\/wp-content\\\/uploads\\\/2020\\\/04\\\/Corbroker-Logotipo-copy-e1588262618382.png\",\"width\":300,\"height\":79,\"caption\":\"Corbroker S.A.\"},\"image\":{\"@id\":\"https:\\\/\\\/corbroker.pt\\\/#\\\/schema\\\/logo\\\/image\\\/\"},\"sameAs\":[\"https:\\\/\\\/www.facebook.com\\\/pages\\\/category\\\/Insurance-Agent\\\/Corbroker-SA-179804545370152\\\/\",\"https:\\\/\\\/www.linkedin.com\\\/company\\\/corbroker--corretores-de-seguros-sa.\\\/\"]}]}<\/script>\n<!-- \/ Yoast SEO plugin. -->","yoast_head_json":{"title":"Services - Corbroker","description":"The Corbroker team is committed to providing services to its clients. Certainly with you.","robots":{"index":"index","follow":"follow","max-snippet":"max-snippet:-1","max-image-preview":"max-image-preview:large","max-video-preview":"max-video-preview:-1"},"canonical":"https:\/\/corbroker.pt\/en\/about-us-2\/services-2\/","og_locale":"en_GB","og_type":"article","og_title":"Servi\u00e7os - Corbroker","og_description":"A equipa da Corbroker est\u00e1 comprometida em prestar servi\u00e7os aos seus clientes. Seguramente consigo.","og_url":"https:\/\/corbroker.pt\/en\/about-us-2\/services-2\/","og_site_name":"Corbroker","article_publisher":"https:\/\/www.facebook.com\/pages\/category\/Insurance-Agent\/Corbroker-SA-179804545370152\/","article_modified_time":"2022-08-13T11:55:46+00:00","twitter_card":"summary_large_image","twitter_misc":{"Estimated reading time":"2 minutes"},"schema":{"@context":"https:\/\/schema.org","@graph":[{"@type":"WebPage","@id":"https:\/\/corbroker.pt\/sobre-nos\/servicos\/","url":"https:\/\/corbroker.pt\/sobre-nos\/servicos\/","name":"Services - Corbroker","isPartOf":{"@id":"https:\/\/corbroker.pt\/#website"},"datePublished":"2020-05-18T16:13:01+00:00","dateModified":"2022-08-13T11:55:46+00:00","description":"The Corbroker team is committed to providing services to its clients. Certainly with you.","breadcrumb":{"@id":"https:\/\/corbroker.pt\/sobre-nos\/servicos\/#breadcrumb"},"inLanguage":"en-GB","potentialAction":[{"@type":"ReadAction","target":["https:\/\/corbroker.pt\/sobre-nos\/servicos\/"]}]},{"@type":"BreadcrumbList","@id":"https:\/\/corbroker.pt\/sobre-nos\/servicos\/#breadcrumb","itemListElement":[{"@type":"ListItem","position":1,"name":"In\u00edcio","item":"https:\/\/corbroker.pt\/"},{"@type":"ListItem","position":2,"name":"Sobre n\u00f3s","item":"https:\/\/corbroker.pt\/sobre-nos\/"},{"@type":"ListItem","position":3,"name":"Servi\u00e7os"}]},{"@type":"WebSite","@id":"https:\/\/corbroker.pt\/#website","url":"https:\/\/corbroker.pt\/","name":"Corbroker - insurance brokers","description":"Insurance Broker","publisher":{"@id":"https:\/\/corbroker.pt\/#organization"},"potentialAction":[{"@type":"SearchAction","target":{"@type":"EntryPoint","urlTemplate":"https:\/\/corbroker.pt\/?s={search_term_string}"},"query-input":{"@type":"PropertyValueSpecification","valueRequired":true,"valueName":"search_term_string"}}],"inLanguage":"en-GB"},{"@type":"Organization","@id":"https:\/\/corbroker.pt\/#organization","name":"Corbroker S.A.","url":"https:\/\/corbroker.pt\/","logo":{"@type":"ImageObject","inLanguage":"en-GB","@id":"https:\/\/corbroker.pt\/#\/schema\/logo\/image\/","url":"https:\/\/corbroker.pt\/wp-content\/uploads\/2020\/04\/Corbroker-Logotipo-copy-e1588262618382.png","contentUrl":"https:\/\/corbroker.pt\/wp-content\/uploads\/2020\/04\/Corbroker-Logotipo-copy-e1588262618382.png","width":300,"height":79,"caption":"Corbroker S.A."},"image":{"@id":"https:\/\/corbroker.pt\/#\/schema\/logo\/image\/"},"sameAs":["https:\/\/www.facebook.com\/pages\/category\/Insurance-Agent\/Corbroker-SA-179804545370152\/","https:\/\/www.linkedin.com\/company\/corbroker--corretores-de-seguros-sa.\/"]}]}},"_links":{"self":[{"href":"https:\/\/corbroker.pt\/en\/wp-json\/wp\/v2\/pages\/4060","targetHints":{"allow":["GET"]}}],"collection":[{"href":"https:\/\/corbroker.pt\/en\/wp-json\/wp\/v2\/pages"}],"about":[{"href":"https:\/\/corbroker.pt\/en\/wp-json\/wp\/v2\/types\/page"}],"author":[{"embeddable":true,"href":"https:\/\/corbroker.pt\/en\/wp-json\/wp\/v2\/users\/2"}],"replies":[{"embeddable":true,"href":"https:\/\/corbroker.pt\/en\/wp-json\/wp\/v2\/comments?post=4060"}],"version-history":[{"count":3,"href":"https:\/\/corbroker.pt\/en\/wp-json\/wp\/v2\/pages\/4060\/revisions"}],"predecessor-version":[{"id":4331,"href":"https:\/\/corbroker.pt\/en\/wp-json\/wp\/v2\/pages\/4060\/revisions\/4331"}],"up":[{"embeddable":true,"href":"https:\/\/corbroker.pt\/en\/wp-json\/wp\/v2\/pages\/2275"}],"wp:attachment":[{"href":"https:\/\/corbroker.pt\/en\/wp-json\/wp\/v2\/media?parent=4060"}],"curies":[{"name":"wp","href":"https:\/\/api.w.org\/{rel}","templated":true}]}}