{"id":4481,"date":"2021-01-17T18:14:26","date_gmt":"2021-01-17T18:14:26","guid":{"rendered":"https:\/\/corbroker.pt\/?page_id=4481"},"modified":"2022-08-13T14:55:17","modified_gmt":"2022-08-13T14:55:17","slug":"drones-civil-liability","status":"publish","type":"page","link":"https:\/\/corbroker.pt\/en\/drones-responsabilidade-civil\/","title":{"rendered":"Drones Civil Liability"},"content":{"rendered":"<div data-elementor-type=\"wp-page\" data-elementor-id=\"4481\" class=\"elementor elementor-4481\">\n\t\t\t\t\t\t<section class=\"elementor-section elementor-top-section elementor-element elementor-element-7294389c elementor-section-stretched elementor-section-boxed elementor-section-height-default elementor-section-height-default\" data-id=\"7294389c\" data-element_type=\"section\" data-e-type=\"section\" data-settings=\"{&quot;stretch_section&quot;:&quot;section-stretched&quot;}\">\n\t\t\t\t\t\t<div class=\"elementor-container elementor-column-gap-default\">\n\t\t\t\t\t<div class=\"elementor-column elementor-col-100 elementor-top-column elementor-element elementor-element-3b4dd8b6\" data-id=\"3b4dd8b6\" data-element_type=\"column\" data-e-type=\"column\" data-settings=\"{&quot;background_background&quot;:&quot;classic&quot;}\">\n\t\t\t<div class=\"elementor-widget-wrap elementor-element-populated\">\n\t\t\t\t\t\t<div class=\"elementor-element elementor-element-20e8d10b elementor-widget elementor-widget-heading\" data-id=\"20e8d10b\" data-element_type=\"widget\" data-e-type=\"widget\" data-widget_type=\"heading.default\">\n\t\t\t\t<div class=\"elementor-widget-container\">\n\t\t\t\t\t<h6 class=\"elementor-heading-title elementor-size-default\">Fly safely<\/h6>\t\t\t\t<\/div>\n\t\t\t\t<\/div>\n\t\t\t\t<div class=\"elementor-element elementor-element-53775870 elementor-widget elementor-widget-heading\" data-id=\"53775870\" data-element_type=\"widget\" data-e-type=\"widget\" data-widget_type=\"heading.default\">\n\t\t\t\t<div class=\"elementor-widget-container\">\n\t\t\t\t\t<h3 class=\"elementor-heading-title elementor-size-default\">Compulsory Civil Liability Insurance in accordance with Ministerial Order no. 2\/2021<\/h3>\t\t\t\t<\/div>\n\t\t\t\t<\/div>\n\t\t\t\t<div class=\"elementor-element elementor-element-7eff4f85 elementor-widget elementor-widget-text-editor\" data-id=\"7eff4f85\" data-element_type=\"widget\" data-e-type=\"widget\" data-widget_type=\"text-editor.default\">\n\t\t\t\t<div class=\"elementor-widget-container\">\n\t\t\t\t\t\t\t\t\t<p>According to decree no. 2\/2021 of 4 January 2021, Civil Liability insurance for UAS weighing more than 900g has become compulsory, which is why Corbroker has solutions through Civil Liability insurance that comply with this decree.<\/p>\t\t\t\t\t\t\t\t<\/div>\n\t\t\t\t<\/div>\n\t\t\t\t<section class=\"elementor-section elementor-inner-section elementor-element elementor-element-366fdc31 elementor-section-boxed elementor-section-height-default elementor-section-height-default\" data-id=\"366fdc31\" data-element_type=\"section\" data-e-type=\"section\">\n\t\t\t\t\t\t<div class=\"elementor-container elementor-column-gap-no\">\n\t\t\t\t\t<div class=\"elementor-column elementor-col-50 elementor-inner-column elementor-element elementor-element-35ec734e\" data-id=\"35ec734e\" data-element_type=\"column\" data-e-type=\"column\" data-settings=\"{&quot;background_background&quot;:&quot;classic&quot;}\">\n\t\t\t<div class=\"elementor-widget-wrap elementor-element-populated\">\n\t\t\t\t\t\t<div class=\"elementor-element elementor-element-7e3cf646 elementor-widget elementor-widget-heading\" data-id=\"7e3cf646\" data-element_type=\"widget\" data-e-type=\"widget\" data-widget_type=\"heading.default\">\n\t\t\t\t<div class=\"elementor-widget-container\">\n\t\t\t\t\t<h2 class=\"elementor-heading-title elementor-size-default\">Scope of coverage<\/h2>\t\t\t\t<\/div>\n\t\t\t\t<\/div>\n\t\t\t\t<div class=\"elementor-element elementor-element-67c307c0 elementor-widget elementor-widget-text-editor\" data-id=\"67c307c0\" data-element_type=\"widget\" data-e-type=\"widget\" data-widget_type=\"text-editor.default\">\n\t\t\t\t<div class=\"elementor-widget-container\">\n\t\t\t\t\t\t\t\t\t<p>Guarantees the obligation to compensate third parties for property damage caused by UAS whose respective aircraft has a maximum operational mass of more than 900 grams, under the terms and for the purposes of Decree-Law no. 58\/2018, of 23 July, with a minimum insured capital per annuity, regardless of the number of claims.<\/p><p>The cover covers damage resulting from accidents that occur both in flight and on the ground.<\/p>\t\t\t\t\t\t\t\t<\/div>\n\t\t\t\t<\/div>\n\t\t\t\t<div class=\"elementor-element elementor-element-8df0b72 elementor-widget elementor-widget-heading\" data-id=\"8df0b72\" data-element_type=\"widget\" data-e-type=\"widget\" data-widget_type=\"heading.default\">\n\t\t\t\t<div class=\"elementor-widget-container\">\n\t\t\t\t\t<h2 class=\"elementor-heading-title elementor-size-default\">Safe object<\/h2>\t\t\t\t<\/div>\n\t\t\t\t<\/div>\n\t\t\t\t<div class=\"elementor-element elementor-element-ecd509b elementor-widget elementor-widget-text-editor\" data-id=\"ecd509b\" data-element_type=\"widget\" data-e-type=\"widget\" data-widget_type=\"text-editor.default\">\n\t\t\t\t<div class=\"elementor-widget-container\">\n\t\t\t\t\t\t\t\t\t<p>Unmanned Aircraft(s)\/Remotely Piloted Aerial Vehicle(s), in compliance with the requirements defined in the legislation in force.<\/p><p>Territorial scope<strong> Portugal.<\/strong><\/p>\t\t\t\t\t\t\t\t<\/div>\n\t\t\t\t<\/div>\n\t\t\t\t<div class=\"elementor-element elementor-element-3bef2d1 elementor-widget elementor-widget-heading\" data-id=\"3bef2d1\" data-element_type=\"widget\" data-e-type=\"widget\" data-widget_type=\"heading.default\">\n\t\t\t\t<div class=\"elementor-widget-container\">\n\t\t\t\t\t<h2 class=\"elementor-heading-title elementor-size-default\">Time frame<\/h2>\t\t\t\t<\/div>\n\t\t\t\t<\/div>\n\t\t\t\t<div class=\"elementor-element elementor-element-c359266 elementor-widget elementor-widget-text-editor\" data-id=\"c359266\" data-element_type=\"widget\" data-e-type=\"widget\" data-widget_type=\"text-editor.default\">\n\t\t\t\t<div class=\"elementor-widget-container\">\n\t\t\t\t\t\t\t\t\t<p>The insurance contract covers the insured's civil liability for the use of the UAS for acts or omissions that generate civil liability that occur during the term of the contract.<\/p><p><strong>Utilisation<\/strong> <strong>Private\/Leisure, Sports, Commercial and R&amp;D. <\/strong><\/p>\t\t\t\t\t\t\t\t<\/div>\n\t\t\t\t<\/div>\n\t\t\t\t\t<\/div>\n\t\t<\/div>\n\t\t\t\t<div class=\"elementor-column elementor-col-50 elementor-inner-column elementor-element elementor-element-1d1bb609\" data-id=\"1d1bb609\" data-element_type=\"column\" data-e-type=\"column\">\n\t\t\t<div class=\"elementor-widget-wrap elementor-element-populated\">\n\t\t\t\t\t\t<div class=\"elementor-element elementor-element-f902ee0 elementor-widget elementor-widget-image\" data-id=\"f902ee0\" data-element_type=\"widget\" data-e-type=\"widget\" data-widget_type=\"image.default\">\n\t\t\t\t<div class=\"elementor-widget-container\">\n\t\t\t\t\t\t\t\t\t\t\t\t\t\t\t<img fetchpriority=\"high\" decoding=\"async\" width=\"1000\" height=\"1500\" src=\"https:\/\/corbroker.pt\/wp-content\/uploads\/2021\/01\/drone1.jpg\" class=\"attachment-2048x2048 size-2048x2048 wp-image-4496\" alt=\"\" srcset=\"https:\/\/corbroker.pt\/wp-content\/uploads\/2021\/01\/drone1.jpg 1000w, https:\/\/corbroker.pt\/wp-content\/uploads\/2021\/01\/drone1-200x300.jpg 200w, https:\/\/corbroker.pt\/wp-content\/uploads\/2021\/01\/drone1-683x1024.jpg 683w, https:\/\/corbroker.pt\/wp-content\/uploads\/2021\/01\/drone1-768x1152.jpg 768w\" sizes=\"(max-width: 1000px) 100vw, 1000px\" \/>\t\t\t\t\t\t\t\t\t\t\t\t\t\t\t<\/div>\n\t\t\t\t<\/div>\n\t\t\t\t<div class=\"elementor-element elementor-element-7b914e7 elementor-widget elementor-widget-image\" data-id=\"7b914e7\" data-element_type=\"widget\" data-e-type=\"widget\" data-widget_type=\"image.default\">\n\t\t\t\t<div class=\"elementor-widget-container\">\n\t\t\t\t\t\t\t\t\t\t\t\t\t\t\t<img decoding=\"async\" width=\"156\" height=\"55\" src=\"https:\/\/corbroker.pt\/wp-content\/uploads\/2021\/01\/apant.png\" class=\"attachment-large size-large wp-image-4488\" alt=\"\" \/>\t\t\t\t\t\t\t\t\t\t\t\t\t\t\t<\/div>\n\t\t\t\t<\/div>\n\t\t\t\t\t<\/div>\n\t\t<\/div>\n\t\t\t\t\t<\/div>\n\t\t<\/section>\n\t\t\t\t<section class=\"elementor-section elementor-inner-section elementor-element elementor-element-330e21a elementor-section-boxed elementor-section-height-default elementor-section-height-default\" data-id=\"330e21a\" data-element_type=\"section\" data-e-type=\"section\">\n\t\t\t\t\t\t<div class=\"elementor-container elementor-column-gap-no\">\n\t\t\t\t\t<div class=\"elementor-column elementor-col-50 elementor-inner-column elementor-element elementor-element-17e79af\" data-id=\"17e79af\" data-element_type=\"column\" data-e-type=\"column\" data-settings=\"{&quot;background_background&quot;:&quot;classic&quot;}\">\n\t\t\t<div class=\"elementor-widget-wrap elementor-element-populated\">\n\t\t\t\t\t\t<div class=\"elementor-element elementor-element-f35c87f elementor-widget elementor-widget-heading\" data-id=\"f35c87f\" data-element_type=\"widget\" data-e-type=\"widget\" data-widget_type=\"heading.default\">\n\t\t\t\t<div class=\"elementor-widget-container\">\n\t\t\t\t\t<h2 class=\"elementor-heading-title elementor-size-default\">Requirements for taking out insurance<\/h2>\t\t\t\t<\/div>\n\t\t\t\t<\/div>\n\t\t\t\t<div class=\"elementor-element elementor-element-07200cc elementor-widget elementor-widget-text-editor\" data-id=\"07200cc\" data-element_type=\"widget\" data-e-type=\"widget\" data-widget_type=\"text-editor.default\">\n\t\t\t\t<div class=\"elementor-widget-container\">\n\t\t\t\t\t\t\t\t\t<ul><li>Make, model, weight and version of the equipment;<\/li><li>Manufacturer's serial number;<\/li><li>Type of equipment use;<\/li><li>Filling in the insurance proposal.<\/li><\/ul>\t\t\t\t\t\t\t\t<\/div>\n\t\t\t\t<\/div>\n\t\t\t\t\t<\/div>\n\t\t<\/div>\n\t\t\t\t<div class=\"elementor-column elementor-col-50 elementor-inner-column elementor-element elementor-element-9792cd0\" data-id=\"9792cd0\" data-element_type=\"column\" data-e-type=\"column\" data-settings=\"{&quot;background_background&quot;:&quot;classic&quot;}\">\n\t\t\t<div class=\"elementor-widget-wrap elementor-element-populated\">\n\t\t\t\t\t\t<div class=\"elementor-element elementor-element-491e3361 elementor-widget elementor-widget-heading\" data-id=\"491e3361\" data-element_type=\"widget\" data-e-type=\"widget\" data-widget_type=\"heading.default\">\n\t\t\t\t<div class=\"elementor-widget-container\">\n\t\t\t\t\t<h3 class=\"elementor-heading-title elementor-size-default\">More information<\/h3>\t\t\t\t<\/div>\n\t\t\t\t<\/div>\n\t\t\t\t<div class=\"elementor-element elementor-element-c584457 elementor-button-info elementor-widget elementor-widget-button\" data-id=\"c584457\" data-element_type=\"widget\" data-e-type=\"widget\" data-widget_type=\"button.default\">\n\t\t\t\t<div class=\"elementor-widget-container\">\n\t\t\t\t\t\t\t\t\t<div class=\"elementor-button-wrapper\">\n\t\t\t\t\t<a class=\"elementor-button elementor-button-link elementor-size-sm\" href=\"https:\/\/corbroker.pt\/en\/contact-companies\/\">\n\t\t\t\t\t\t<span class=\"elementor-button-content-wrapper\">\n\t\t\t\t\t\t<span class=\"elementor-button-icon\">\n\t\t\t\t<i aria-hidden=\"true\" class=\"fas fa-envelope\"><\/i>\t\t\t<\/span>\n\t\t\t\t\t\t\t\t\t<span class=\"elementor-button-text\">Companies<\/span>\n\t\t\t\t\t<\/span>\n\t\t\t\t\t<\/a>\n\t\t\t\t<\/div>\n\t\t\t\t\t\t\t\t<\/div>\n\t\t\t\t<\/div>\n\t\t\t\t<div class=\"elementor-element elementor-element-fec8c51 elementor-button-info elementor-align-left elementor-widget elementor-widget-button\" data-id=\"fec8c51\" data-element_type=\"widget\" data-e-type=\"widget\" data-widget_type=\"button.default\">\n\t\t\t\t<div class=\"elementor-widget-container\">\n\t\t\t\t\t\t\t\t\t<div class=\"elementor-button-wrapper\">\n\t\t\t\t\t<a class=\"elementor-button elementor-button-link elementor-size-sm\" href=\"https:\/\/corbroker.pt\/en\/private-contacts\/\">\n\t\t\t\t\t\t<span class=\"elementor-button-content-wrapper\">\n\t\t\t\t\t\t<span class=\"elementor-button-icon\">\n\t\t\t\t<i aria-hidden=\"true\" class=\"fas fa-envelope\"><\/i>\t\t\t<\/span>\n\t\t\t\t\t\t\t\t\t<span class=\"elementor-button-text\">Private individuals<\/span>\n\t\t\t\t\t<\/span>\n\t\t\t\t\t<\/a>\n\t\t\t\t<\/div>\n\t\t\t\t\t\t\t\t<\/div>\n\t\t\t\t<\/div>\n\t\t\t\t\t<\/div>\n\t\t<\/div>\n\t\t\t\t\t<\/div>\n\t\t<\/section>\n\t\t\t\t<section class=\"elementor-section elementor-inner-section elementor-element elementor-element-df4864e elementor-section-boxed elementor-section-height-default elementor-section-height-default\" data-id=\"df4864e\" data-element_type=\"section\" data-e-type=\"section\">\n\t\t\t\t\t\t<div class=\"elementor-container elementor-column-gap-no\">\n\t\t\t\t\t<div class=\"elementor-column elementor-col-100 elementor-inner-column elementor-element elementor-element-0675b4d\" data-id=\"0675b4d\" data-element_type=\"column\" data-e-type=\"column\" data-settings=\"{&quot;background_background&quot;:&quot;classic&quot;}\">\n\t\t\t<div class=\"elementor-widget-wrap elementor-element-populated\">\n\t\t\t\t\t\t<div class=\"elementor-element elementor-element-216556d elementor-widget elementor-widget-text-editor\" data-id=\"216556d\" data-element_type=\"widget\" data-e-type=\"widget\" data-widget_type=\"text-editor.default\">\n\t\t\t\t<div class=\"elementor-widget-container\">\n\t\t\t\t\t\t\t\t\t<p style=\"text-align: center;\">In partnership with Apant, (the Portuguese Association of Unmanned Aircraft) Corbroker has advantageous solutions for Civil Liability insurance that complies with the aforementioned ordinance.<\/p>\t\t\t\t\t\t\t\t<\/div>\n\t\t\t\t<\/div>\n\t\t\t\t\t<\/div>\n\t\t<\/div>\n\t\t\t\t\t<\/div>\n\t\t<\/section>\n\t\t\t\t\t<\/div>\n\t\t<\/div>\n\t\t\t\t\t<\/div>\n\t\t<\/section>\n\t\t\t\t<\/div>","protected":false},"excerpt":{"rendered":"<p>Fly safely Civil Liability Insurance Compulsory according to ordinance no. 2\/2021 According to ordinance no. 2\/2021 of 04 January 2021, Civil Liability insurance for UAS weighing more than 900g has become compulsory, which is why Corbroker has solutions through Civil Liability insurance that<\/p>","protected":false},"author":2,"featured_media":0,"parent":0,"menu_order":0,"comment_status":"closed","ping_status":"closed","template":"","meta":{"_monsterinsights_skip_tracking":false,"_monsterinsights_sitenote_active":false,"_monsterinsights_sitenote_note":"","_monsterinsights_sitenote_category":0,"footnotes":""},"class_list":["post-4481","page","type-page","status-publish","hentry"],"yoast_head":"<!-- This site is optimized with the Yoast SEO plugin v27.6 - https:\/\/yoast.com\/product\/yoast-seo-wordpress\/ -->\n<title>Drones Responsabilidade Civil - Corbroker<\/title>\n<meta name=\"robots\" content=\"index, follow, max-snippet:-1, max-image-preview:large, max-video-preview:-1\" \/>\n<link rel=\"canonical\" href=\"https:\/\/corbroker.pt\/en\/drones-civil-liability\/\" \/>\n<meta property=\"og:locale\" content=\"en_GB\" \/>\n<meta property=\"og:type\" content=\"article\" \/>\n<meta property=\"og:title\" content=\"Drones Responsabilidade Civil - Corbroker\" \/>\n<meta property=\"og:description\" content=\"Voe em seguran\u00e7a Seguro de Responsabilidade Civil Obrigat\u00f3rio de acordo com a portaria n.\u00ba 2\/2021 De Acordo com a portaria n\u00ba2\/2021 de 04 de janeiro de 2021, o seguro de Responsabilidade Civil para UAS com mais de 900g passou a ser obrigat\u00f3rio, por esse motivo a Corbroker tem solu\u00e7\u00f5es atrav\u00e9s do seguro Responsabilidade Civil que\" \/>\n<meta property=\"og:url\" content=\"https:\/\/corbroker.pt\/en\/drones-civil-liability\/\" \/>\n<meta property=\"og:site_name\" content=\"Corbroker\" \/>\n<meta property=\"article:publisher\" content=\"https:\/\/www.facebook.com\/pages\/category\/Insurance-Agent\/Corbroker-SA-179804545370152\/\" \/>\n<meta property=\"article:modified_time\" content=\"2022-08-13T14:55:17+00:00\" \/>\n<meta property=\"og:image\" content=\"https:\/\/corbroker.pt\/wp-content\/uploads\/2021\/01\/drone1.jpg\" \/>\n<meta name=\"twitter:card\" content=\"summary_large_image\" \/>\n<meta name=\"twitter:label1\" content=\"Estimated reading time\" \/>\n\t<meta name=\"twitter:data1\" content=\"2 minutes\" \/>\n<script type=\"application\/ld+json\" class=\"yoast-schema-graph\">{\"@context\":\"https:\\\/\\\/schema.org\",\"@graph\":[{\"@type\":\"WebPage\",\"@id\":\"https:\\\/\\\/corbroker.pt\\\/drones-responsabilidade-civil\\\/\",\"url\":\"https:\\\/\\\/corbroker.pt\\\/drones-responsabilidade-civil\\\/\",\"name\":\"Drones Responsabilidade Civil - Corbroker\",\"isPartOf\":{\"@id\":\"https:\\\/\\\/corbroker.pt\\\/#website\"},\"primaryImageOfPage\":{\"@id\":\"https:\\\/\\\/corbroker.pt\\\/drones-responsabilidade-civil\\\/#primaryimage\"},\"image\":{\"@id\":\"https:\\\/\\\/corbroker.pt\\\/drones-responsabilidade-civil\\\/#primaryimage\"},\"thumbnailUrl\":\"https:\\\/\\\/corbroker.pt\\\/wp-content\\\/uploads\\\/2021\\\/01\\\/drone1.jpg\",\"datePublished\":\"2021-01-17T18:14:26+00:00\",\"dateModified\":\"2022-08-13T14:55:17+00:00\",\"breadcrumb\":{\"@id\":\"https:\\\/\\\/corbroker.pt\\\/drones-responsabilidade-civil\\\/#breadcrumb\"},\"inLanguage\":\"en-GB\",\"potentialAction\":[{\"@type\":\"ReadAction\",\"target\":[\"https:\\\/\\\/corbroker.pt\\\/drones-responsabilidade-civil\\\/\"]}]},{\"@type\":\"ImageObject\",\"inLanguage\":\"en-GB\",\"@id\":\"https:\\\/\\\/corbroker.pt\\\/drones-responsabilidade-civil\\\/#primaryimage\",\"url\":\"https:\\\/\\\/corbroker.pt\\\/wp-content\\\/uploads\\\/2021\\\/01\\\/drone1.jpg\",\"contentUrl\":\"https:\\\/\\\/corbroker.pt\\\/wp-content\\\/uploads\\\/2021\\\/01\\\/drone1.jpg\"},{\"@type\":\"BreadcrumbList\",\"@id\":\"https:\\\/\\\/corbroker.pt\\\/drones-responsabilidade-civil\\\/#breadcrumb\",\"itemListElement\":[{\"@type\":\"ListItem\",\"position\":1,\"name\":\"In\u00edcio\",\"item\":\"https:\\\/\\\/corbroker.pt\\\/\"},{\"@type\":\"ListItem\",\"position\":2,\"name\":\"Drones Responsabilidade Civil\"}]},{\"@type\":\"WebSite\",\"@id\":\"https:\\\/\\\/corbroker.pt\\\/#website\",\"url\":\"https:\\\/\\\/corbroker.pt\\\/\",\"name\":\"Corbroker - corretores de seguros\",\"description\":\"Corretor de Seguros\",\"publisher\":{\"@id\":\"https:\\\/\\\/corbroker.pt\\\/#organization\"},\"potentialAction\":[{\"@type\":\"SearchAction\",\"target\":{\"@type\":\"EntryPoint\",\"urlTemplate\":\"https:\\\/\\\/corbroker.pt\\\/?s={search_term_string}\"},\"query-input\":{\"@type\":\"PropertyValueSpecification\",\"valueRequired\":true,\"valueName\":\"search_term_string\"}}],\"inLanguage\":\"en-GB\"},{\"@type\":\"Organization\",\"@id\":\"https:\\\/\\\/corbroker.pt\\\/#organization\",\"name\":\"Corbroker S.A.\",\"url\":\"https:\\\/\\\/corbroker.pt\\\/\",\"logo\":{\"@type\":\"ImageObject\",\"inLanguage\":\"en-GB\",\"@id\":\"https:\\\/\\\/corbroker.pt\\\/#\\\/schema\\\/logo\\\/image\\\/\",\"url\":\"https:\\\/\\\/corbroker.pt\\\/wp-content\\\/uploads\\\/2020\\\/04\\\/Corbroker-Logotipo-copy-e1588262618382.png\",\"contentUrl\":\"https:\\\/\\\/corbroker.pt\\\/wp-content\\\/uploads\\\/2020\\\/04\\\/Corbroker-Logotipo-copy-e1588262618382.png\",\"width\":300,\"height\":79,\"caption\":\"Corbroker S.A.\"},\"image\":{\"@id\":\"https:\\\/\\\/corbroker.pt\\\/#\\\/schema\\\/logo\\\/image\\\/\"},\"sameAs\":[\"https:\\\/\\\/www.facebook.com\\\/pages\\\/category\\\/Insurance-Agent\\\/Corbroker-SA-179804545370152\\\/\",\"https:\\\/\\\/www.linkedin.com\\\/company\\\/corbroker--corretores-de-seguros-sa.\\\/\"]}]}<\/script>\n<!-- \/ Yoast SEO plugin. -->","yoast_head_json":{"title":"Drones Liability - Corbroker","robots":{"index":"index","follow":"follow","max-snippet":"max-snippet:-1","max-image-preview":"max-image-preview:large","max-video-preview":"max-video-preview:-1"},"canonical":"https:\/\/corbroker.pt\/en\/drones-civil-liability\/","og_locale":"en_GB","og_type":"article","og_title":"Drones Responsabilidade Civil - Corbroker","og_description":"Voe em seguran\u00e7a Seguro de Responsabilidade Civil Obrigat\u00f3rio de acordo com a portaria n.\u00ba 2\/2021 De Acordo com a portaria n\u00ba2\/2021 de 04 de janeiro de 2021, o seguro de Responsabilidade Civil para UAS com mais de 900g passou a ser obrigat\u00f3rio, por esse motivo a Corbroker tem solu\u00e7\u00f5es atrav\u00e9s do seguro Responsabilidade Civil que","og_url":"https:\/\/corbroker.pt\/en\/drones-civil-liability\/","og_site_name":"Corbroker","article_publisher":"https:\/\/www.facebook.com\/pages\/category\/Insurance-Agent\/Corbroker-SA-179804545370152\/","article_modified_time":"2022-08-13T14:55:17+00:00","og_image":[{"url":"https:\/\/corbroker.pt\/wp-content\/uploads\/2021\/01\/drone1.jpg","type":"","width":"","height":""}],"twitter_card":"summary_large_image","twitter_misc":{"Estimated reading time":"2 minutes"},"schema":{"@context":"https:\/\/schema.org","@graph":[{"@type":"WebPage","@id":"https:\/\/corbroker.pt\/drones-responsabilidade-civil\/","url":"https:\/\/corbroker.pt\/drones-responsabilidade-civil\/","name":"Drones Liability - Corbroker","isPartOf":{"@id":"https:\/\/corbroker.pt\/#website"},"primaryImageOfPage":{"@id":"https:\/\/corbroker.pt\/drones-responsabilidade-civil\/#primaryimage"},"image":{"@id":"https:\/\/corbroker.pt\/drones-responsabilidade-civil\/#primaryimage"},"thumbnailUrl":"https:\/\/corbroker.pt\/wp-content\/uploads\/2021\/01\/drone1.jpg","datePublished":"2021-01-17T18:14:26+00:00","dateModified":"2022-08-13T14:55:17+00:00","breadcrumb":{"@id":"https:\/\/corbroker.pt\/drones-responsabilidade-civil\/#breadcrumb"},"inLanguage":"en-GB","potentialAction":[{"@type":"ReadAction","target":["https:\/\/corbroker.pt\/drones-responsabilidade-civil\/"]}]},{"@type":"ImageObject","inLanguage":"en-GB","@id":"https:\/\/corbroker.pt\/drones-responsabilidade-civil\/#primaryimage","url":"https:\/\/corbroker.pt\/wp-content\/uploads\/2021\/01\/drone1.jpg","contentUrl":"https:\/\/corbroker.pt\/wp-content\/uploads\/2021\/01\/drone1.jpg"},{"@type":"BreadcrumbList","@id":"https:\/\/corbroker.pt\/drones-responsabilidade-civil\/#breadcrumb","itemListElement":[{"@type":"ListItem","position":1,"name":"In\u00edcio","item":"https:\/\/corbroker.pt\/"},{"@type":"ListItem","position":2,"name":"Drones Responsabilidade Civil"}]},{"@type":"WebSite","@id":"https:\/\/corbroker.pt\/#website","url":"https:\/\/corbroker.pt\/","name":"Corbroker - insurance brokers","description":"Insurance Broker","publisher":{"@id":"https:\/\/corbroker.pt\/#organization"},"potentialAction":[{"@type":"SearchAction","target":{"@type":"EntryPoint","urlTemplate":"https:\/\/corbroker.pt\/?s={search_term_string}"},"query-input":{"@type":"PropertyValueSpecification","valueRequired":true,"valueName":"search_term_string"}}],"inLanguage":"en-GB"},{"@type":"Organization","@id":"https:\/\/corbroker.pt\/#organization","name":"Corbroker S.A.","url":"https:\/\/corbroker.pt\/","logo":{"@type":"ImageObject","inLanguage":"en-GB","@id":"https:\/\/corbroker.pt\/#\/schema\/logo\/image\/","url":"https:\/\/corbroker.pt\/wp-content\/uploads\/2020\/04\/Corbroker-Logotipo-copy-e1588262618382.png","contentUrl":"https:\/\/corbroker.pt\/wp-content\/uploads\/2020\/04\/Corbroker-Logotipo-copy-e1588262618382.png","width":300,"height":79,"caption":"Corbroker S.A."},"image":{"@id":"https:\/\/corbroker.pt\/#\/schema\/logo\/image\/"},"sameAs":["https:\/\/www.facebook.com\/pages\/category\/Insurance-Agent\/Corbroker-SA-179804545370152\/","https:\/\/www.linkedin.com\/company\/corbroker--corretores-de-seguros-sa.\/"]}]}},"_links":{"self":[{"href":"https:\/\/corbroker.pt\/en\/wp-json\/wp\/v2\/pages\/4481","targetHints":{"allow":["GET"]}}],"collection":[{"href":"https:\/\/corbroker.pt\/en\/wp-json\/wp\/v2\/pages"}],"about":[{"href":"https:\/\/corbroker.pt\/en\/wp-json\/wp\/v2\/types\/page"}],"author":[{"embeddable":true,"href":"https:\/\/corbroker.pt\/en\/wp-json\/wp\/v2\/users\/2"}],"replies":[{"embeddable":true,"href":"https:\/\/corbroker.pt\/en\/wp-json\/wp\/v2\/comments?post=4481"}],"version-history":[{"count":36,"href":"https:\/\/corbroker.pt\/en\/wp-json\/wp\/v2\/pages\/4481\/revisions"}],"predecessor-version":[{"id":4798,"href":"https:\/\/corbroker.pt\/en\/wp-json\/wp\/v2\/pages\/4481\/revisions\/4798"}],"wp:attachment":[{"href":"https:\/\/corbroker.pt\/en\/wp-json\/wp\/v2\/media?parent=4481"}],"curies":[{"name":"wp","href":"https:\/\/api.w.org\/{rel}","templated":true}]}}