{"id":4654,"date":"2021-07-04T10:43:48","date_gmt":"2021-07-04T10:43:48","guid":{"rendered":"https:\/\/corbroker.pt\/?page_id=4654"},"modified":"2022-08-13T11:55:44","modified_gmt":"2022-08-13T11:55:44","slug":"parametric","status":"publish","type":"page","link":"https:\/\/corbroker.pt\/en\/parametricos\/","title":{"rendered":"Parametric"},"content":{"rendered":"<div data-elementor-type=\"wp-page\" data-elementor-id=\"4654\" class=\"elementor elementor-4654\">\n\t\t\t\t\t\t<section class=\"elementor-section elementor-top-section elementor-element elementor-element-7bb9a8fd elementor-section-stretched elementor-section-boxed elementor-section-height-default elementor-section-height-default\" data-id=\"7bb9a8fd\" data-element_type=\"section\" data-e-type=\"section\" data-settings=\"{&quot;stretch_section&quot;:&quot;section-stretched&quot;}\">\n\t\t\t\t\t\t<div class=\"elementor-container elementor-column-gap-default\">\n\t\t\t\t\t<div class=\"elementor-column elementor-col-100 elementor-top-column elementor-element elementor-element-15abad77\" data-id=\"15abad77\" data-element_type=\"column\" data-e-type=\"column\" data-settings=\"{&quot;background_background&quot;:&quot;classic&quot;}\">\n\t\t\t<div class=\"elementor-widget-wrap elementor-element-populated\">\n\t\t\t\t\t\t<div class=\"elementor-element elementor-element-491c1578 elementor-widget elementor-widget-heading\" data-id=\"491c1578\" data-element_type=\"widget\" data-e-type=\"widget\" data-widget_type=\"heading.default\">\n\t\t\t\t<div class=\"elementor-widget-container\">\n\t\t\t\t\t<h6 class=\"elementor-heading-title elementor-size-default\">Recipients<\/h6>\t\t\t\t<\/div>\n\t\t\t\t<\/div>\n\t\t\t\t<div class=\"elementor-element elementor-element-28fd3017 elementor-widget elementor-widget-heading\" data-id=\"28fd3017\" data-element_type=\"widget\" data-e-type=\"widget\" data-widget_type=\"heading.default\">\n\t\t\t\t<div class=\"elementor-widget-container\">\n\t\t\t\t\t<h2 class=\"elementor-heading-title elementor-size-default\">All companies in the following business segments: Agri-food, Renewable Energies, Events, Construction and Hospitality.<\/h2>\t\t\t\t<\/div>\n\t\t\t\t<\/div>\n\t\t\t\t<div class=\"elementor-element elementor-element-2d6494f1 elementor-widget elementor-widget-text-editor\" data-id=\"2d6494f1\" data-element_type=\"widget\" data-e-type=\"widget\" data-widget_type=\"text-editor.default\">\n\t\t\t\t<div class=\"elementor-widget-container\">\n\t\t\t\t\t\t\t\t\t<p>Parametric insurance is personalised cover designed using independent parameters, such as climatic or seismic indices, which complement your insurance programme. <br \/>By assessing the losses resulting from natural risks, it offers a solution that compensates for the expected revenue.<br \/>As soon as the agreed rate is reached or exceeded, payment is triggered and customers receive compensation within a few days, which is a very positive experience.<\/p>\t\t\t\t\t\t\t\t<\/div>\n\t\t\t\t<\/div>\n\t\t\t\t<section class=\"elementor-section elementor-inner-section elementor-element elementor-element-205c0ec4 elementor-section-boxed elementor-section-height-default elementor-section-height-default\" data-id=\"205c0ec4\" data-element_type=\"section\" data-e-type=\"section\">\n\t\t\t\t\t\t<div class=\"elementor-container elementor-column-gap-no\">\n\t\t\t\t\t<div class=\"elementor-column elementor-col-50 elementor-inner-column elementor-element elementor-element-194105a0\" data-id=\"194105a0\" data-element_type=\"column\" data-e-type=\"column\" data-settings=\"{&quot;background_background&quot;:&quot;classic&quot;}\">\n\t\t\t<div class=\"elementor-widget-wrap elementor-element-populated\">\n\t\t\t\t\t\t<div class=\"elementor-element elementor-element-04674ec elementor-position-left elementor-vertical-align-middle layout-default elementor-widget elementor-widget-image-box\" data-id=\"04674ec\" data-element_type=\"widget\" data-e-type=\"widget\" data-widget_type=\"image-box.default\">\n\t\t\t\t<div class=\"elementor-widget-container\">\n\t\t\t\t\t<div class=\"elementor-image-box-wrapper\"><div class=\"elementor-image-framed\"><figure class=\"elementor-image-box-img elementor-icon\"><img fetchpriority=\"high\" decoding=\"async\" width=\"420\" height=\"412\" src=\"https:\/\/corbroker.pt\/wp-content\/uploads\/2021\/07\/Parametricosai-06.png\" class=\"attachment-full size-full wp-image-4656\" alt=\"\" srcset=\"https:\/\/corbroker.pt\/wp-content\/uploads\/2021\/07\/Parametricosai-06.png 420w, https:\/\/corbroker.pt\/wp-content\/uploads\/2021\/07\/Parametricosai-06-300x294.png 300w\" sizes=\"(max-width: 420px) 100vw, 420px\" \/><\/figure><\/div><div class=\"elementor-image-box-content\"><h2 class=\"elementor-image-box-title\">Agri-food<\/h2><\/div><\/div>\t\t\t\t<\/div>\n\t\t\t\t<\/div>\n\t\t\t\t<div class=\"elementor-element elementor-element-357872f8 elementor-widget elementor-widget-text-editor\" data-id=\"357872f8\" data-element_type=\"widget\" data-e-type=\"widget\" data-widget_type=\"text-editor.default\">\n\t\t\t\t<div class=\"elementor-widget-container\">\n\t\t\t\t\t\t\t\t\t<p>It is a complement to traditional insurance for agricultural producers. <br \/>Payments are triggered by meteorological variables, such as temperature or rainfall, which occur over a given period of time, reducing harvest results.<\/p>\t\t\t\t\t\t\t\t<\/div>\n\t\t\t\t<\/div>\n\t\t\t\t<div class=\"elementor-element elementor-element-773457b elementor-position-left elementor-vertical-align-middle layout-default elementor-widget elementor-widget-image-box\" data-id=\"773457b\" data-element_type=\"widget\" data-e-type=\"widget\" data-widget_type=\"image-box.default\">\n\t\t\t\t<div class=\"elementor-widget-container\">\n\t\t\t\t\t<div class=\"elementor-image-box-wrapper\"><div class=\"elementor-image-framed\"><figure class=\"elementor-image-box-img elementor-icon\"><img decoding=\"async\" width=\"420\" height=\"412\" src=\"https:\/\/corbroker.pt\/wp-content\/uploads\/2021\/07\/Parametricosai-07.png\" class=\"attachment-full size-full wp-image-4657\" alt=\"\" srcset=\"https:\/\/corbroker.pt\/wp-content\/uploads\/2021\/07\/Parametricosai-07.png 420w, https:\/\/corbroker.pt\/wp-content\/uploads\/2021\/07\/Parametricosai-07-300x294.png 300w\" sizes=\"(max-width: 420px) 100vw, 420px\" \/><\/figure><\/div><div class=\"elementor-image-box-content\"><h2 class=\"elementor-image-box-title\">Renewable Energies<\/h2><\/div><\/div>\t\t\t\t<\/div>\n\t\t\t\t<\/div>\n\t\t\t\t<div class=\"elementor-element elementor-element-82507a9 elementor-widget elementor-widget-text-editor\" data-id=\"82507a9\" data-element_type=\"widget\" data-e-type=\"widget\" data-widget_type=\"text-editor.default\">\n\t\t\t\t<div class=\"elementor-widget-container\">\n\t\t\t\t\t\t\t\t\t<p>Meteorological anomalies have increased fivefold in the last 50 years.<\/p><p>Renewable energy production may be intermittent - the sun doesn't shine every day or all day, the wind isn't always blowing and heavy rainfall and periods of drought are increasing on a global scale.<\/p><p>Due to this growing unpredictability in energy production, it is essential to protect investments by guaranteeing revenues.<\/p><p>Together with the client, the experts model the energy production data and the risk period, after studying the type of plant, location and installed capacity.<\/p>\t\t\t\t\t\t\t\t<\/div>\n\t\t\t\t<\/div>\n\t\t\t\t<div class=\"elementor-element elementor-element-00b2895 elementor-position-left elementor-vertical-align-middle layout-default elementor-widget elementor-widget-image-box\" data-id=\"00b2895\" data-element_type=\"widget\" data-e-type=\"widget\" data-widget_type=\"image-box.default\">\n\t\t\t\t<div class=\"elementor-widget-container\">\n\t\t\t\t\t<div class=\"elementor-image-box-wrapper\"><div class=\"elementor-image-framed\"><figure class=\"elementor-image-box-img elementor-icon\"><img decoding=\"async\" width=\"420\" height=\"412\" src=\"https:\/\/corbroker.pt\/wp-content\/uploads\/2021\/07\/Parametricosai-08.png\" class=\"attachment-full size-full wp-image-4658\" alt=\"\" srcset=\"https:\/\/corbroker.pt\/wp-content\/uploads\/2021\/07\/Parametricosai-08.png 420w, https:\/\/corbroker.pt\/wp-content\/uploads\/2021\/07\/Parametricosai-08-300x294.png 300w\" sizes=\"(max-width: 420px) 100vw, 420px\" \/><\/figure><\/div><div class=\"elementor-image-box-content\"><h2 class=\"elementor-image-box-title\">Seismic phenomena<\/h2><\/div><\/div>\t\t\t\t<\/div>\n\t\t\t\t<\/div>\n\t\t\t\t<div class=\"elementor-element elementor-element-f638af0 elementor-widget elementor-widget-text-editor\" data-id=\"f638af0\" data-element_type=\"widget\" data-e-type=\"widget\" data-widget_type=\"text-editor.default\">\n\t\t\t\t<div class=\"elementor-widget-container\">\n\t\t\t\t\t\t\t\t\t<p>Through parametric insurance, insure the amount corresponding to the seismic phenomena cover deductible, maintaining the economic balance of the property insurance programme.<\/p>\t\t\t\t\t\t\t\t<\/div>\n\t\t\t\t<\/div>\n\t\t\t\t<div class=\"elementor-element elementor-element-1d573fd elementor-position-left elementor-vertical-align-bottom elementor-view-default elementor-widget elementor-widget-icon-box\" data-id=\"1d573fd\" data-element_type=\"widget\" data-e-type=\"widget\" data-widget_type=\"icon-box.default\">\n\t\t\t\t<div class=\"elementor-widget-container\">\n\t\t\t\t\t        <div class=\"elementor-icon-box-wrapper\">\r\n                    <div class=\"elementor-icon-box-icon\">\r\n            <a class=\"elementor-icon elementor-animation-\" href=\"https:\/\/corbroker.pt\/wp-content\/uploads\/2021\/07\/CB-Seguro-Parametricos.pdf\">\r\n            <i class=\"lexus-icon-download\" aria-hidden=\"true\"><\/i>\r\n            <\/a>\r\n            <\/div>\r\n                <div class=\"elementor-icon-box-content\">\r\n            <h2 class=\"elementor-icon-box-title\">\r\n                <a href=\"https:\/\/corbroker.pt\/wp-content\/uploads\/2021\/07\/CB-Seguro-Parametricos.pdf\">Download Parametric Brochure<\/a>\r\n            <\/h2>\r\n            <p class=\"elementor-icon-box-description\"><\/p>\r\n            <\/div>\r\n        <\/div>\r\n        \t\t\t\t<\/div>\n\t\t\t\t<\/div>\n\t\t\t\t\t<\/div>\n\t\t<\/div>\n\t\t\t\t<div class=\"elementor-column elementor-col-50 elementor-inner-column elementor-element elementor-element-7a1d6497\" data-id=\"7a1d6497\" data-element_type=\"column\" data-e-type=\"column\">\n\t\t\t<div class=\"elementor-widget-wrap elementor-element-populated\">\n\t\t\t\t\t\t<div class=\"elementor-element elementor-element-8a62db4 elementor-widget elementor-widget-image\" data-id=\"8a62db4\" data-element_type=\"widget\" data-e-type=\"widget\" data-widget_type=\"image.default\">\n\t\t\t\t<div class=\"elementor-widget-container\">\n\t\t\t\t\t\t\t\t\t\t\t\t\t\t\t<img loading=\"lazy\" decoding=\"async\" width=\"1289\" height=\"2000\" src=\"https:\/\/corbroker.pt\/wp-content\/uploads\/2021\/07\/pexels.jpg\" class=\"attachment-2048x2048 size-2048x2048 wp-image-4660\" alt=\"\" srcset=\"https:\/\/corbroker.pt\/wp-content\/uploads\/2021\/07\/pexels.jpg 1289w, https:\/\/corbroker.pt\/wp-content\/uploads\/2021\/07\/pexels-193x300.jpg 193w, https:\/\/corbroker.pt\/wp-content\/uploads\/2021\/07\/pexels-660x1024.jpg 660w, https:\/\/corbroker.pt\/wp-content\/uploads\/2021\/07\/pexels-768x1192.jpg 768w, https:\/\/corbroker.pt\/wp-content\/uploads\/2021\/07\/pexels-990x1536.jpg 990w\" sizes=\"(max-width: 1289px) 100vw, 1289px\" \/>\t\t\t\t\t\t\t\t\t\t\t\t\t\t\t<\/div>\n\t\t\t\t<\/div>\n\t\t\t\t<div class=\"elementor-element elementor-element-1c432696 elementor-widget elementor-widget-heading\" data-id=\"1c432696\" data-element_type=\"widget\" data-e-type=\"widget\" data-widget_type=\"heading.default\">\n\t\t\t\t<div class=\"elementor-widget-container\">\n\t\t\t\t\t<h3 class=\"elementor-heading-title elementor-size-default\">More information<\/h3>\t\t\t\t<\/div>\n\t\t\t\t<\/div>\n\t\t\t\t<div class=\"elementor-element elementor-element-5a09e9de elementor-button-info elementor-align-left elementor-widget elementor-widget-button\" data-id=\"5a09e9de\" data-element_type=\"widget\" data-e-type=\"widget\" data-widget_type=\"button.default\">\n\t\t\t\t<div class=\"elementor-widget-container\">\n\t\t\t\t\t\t\t\t\t<div class=\"elementor-button-wrapper\">\n\t\t\t\t\t<a class=\"elementor-button elementor-button-link elementor-size-sm\" href=\"https:\/\/corbroker.pt\/en\/contact-companies\/\">\n\t\t\t\t\t\t<span class=\"elementor-button-content-wrapper\">\n\t\t\t\t\t\t<span class=\"elementor-button-icon\">\n\t\t\t\t<i aria-hidden=\"true\" class=\"fas fa-envelope\"><\/i>\t\t\t<\/span>\n\t\t\t\t\t\t\t\t\t<span class=\"elementor-button-text\">Companies<\/span>\n\t\t\t\t\t<\/span>\n\t\t\t\t\t<\/a>\n\t\t\t\t<\/div>\n\t\t\t\t\t\t\t\t<\/div>\n\t\t\t\t<\/div>\n\t\t\t\t\t<\/div>\n\t\t<\/div>\n\t\t\t\t\t<\/div>\n\t\t<\/section>\n\t\t\t\t\t<\/div>\n\t\t<\/div>\n\t\t\t\t\t<\/div>\n\t\t<\/section>\n\t\t\t\t<\/div>","protected":false},"excerpt":{"rendered":"<p>Recipients All companies in the following business segments: Agri-food, Renewable Energy, Events, Construction and Hospitality. Parametric insurance is a personalised cover designed using independent parameters, such as climatic or seismic indices, which complement your insurance programme. By assessing the damage resulting from natural risks, it offers a solution<\/p>","protected":false},"author":2,"featured_media":0,"parent":0,"menu_order":0,"comment_status":"closed","ping_status":"closed","template":"","meta":{"_monsterinsights_skip_tracking":false,"_monsterinsights_sitenote_active":false,"_monsterinsights_sitenote_note":"","_monsterinsights_sitenote_category":0,"footnotes":""},"class_list":["post-4654","page","type-page","status-publish","hentry"],"yoast_head":"<!-- This site is optimized with the Yoast SEO plugin v27.6 - https:\/\/yoast.com\/product\/yoast-seo-wordpress\/ -->\n<title>Param\u00e9tricos - Corbroker<\/title>\n<meta name=\"robots\" content=\"index, follow, max-snippet:-1, max-image-preview:large, max-video-preview:-1\" \/>\n<link rel=\"canonical\" href=\"https:\/\/corbroker.pt\/en\/parametric\/\" \/>\n<meta property=\"og:locale\" content=\"en_GB\" \/>\n<meta property=\"og:type\" content=\"article\" \/>\n<meta property=\"og:title\" content=\"Param\u00e9tricos - Corbroker\" \/>\n<meta property=\"og:description\" content=\"Destinat\u00e1rios Todas as empresas dentro dos seguintes segmentos de atividade: Agroalimentar, Energias Renov\u00e1veis, Eventos, Constru\u00e7\u00e3o e Hotelaria. O seguro param\u00e9trico \u00e9 uma cobertura personalizada, concebida atrav\u00e9s da utiliza\u00e7\u00e3o de par\u00e2metros independentes, como \u00edndices clim\u00e1ticos ou s\u00edsmicos, que complementam o seu programa de seguros. Atrav\u00e9s da avalia\u00e7\u00e3o dos preju\u00edzos resultante dos riscos naturais, oferece uma solu\u00e7\u00e3o\" \/>\n<meta property=\"og:url\" content=\"https:\/\/corbroker.pt\/en\/parametric\/\" \/>\n<meta property=\"og:site_name\" content=\"Corbroker\" \/>\n<meta property=\"article:publisher\" content=\"https:\/\/www.facebook.com\/pages\/category\/Insurance-Agent\/Corbroker-SA-179804545370152\/\" \/>\n<meta property=\"article:modified_time\" content=\"2022-08-13T11:55:44+00:00\" \/>\n<meta property=\"og:image\" content=\"https:\/\/corbroker.pt\/wp-content\/uploads\/2021\/07\/Parametricosai-06.png\" \/>\n<meta name=\"twitter:card\" content=\"summary_large_image\" \/>\n<meta name=\"twitter:label1\" content=\"Estimated reading time\" \/>\n\t<meta name=\"twitter:data1\" content=\"2 minutes\" \/>\n<script type=\"application\/ld+json\" class=\"yoast-schema-graph\">{\"@context\":\"https:\\\/\\\/schema.org\",\"@graph\":[{\"@type\":\"WebPage\",\"@id\":\"https:\\\/\\\/corbroker.pt\\\/parametricos\\\/\",\"url\":\"https:\\\/\\\/corbroker.pt\\\/parametricos\\\/\",\"name\":\"Param\u00e9tricos - Corbroker\",\"isPartOf\":{\"@id\":\"https:\\\/\\\/corbroker.pt\\\/#website\"},\"primaryImageOfPage\":{\"@id\":\"https:\\\/\\\/corbroker.pt\\\/parametricos\\\/#primaryimage\"},\"image\":{\"@id\":\"https:\\\/\\\/corbroker.pt\\\/parametricos\\\/#primaryimage\"},\"thumbnailUrl\":\"https:\\\/\\\/corbroker.pt\\\/wp-content\\\/uploads\\\/2021\\\/07\\\/Parametricosai-06.png\",\"datePublished\":\"2021-07-04T10:43:48+00:00\",\"dateModified\":\"2022-08-13T11:55:44+00:00\",\"breadcrumb\":{\"@id\":\"https:\\\/\\\/corbroker.pt\\\/parametricos\\\/#breadcrumb\"},\"inLanguage\":\"en-GB\",\"potentialAction\":[{\"@type\":\"ReadAction\",\"target\":[\"https:\\\/\\\/corbroker.pt\\\/parametricos\\\/\"]}]},{\"@type\":\"ImageObject\",\"inLanguage\":\"en-GB\",\"@id\":\"https:\\\/\\\/corbroker.pt\\\/parametricos\\\/#primaryimage\",\"url\":\"https:\\\/\\\/corbroker.pt\\\/wp-content\\\/uploads\\\/2021\\\/07\\\/Parametricosai-06.png\",\"contentUrl\":\"https:\\\/\\\/corbroker.pt\\\/wp-content\\\/uploads\\\/2021\\\/07\\\/Parametricosai-06.png\"},{\"@type\":\"BreadcrumbList\",\"@id\":\"https:\\\/\\\/corbroker.pt\\\/parametricos\\\/#breadcrumb\",\"itemListElement\":[{\"@type\":\"ListItem\",\"position\":1,\"name\":\"In\u00edcio\",\"item\":\"https:\\\/\\\/corbroker.pt\\\/\"},{\"@type\":\"ListItem\",\"position\":2,\"name\":\"Param\u00e9tricos\"}]},{\"@type\":\"WebSite\",\"@id\":\"https:\\\/\\\/corbroker.pt\\\/#website\",\"url\":\"https:\\\/\\\/corbroker.pt\\\/\",\"name\":\"Corbroker - corretores de seguros\",\"description\":\"Corretor de Seguros\",\"publisher\":{\"@id\":\"https:\\\/\\\/corbroker.pt\\\/#organization\"},\"potentialAction\":[{\"@type\":\"SearchAction\",\"target\":{\"@type\":\"EntryPoint\",\"urlTemplate\":\"https:\\\/\\\/corbroker.pt\\\/?s={search_term_string}\"},\"query-input\":{\"@type\":\"PropertyValueSpecification\",\"valueRequired\":true,\"valueName\":\"search_term_string\"}}],\"inLanguage\":\"en-GB\"},{\"@type\":\"Organization\",\"@id\":\"https:\\\/\\\/corbroker.pt\\\/#organization\",\"name\":\"Corbroker S.A.\",\"url\":\"https:\\\/\\\/corbroker.pt\\\/\",\"logo\":{\"@type\":\"ImageObject\",\"inLanguage\":\"en-GB\",\"@id\":\"https:\\\/\\\/corbroker.pt\\\/#\\\/schema\\\/logo\\\/image\\\/\",\"url\":\"https:\\\/\\\/corbroker.pt\\\/wp-content\\\/uploads\\\/2020\\\/04\\\/Corbroker-Logotipo-copy-e1588262618382.png\",\"contentUrl\":\"https:\\\/\\\/corbroker.pt\\\/wp-content\\\/uploads\\\/2020\\\/04\\\/Corbroker-Logotipo-copy-e1588262618382.png\",\"width\":300,\"height\":79,\"caption\":\"Corbroker S.A.\"},\"image\":{\"@id\":\"https:\\\/\\\/corbroker.pt\\\/#\\\/schema\\\/logo\\\/image\\\/\"},\"sameAs\":[\"https:\\\/\\\/www.facebook.com\\\/pages\\\/category\\\/Insurance-Agent\\\/Corbroker-SA-179804545370152\\\/\",\"https:\\\/\\\/www.linkedin.com\\\/company\\\/corbroker--corretores-de-seguros-sa.\\\/\"]}]}<\/script>\n<!-- \/ Yoast SEO plugin. -->","yoast_head_json":{"title":"Parametric - Corbroker","robots":{"index":"index","follow":"follow","max-snippet":"max-snippet:-1","max-image-preview":"max-image-preview:large","max-video-preview":"max-video-preview:-1"},"canonical":"https:\/\/corbroker.pt\/en\/parametric\/","og_locale":"en_GB","og_type":"article","og_title":"Param\u00e9tricos - Corbroker","og_description":"Destinat\u00e1rios Todas as empresas dentro dos seguintes segmentos de atividade: Agroalimentar, Energias Renov\u00e1veis, Eventos, Constru\u00e7\u00e3o e Hotelaria. O seguro param\u00e9trico \u00e9 uma cobertura personalizada, concebida atrav\u00e9s da utiliza\u00e7\u00e3o de par\u00e2metros independentes, como \u00edndices clim\u00e1ticos ou s\u00edsmicos, que complementam o seu programa de seguros. Atrav\u00e9s da avalia\u00e7\u00e3o dos preju\u00edzos resultante dos riscos naturais, oferece uma solu\u00e7\u00e3o","og_url":"https:\/\/corbroker.pt\/en\/parametric\/","og_site_name":"Corbroker","article_publisher":"https:\/\/www.facebook.com\/pages\/category\/Insurance-Agent\/Corbroker-SA-179804545370152\/","article_modified_time":"2022-08-13T11:55:44+00:00","og_image":[{"url":"https:\/\/corbroker.pt\/wp-content\/uploads\/2021\/07\/Parametricosai-06.png","type":"","width":"","height":""}],"twitter_card":"summary_large_image","twitter_misc":{"Estimated reading time":"2 minutes"},"schema":{"@context":"https:\/\/schema.org","@graph":[{"@type":"WebPage","@id":"https:\/\/corbroker.pt\/parametricos\/","url":"https:\/\/corbroker.pt\/parametricos\/","name":"Parametric - Corbroker","isPartOf":{"@id":"https:\/\/corbroker.pt\/#website"},"primaryImageOfPage":{"@id":"https:\/\/corbroker.pt\/parametricos\/#primaryimage"},"image":{"@id":"https:\/\/corbroker.pt\/parametricos\/#primaryimage"},"thumbnailUrl":"https:\/\/corbroker.pt\/wp-content\/uploads\/2021\/07\/Parametricosai-06.png","datePublished":"2021-07-04T10:43:48+00:00","dateModified":"2022-08-13T11:55:44+00:00","breadcrumb":{"@id":"https:\/\/corbroker.pt\/parametricos\/#breadcrumb"},"inLanguage":"en-GB","potentialAction":[{"@type":"ReadAction","target":["https:\/\/corbroker.pt\/parametricos\/"]}]},{"@type":"ImageObject","inLanguage":"en-GB","@id":"https:\/\/corbroker.pt\/parametricos\/#primaryimage","url":"https:\/\/corbroker.pt\/wp-content\/uploads\/2021\/07\/Parametricosai-06.png","contentUrl":"https:\/\/corbroker.pt\/wp-content\/uploads\/2021\/07\/Parametricosai-06.png"},{"@type":"BreadcrumbList","@id":"https:\/\/corbroker.pt\/parametricos\/#breadcrumb","itemListElement":[{"@type":"ListItem","position":1,"name":"In\u00edcio","item":"https:\/\/corbroker.pt\/"},{"@type":"ListItem","position":2,"name":"Param\u00e9tricos"}]},{"@type":"WebSite","@id":"https:\/\/corbroker.pt\/#website","url":"https:\/\/corbroker.pt\/","name":"Corbroker - insurance brokers","description":"Insurance Broker","publisher":{"@id":"https:\/\/corbroker.pt\/#organization"},"potentialAction":[{"@type":"SearchAction","target":{"@type":"EntryPoint","urlTemplate":"https:\/\/corbroker.pt\/?s={search_term_string}"},"query-input":{"@type":"PropertyValueSpecification","valueRequired":true,"valueName":"search_term_string"}}],"inLanguage":"en-GB"},{"@type":"Organization","@id":"https:\/\/corbroker.pt\/#organization","name":"Corbroker S.A.","url":"https:\/\/corbroker.pt\/","logo":{"@type":"ImageObject","inLanguage":"en-GB","@id":"https:\/\/corbroker.pt\/#\/schema\/logo\/image\/","url":"https:\/\/corbroker.pt\/wp-content\/uploads\/2020\/04\/Corbroker-Logotipo-copy-e1588262618382.png","contentUrl":"https:\/\/corbroker.pt\/wp-content\/uploads\/2020\/04\/Corbroker-Logotipo-copy-e1588262618382.png","width":300,"height":79,"caption":"Corbroker S.A."},"image":{"@id":"https:\/\/corbroker.pt\/#\/schema\/logo\/image\/"},"sameAs":["https:\/\/www.facebook.com\/pages\/category\/Insurance-Agent\/Corbroker-SA-179804545370152\/","https:\/\/www.linkedin.com\/company\/corbroker--corretores-de-seguros-sa.\/"]}]}},"_links":{"self":[{"href":"https:\/\/corbroker.pt\/en\/wp-json\/wp\/v2\/pages\/4654","targetHints":{"allow":["GET"]}}],"collection":[{"href":"https:\/\/corbroker.pt\/en\/wp-json\/wp\/v2\/pages"}],"about":[{"href":"https:\/\/corbroker.pt\/en\/wp-json\/wp\/v2\/types\/page"}],"author":[{"embeddable":true,"href":"https:\/\/corbroker.pt\/en\/wp-json\/wp\/v2\/users\/2"}],"replies":[{"embeddable":true,"href":"https:\/\/corbroker.pt\/en\/wp-json\/wp\/v2\/comments?post=4654"}],"version-history":[{"count":17,"href":"https:\/\/corbroker.pt\/en\/wp-json\/wp\/v2\/pages\/4654\/revisions"}],"predecessor-version":[{"id":4710,"href":"https:\/\/corbroker.pt\/en\/wp-json\/wp\/v2\/pages\/4654\/revisions\/4710"}],"wp:attachment":[{"href":"https:\/\/corbroker.pt\/en\/wp-json\/wp\/v2\/media?parent=4654"}],"curies":[{"name":"wp","href":"https:\/\/api.w.org\/{rel}","templated":true}]}}