{"id":4900,"date":"2022-08-13T15:20:51","date_gmt":"2022-08-13T15:20:51","guid":{"rendered":"https:\/\/corbroker.pt\/?page_id=4900"},"modified":"2024-08-23T10:34:59","modified_gmt":"2024-08-23T10:34:59","slug":"corporate-bodies","status":"publish","type":"page","link":"https:\/\/corbroker.pt\/en\/about-us\/corporate-bodies\/","title":{"rendered":"Corporate bodies"},"content":{"rendered":"<div data-elementor-type=\"wp-page\" data-elementor-id=\"4900\" class=\"elementor elementor-4900\">\n\t\t\t\t\t\t<div class=\"elementor-section elementor-inner-section elementor-element elementor-element-c626d96 elementor-section-content-top elementor-section-boxed elementor-section-height-default elementor-section-height-default\" data-id=\"c626d96\" data-element_type=\"section\" data-e-type=\"section\">\n\t\t\t\t\t\t<div class=\"elementor-container elementor-column-gap-no\">\n\t\t\t\t\t<div class=\"elementor-column elementor-col-100 elementor-inner-column elementor-element elementor-element-49e9052f\" data-id=\"49e9052f\" data-element_type=\"column\" data-e-type=\"column\">\n\t\t\t<div class=\"elementor-widget-wrap elementor-element-populated\">\n\t\t\t\t\t\t<div class=\"elementor-element elementor-element-113172e5 elementor-widget elementor-widget-heading\" data-id=\"113172e5\" data-element_type=\"widget\" data-e-type=\"widget\" data-widget_type=\"heading.default\">\n\t\t\t\t<div class=\"elementor-widget-container\">\n\t\t\t\t\t<h2 class=\"elementor-heading-title elementor-size-default\">Corporate Bodies (2023-2025)<\/h2>\t\t\t\t<\/div>\n\t\t\t\t<\/div>\n\t\t\t\t<div class=\"elementor-element elementor-element-21fa1036 elementor-widget elementor-widget-heading\" data-id=\"21fa1036\" data-element_type=\"widget\" data-e-type=\"widget\" data-widget_type=\"heading.default\">\n\t\t\t\t<div class=\"elementor-widget-container\">\n\t\t\t\t\t<h2 class=\"elementor-heading-title elementor-size-default\">General Meeting Board<\/h2>\t\t\t\t<\/div>\n\t\t\t\t<\/div>\n\t\t\t\t<div class=\"elementor-element elementor-element-568a1cd1 elementor-widget elementor-widget-text-editor\" data-id=\"568a1cd1\" data-element_type=\"widget\" data-e-type=\"widget\" data-widget_type=\"text-editor.default\">\n\t\t\t\t<div class=\"elementor-widget-container\">\n\t\t\t\t\t\t\t\t\t<p><strong>Chair<br \/><\/strong>Lurdes M\u00e1rio Soares<\/p><p><strong>Secretary<br \/><\/strong>Armando M\u00e1rio Ant\u00e3o<\/p>\t\t\t\t\t\t\t\t<\/div>\n\t\t\t\t<\/div>\n\t\t\t\t<div class=\"elementor-element elementor-element-c8f51b4 elementor-widget elementor-widget-heading\" data-id=\"c8f51b4\" data-element_type=\"widget\" data-e-type=\"widget\" data-widget_type=\"heading.default\">\n\t\t\t\t<div class=\"elementor-widget-container\">\n\t\t\t\t\t<h2 class=\"elementor-heading-title elementor-size-default\">Board of Directors<\/h2>\t\t\t\t<\/div>\n\t\t\t\t<\/div>\n\t\t\t\t<div class=\"elementor-element elementor-element-6bf6ec1 elementor-widget elementor-widget-text-editor\" data-id=\"6bf6ec1\" data-element_type=\"widget\" data-e-type=\"widget\" data-widget_type=\"text-editor.default\">\n\t\t\t\t<div class=\"elementor-widget-container\">\n\t\t\t\t\t\t\t\t\t<p>Joaquim Fernando Belchior de Almeida<\/p><p>Ant\u00f3nio Maria Abreu Raposo de Magalh\u00e3es<\/p><p>Miguel Ant\u00f3nio Vilarinho<\/p>\t\t\t\t\t\t\t\t<\/div>\n\t\t\t\t<\/div>\n\t\t\t\t<div class=\"elementor-element elementor-element-7b92323 elementor-widget elementor-widget-heading\" data-id=\"7b92323\" data-element_type=\"widget\" data-e-type=\"widget\" data-widget_type=\"heading.default\">\n\t\t\t\t<div class=\"elementor-widget-container\">\n\t\t\t\t\t<h2 class=\"elementor-heading-title elementor-size-default\">Statutory Auditor<\/h2>\t\t\t\t<\/div>\n\t\t\t\t<\/div>\n\t\t\t\t<div class=\"elementor-element elementor-element-bc06650 elementor-widget elementor-widget-text-editor\" data-id=\"bc06650\" data-element_type=\"widget\" data-e-type=\"widget\" data-widget_type=\"text-editor.default\">\n\t\t\t\t<div class=\"elementor-widget-container\">\n\t\t\t\t\t\t\t\t\t<p>J M Ribeiro da Cunha &amp; Associados, SROC, Lda<\/p>\n<p>Av. Jos\u00e9 Gomes Ferreira, n\u00ba 11 - 5th Floor, Room 54<br>1495-139 Alg\u00e9s, Portugal<\/p>\n<p><strong>Represented by<br><\/strong>Jos\u00e9 Maria Ribeiro da Cunha, Certified Public Accountant no. 497<\/p>\n<p><strong>Alternate (Certified Public Accountant) <br><\/strong>Paulo Ribeiro da Silva, Certified Public Accountant no. 868<\/p>\t\t\t\t\t\t\t\t<\/div>\n\t\t\t\t<\/div>\n\t\t\t\t\t<\/div>\n\t\t<\/div>\n\t\t\t\t\t<\/div>\n\t\t<\/div>\n\t\t\t\t<\/div>","protected":false},"excerpt":{"rendered":"<p>Corporate Bodies (2023-2025) General Meeting Board ChairLurdes M\u00e1rio Soares SecretaryArmando M\u00e1rio Ant\u00e3o Board of Directors Joaquim Fernando Belchior de Almeida Ant\u00f3nio Maria Abreu Raposo de Magalh\u00e3es Miguel Ant\u00f3nio Vilarinho Statutory Auditor J M Ribeiro da Cunha &amp; Associados, SROC, Lda Av. Jos\u00e9 Gomes Ferreira, n\u00ba 11 - 5\u00ba Piso, Sala 541495-139 Alg\u00e9s, Portugal Represented byJos\u00e9<\/p>","protected":false},"author":2,"featured_media":0,"parent":4888,"menu_order":0,"comment_status":"closed","ping_status":"closed","template":"","meta":{"_monsterinsights_skip_tracking":false,"_monsterinsights_sitenote_active":false,"_monsterinsights_sitenote_note":"","_monsterinsights_sitenote_category":0,"footnotes":""},"class_list":["post-4900","page","type-page","status-publish","hentry"],"yoast_head":"<!-- This site is optimized with the Yoast SEO plugin v27.5 - https:\/\/yoast.com\/product\/yoast-seo-wordpress\/ -->\n<title>Corporate bodies - Corbroker<\/title>\n<meta name=\"description\" content=\"About us: we are an International Insurance Broker and Consultant especially dedicated to medium and large companies. Safely with you\" \/>\n<meta name=\"robots\" content=\"index, follow, max-snippet:-1, max-image-preview:large, max-video-preview:-1\" \/>\n<link rel=\"canonical\" href=\"https:\/\/corbroker.pt\/en\/about-us\/corporate-bodies\/\" \/>\n<meta property=\"og:locale\" content=\"en_GB\" \/>\n<meta property=\"og:type\" content=\"article\" \/>\n<meta property=\"og:title\" content=\"Corporate bodies - Corbroker\" \/>\n<meta property=\"og:description\" content=\"About us: we are an International Insurance Broker and Consultant especially dedicated to medium and large companies. Safely with you\" \/>\n<meta property=\"og:url\" content=\"https:\/\/corbroker.pt\/en\/about-us\/corporate-bodies\/\" \/>\n<meta property=\"og:site_name\" content=\"Corbroker\" \/>\n<meta property=\"article:publisher\" content=\"https:\/\/www.facebook.com\/pages\/category\/Insurance-Agent\/Corbroker-SA-179804545370152\/\" \/>\n<meta property=\"article:modified_time\" content=\"2024-08-23T10:34:59+00:00\" \/>\n<meta name=\"twitter:card\" content=\"summary_large_image\" \/>\n<meta name=\"twitter:label1\" content=\"Estimated reading time\" \/>\n\t<meta name=\"twitter:data1\" content=\"1 minute\" \/>\n<script type=\"application\/ld+json\" class=\"yoast-schema-graph\">{\"@context\":\"https:\\\/\\\/schema.org\",\"@graph\":[{\"@type\":\"WebPage\",\"@id\":\"https:\\\/\\\/corbroker.pt\\\/en\\\/about-us\\\/corporate-bodies\\\/\",\"url\":\"https:\\\/\\\/corbroker.pt\\\/en\\\/about-us\\\/corporate-bodies\\\/\",\"name\":\"Corporate bodies - Corbroker\",\"isPartOf\":{\"@id\":\"https:\\\/\\\/corbroker.pt\\\/#website\"},\"datePublished\":\"2022-08-13T15:20:51+00:00\",\"dateModified\":\"2024-08-23T10:34:59+00:00\",\"description\":\"About us: we are an International Insurance Broker and Consultant especially dedicated to medium and large companies. Safely with you\",\"breadcrumb\":{\"@id\":\"https:\\\/\\\/corbroker.pt\\\/en\\\/about-us\\\/corporate-bodies\\\/#breadcrumb\"},\"inLanguage\":\"en-GB\",\"potentialAction\":[{\"@type\":\"ReadAction\",\"target\":[\"https:\\\/\\\/corbroker.pt\\\/en\\\/about-us\\\/corporate-bodies\\\/\"]}]},{\"@type\":\"BreadcrumbList\",\"@id\":\"https:\\\/\\\/corbroker.pt\\\/en\\\/about-us\\\/corporate-bodies\\\/#breadcrumb\",\"itemListElement\":[{\"@type\":\"ListItem\",\"position\":1,\"name\":\"In\u00edcio\",\"item\":\"https:\\\/\\\/corbroker.pt\\\/\"},{\"@type\":\"ListItem\",\"position\":2,\"name\":\"About us\",\"item\":\"https:\\\/\\\/corbroker.pt\\\/en\\\/about-us\\\/\"},{\"@type\":\"ListItem\",\"position\":3,\"name\":\"Corporate bodies\"}]},{\"@type\":\"WebSite\",\"@id\":\"https:\\\/\\\/corbroker.pt\\\/#website\",\"url\":\"https:\\\/\\\/corbroker.pt\\\/\",\"name\":\"Corbroker - corretores de seguros\",\"description\":\"Corretor de Seguros\",\"publisher\":{\"@id\":\"https:\\\/\\\/corbroker.pt\\\/#organization\"},\"potentialAction\":[{\"@type\":\"SearchAction\",\"target\":{\"@type\":\"EntryPoint\",\"urlTemplate\":\"https:\\\/\\\/corbroker.pt\\\/?s={search_term_string}\"},\"query-input\":{\"@type\":\"PropertyValueSpecification\",\"valueRequired\":true,\"valueName\":\"search_term_string\"}}],\"inLanguage\":\"en-GB\"},{\"@type\":\"Organization\",\"@id\":\"https:\\\/\\\/corbroker.pt\\\/#organization\",\"name\":\"Corbroker S.A.\",\"url\":\"https:\\\/\\\/corbroker.pt\\\/\",\"logo\":{\"@type\":\"ImageObject\",\"inLanguage\":\"en-GB\",\"@id\":\"https:\\\/\\\/corbroker.pt\\\/#\\\/schema\\\/logo\\\/image\\\/\",\"url\":\"https:\\\/\\\/corbroker.pt\\\/wp-content\\\/uploads\\\/2020\\\/04\\\/Corbroker-Logotipo-copy-e1588262618382.png\",\"contentUrl\":\"https:\\\/\\\/corbroker.pt\\\/wp-content\\\/uploads\\\/2020\\\/04\\\/Corbroker-Logotipo-copy-e1588262618382.png\",\"width\":300,\"height\":79,\"caption\":\"Corbroker S.A.\"},\"image\":{\"@id\":\"https:\\\/\\\/corbroker.pt\\\/#\\\/schema\\\/logo\\\/image\\\/\"},\"sameAs\":[\"https:\\\/\\\/www.facebook.com\\\/pages\\\/category\\\/Insurance-Agent\\\/Corbroker-SA-179804545370152\\\/\",\"https:\\\/\\\/www.linkedin.com\\\/company\\\/corbroker--corretores-de-seguros-sa.\\\/\"]}]}<\/script>\n<!-- \/ Yoast SEO plugin. -->","yoast_head_json":{"title":"Corporate bodies - Corbroker","description":"About us: we are an International Insurance Broker and Consultant especially dedicated to medium and large companies. Safely with you","robots":{"index":"index","follow":"follow","max-snippet":"max-snippet:-1","max-image-preview":"max-image-preview:large","max-video-preview":"max-video-preview:-1"},"canonical":"https:\/\/corbroker.pt\/en\/about-us\/corporate-bodies\/","og_locale":"en_GB","og_type":"article","og_title":"Corporate bodies - Corbroker","og_description":"About us: we are an International Insurance Broker and Consultant especially dedicated to medium and large companies. Safely with you","og_url":"https:\/\/corbroker.pt\/en\/about-us\/corporate-bodies\/","og_site_name":"Corbroker","article_publisher":"https:\/\/www.facebook.com\/pages\/category\/Insurance-Agent\/Corbroker-SA-179804545370152\/","article_modified_time":"2024-08-23T10:34:59+00:00","twitter_card":"summary_large_image","twitter_misc":{"Estimated reading time":"1 minute"},"schema":{"@context":"https:\/\/schema.org","@graph":[{"@type":"WebPage","@id":"https:\/\/corbroker.pt\/en\/about-us\/corporate-bodies\/","url":"https:\/\/corbroker.pt\/en\/about-us\/corporate-bodies\/","name":"Corporate bodies - Corbroker","isPartOf":{"@id":"https:\/\/corbroker.pt\/#website"},"datePublished":"2022-08-13T15:20:51+00:00","dateModified":"2024-08-23T10:34:59+00:00","description":"About us: we are an International Insurance Broker and Consultant especially dedicated to medium and large companies. Safely with you","breadcrumb":{"@id":"https:\/\/corbroker.pt\/en\/about-us\/corporate-bodies\/#breadcrumb"},"inLanguage":"en-GB","potentialAction":[{"@type":"ReadAction","target":["https:\/\/corbroker.pt\/en\/about-us\/corporate-bodies\/"]}]},{"@type":"BreadcrumbList","@id":"https:\/\/corbroker.pt\/en\/about-us\/corporate-bodies\/#breadcrumb","itemListElement":[{"@type":"ListItem","position":1,"name":"In\u00edcio","item":"https:\/\/corbroker.pt\/"},{"@type":"ListItem","position":2,"name":"About us","item":"https:\/\/corbroker.pt\/en\/about-us\/"},{"@type":"ListItem","position":3,"name":"Corporate bodies"}]},{"@type":"WebSite","@id":"https:\/\/corbroker.pt\/#website","url":"https:\/\/corbroker.pt\/","name":"Corbroker - insurance brokers","description":"Insurance Broker","publisher":{"@id":"https:\/\/corbroker.pt\/#organization"},"potentialAction":[{"@type":"SearchAction","target":{"@type":"EntryPoint","urlTemplate":"https:\/\/corbroker.pt\/?s={search_term_string}"},"query-input":{"@type":"PropertyValueSpecification","valueRequired":true,"valueName":"search_term_string"}}],"inLanguage":"en-GB"},{"@type":"Organization","@id":"https:\/\/corbroker.pt\/#organization","name":"Corbroker S.A.","url":"https:\/\/corbroker.pt\/","logo":{"@type":"ImageObject","inLanguage":"en-GB","@id":"https:\/\/corbroker.pt\/#\/schema\/logo\/image\/","url":"https:\/\/corbroker.pt\/wp-content\/uploads\/2020\/04\/Corbroker-Logotipo-copy-e1588262618382.png","contentUrl":"https:\/\/corbroker.pt\/wp-content\/uploads\/2020\/04\/Corbroker-Logotipo-copy-e1588262618382.png","width":300,"height":79,"caption":"Corbroker S.A."},"image":{"@id":"https:\/\/corbroker.pt\/#\/schema\/logo\/image\/"},"sameAs":["https:\/\/www.facebook.com\/pages\/category\/Insurance-Agent\/Corbroker-SA-179804545370152\/","https:\/\/www.linkedin.com\/company\/corbroker--corretores-de-seguros-sa.\/"]}]}},"_links":{"self":[{"href":"https:\/\/corbroker.pt\/en\/wp-json\/wp\/v2\/pages\/4900","targetHints":{"allow":["GET"]}}],"collection":[{"href":"https:\/\/corbroker.pt\/en\/wp-json\/wp\/v2\/pages"}],"about":[{"href":"https:\/\/corbroker.pt\/en\/wp-json\/wp\/v2\/types\/page"}],"author":[{"embeddable":true,"href":"https:\/\/corbroker.pt\/en\/wp-json\/wp\/v2\/users\/2"}],"replies":[{"embeddable":true,"href":"https:\/\/corbroker.pt\/en\/wp-json\/wp\/v2\/comments?post=4900"}],"version-history":[{"count":14,"href":"https:\/\/corbroker.pt\/en\/wp-json\/wp\/v2\/pages\/4900\/revisions"}],"predecessor-version":[{"id":5488,"href":"https:\/\/corbroker.pt\/en\/wp-json\/wp\/v2\/pages\/4900\/revisions\/5488"}],"up":[{"embeddable":true,"href":"https:\/\/corbroker.pt\/en\/wp-json\/wp\/v2\/pages\/4888"}],"wp:attachment":[{"href":"https:\/\/corbroker.pt\/en\/wp-json\/wp\/v2\/media?parent=4900"}],"curies":[{"name":"wp","href":"https:\/\/api.w.org\/{rel}","templated":true}]}}