{"id":5012,"date":"2022-08-13T17:08:05","date_gmt":"2022-08-13T17:08:05","guid":{"rendered":"https:\/\/corbroker.pt\/?page_id=5012"},"modified":"2022-08-14T14:11:39","modified_gmt":"2022-08-14T14:11:39","slug":"vehicles","status":"publish","type":"page","link":"https:\/\/corbroker.pt\/en\/individuals\/vehicles\/","title":{"rendered":"Vehicles"},"content":{"rendered":"<div data-elementor-type=\"wp-page\" data-elementor-id=\"5012\" class=\"elementor elementor-5012\">\n\t\t\t\t\t\t<div class=\"elementor-section elementor-top-section elementor-element elementor-element-65c20c1e elementor-section-stretched elementor-section-content-middle elementor-section-boxed elementor-section-height-default elementor-section-height-default\" data-id=\"65c20c1e\" data-element_type=\"section\" data-e-type=\"section\" data-settings=\"{&quot;stretch_section&quot;:&quot;section-stretched&quot;}\">\n\t\t\t\t\t\t<div class=\"elementor-container elementor-column-gap-no\">\n\t\t\t\t\t<div class=\"elementor-column elementor-col-50 elementor-top-column elementor-element elementor-element-4ded1169 elementor-invisible\" data-id=\"4ded1169\" data-element_type=\"column\" data-e-type=\"column\" data-settings=\"{&quot;background_background&quot;:&quot;classic&quot;,&quot;animation&quot;:&quot;fadeInLeft&quot;}\">\n\t\t\t<div class=\"elementor-widget-wrap elementor-element-populated\">\n\t\t\t\t\t\t<div class=\"elementor-element elementor-element-1e95220a elementor-invisible elementor-widget elementor-widget-heading\" data-id=\"1e95220a\" data-element_type=\"widget\" data-e-type=\"widget\" data-settings=\"{&quot;_animation&quot;:&quot;fadeInUp&quot;}\" data-widget_type=\"heading.default\">\n\t\t\t\t<div class=\"elementor-widget-container\">\n\t\t\t\t\t<h4 class=\"elementor-heading-title elementor-size-default\">Vehicles<\/h4>\t\t\t\t<\/div>\n\t\t\t\t<\/div>\n\t\t\t\t<div class=\"elementor-element elementor-element-18fcadc8 elementor-widget elementor-widget-heading\" data-id=\"18fcadc8\" data-element_type=\"widget\" data-e-type=\"widget\" data-widget_type=\"heading.default\">\n\t\t\t\t<div class=\"elementor-widget-container\">\n\t\t\t\t\t<h2 class=\"elementor-heading-title elementor-size-default\">Insure your vehicles.<\/h2>\t\t\t\t<\/div>\n\t\t\t\t<\/div>\n\t\t\t\t<div class=\"elementor-element elementor-element-30a7e30b elementor-widget-divider--view-line elementor-invisible elementor-widget elementor-widget-divider\" data-id=\"30a7e30b\" data-element_type=\"widget\" data-e-type=\"widget\" data-settings=\"{&quot;_animation&quot;:&quot;fadeInRight&quot;,&quot;_animation_delay&quot;:100}\" data-widget_type=\"divider.default\">\n\t\t\t\t<div class=\"elementor-widget-container\">\n\t\t\t\t\t\t\t<div class=\"elementor-divider\">\n\t\t\t<span class=\"elementor-divider-separator\">\n\t\t\t\t\t\t<\/span>\n\t\t<\/div>\n\t\t\t\t\t\t<\/div>\n\t\t\t\t<\/div>\n\t\t\t\t<div class=\"elementor-element elementor-element-dcea826 elementor-widget elementor-widget-text-editor\" data-id=\"dcea826\" data-element_type=\"widget\" data-e-type=\"widget\" data-widget_type=\"text-editor.default\">\n\t\t\t\t<div class=\"elementor-widget-container\">\n\t\t\t\t\t\t\t\t\t<p>Corbroker has a specialist team to help you choose the best and most complete solution for your <strong>motor<\/strong> insurance. When the unexpected happens, having the best solution and ensuring your protection is fundamental.<br \/>In addition to the basic third party liability cover, motor insurance offers optional cover for occupants, roadside assistance, legal protection, glass breakage, replacement vehicle, crash, collision and rollover, fire, lightning and explosion, theft, natural phenomena and malicious acts.<\/p>\t\t\t\t\t\t\t\t<\/div>\n\t\t\t\t<\/div>\n\t\t\t\t\t<\/div>\n\t\t<\/div>\n\t\t\t\t<div class=\"elementor-column elementor-col-50 elementor-top-column elementor-element elementor-element-5131be89 elementor-invisible\" data-id=\"5131be89\" data-element_type=\"column\" data-e-type=\"column\" data-settings=\"{&quot;background_background&quot;:&quot;classic&quot;,&quot;animation&quot;:&quot;fadeInLeft&quot;}\">\n\t\t\t<div class=\"elementor-widget-wrap elementor-element-populated\">\n\t\t\t\t\t\t<div class=\"elementor-element elementor-element-37619076 elementor-widget elementor-widget-text-editor\" data-id=\"37619076\" data-element_type=\"widget\" data-e-type=\"widget\" data-widget_type=\"text-editor.default\">\n\t\t\t\t<div class=\"elementor-widget-container\">\n\t\t\t\t\t\t\t\t\t<p>Corbroker has a flexible policy range, allowing you to choose the capital, deductibles and covers that best suit you at the best price\/solution ratio.<\/p>\t\t\t\t\t\t\t\t<\/div>\n\t\t\t\t<\/div>\n\t\t\t\t<div class=\"elementor-element elementor-element-3ec104be elementor-widget elementor-widget-text-editor\" data-id=\"3ec104be\" data-element_type=\"widget\" data-e-type=\"widget\" data-widget_type=\"text-editor.default\">\n\t\t\t\t<div class=\"elementor-widget-container\">\n\t\t\t\t\t\t\t\t\t<p><strong>Help us protect you. Safely with you.<\/strong><\/p><p style=\"text-align: justify;\"><strong>\u00a0<\/strong><\/p>\t\t\t\t\t\t\t\t<\/div>\n\t\t\t\t<\/div>\n\t\t\t\t<section class=\"elementor-section elementor-inner-section elementor-element elementor-element-c800812 elementor-section-boxed elementor-section-height-default elementor-section-height-default\" data-id=\"c800812\" data-element_type=\"section\" data-e-type=\"section\">\n\t\t\t\t\t\t<div class=\"elementor-container elementor-column-gap-default\">\n\t\t\t\t\t<div class=\"elementor-column elementor-col-50 elementor-inner-column elementor-element elementor-element-eb3c369\" data-id=\"eb3c369\" data-element_type=\"column\" data-e-type=\"column\">\n\t\t\t<div class=\"elementor-widget-wrap elementor-element-populated\">\n\t\t\t\t\t\t<div class=\"elementor-element elementor-element-65a936ad elementor-animation-grow elementor-position-top layout-default elementor-vertical-align-top elementor-widget elementor-widget-image-box\" data-id=\"65a936ad\" data-element_type=\"widget\" data-e-type=\"widget\" data-widget_type=\"image-box.default\">\n\t\t\t\t<div class=\"elementor-widget-container\">\n\t\t\t\t\t<div class=\"elementor-image-box-wrapper\"><div class=\"elementor-image-framed\"><figure class=\"elementor-image-box-img elementor-icon\"><svg id=\"Capa_1\" data-name=\"Capa 1\" xmlns=\"http:\/\/www.w3.org\/2000\/svg\" viewbox=\"0 0 512 512\"><defs><style>.cls-1{fill:#013448;}<\/style><\/defs><title>private-vehicles<\/title><path class=\"cls-1\" d=\"M48.19,252.26q.33,0,.66,0a7.43,7.43,0,0,0,7.39-6.77A200.29,200.29,0,0,1,255.14,63.13l-5.2,6.48a7.42,7.42,0,0,0,11.59,9.28l14.84-18.55a7.42,7.42,0,0,0-.55-9.88L261,35.62a7.42,7.42,0,0,0-10.49,10.5l2.21,2.2A215.12,215.12,0,0,0,41.46,244.22a7.41,7.41,0,0,0,6.73,8Z\"\/><path class=\"cls-1\" d=\"M462,237.48a7.41,7.41,0,0,0-6.73,8c.52,5.91.78,11.93.78,17.9C456,374,366.36,463.71,255.74,463.71a200.3,200.3,0,0,1-143.07-60.12A7.42,7.42,0,1,0,102.07,414c83.15,84.86,219.36,86.26,304.23,3.11a215.16,215.16,0,0,0,64.57-153.68c0-6.4-.28-12.86-.85-19.2a7.41,7.41,0,0,0-8-6.73Z\"\/><path class=\"cls-1\" d=\"M374.43,256A103.86,103.86,0,1,0,270.58,152.14,103.85,103.85,0,0,0,374.43,256Zm0-192.87a89,89,0,1,1-89,89A89,89,0,0,1,374.43,63.12Z\"\/><path class=\"cls-1\" d=\"M362,220.34l8.76,5a7.45,7.45,0,0,0,6.6.38,93,93,0,0,0,56.43-85.57V122.47a7.42,7.42,0,0,0-3.11-6L378.74,79.34a7.39,7.39,0,0,0-8.62,0l-51.93,37.09a7.41,7.41,0,0,0-3.1,6v17A93.29,93.29,0,0,0,362,220.34Zm-32.07-94,44.51-31.8,44.51,31.8v13.87a78.15,78.15,0,0,1-44.12,70.42l-5.46-3.12a78.44,78.44,0,0,1-39.44-68Z\"\/><path class=\"cls-1\" d=\"M370.32,195.41a7.42,7.42,0,0,0,8.23-12.35,42.46,42.46,0,0,1-18.95-35.41v-6.37l18.95-12.64a7.42,7.42,0,0,0-8.23-12.34l-22.26,14.83a7.43,7.43,0,0,0-3.3,6.17v10.35a57.29,57.29,0,0,0,25.56,47.76Z\"\/><path class=\"cls-1\" d=\"M338,333.94a14.84,14.84,0,1,0-.28,29.67h.14a14.84,14.84,0,1,0,.14-29.67Z\"\/><path class=\"cls-1\" d=\"M249.43,207.78H144a7.43,7.43,0,0,0-5.66,2.62l-16.14,19a7.41,7.41,0,0,0-7.39-6.82H77.7a7.42,7.42,0,0,0,0,14.84h37.09c.21,0,.42,0,.62,0L95.56,260.84l-56,12.47a7.43,7.43,0,0,0-5.81,7.24v44.51a7.42,7.42,0,0,0,2.77,5.78l26.46,21.31a44.57,44.57,0,0,0,43.9,40.32h.42A44.57,44.57,0,0,0,151,356.36H293.24a44.51,44.51,0,0,0,43.43,36.87h.43a44.51,44.51,0,0,0,43.84-36.87h16.49A21.58,21.58,0,0,0,418.94,335v-.15a21.4,21.4,0,0,0-17.31-21.1L389.11,286.5a7.43,7.43,0,0,0-4.78-4.06l-79.6-21.73c-3.58,0-55.3-52.93-55.3-52.93ZM107,377.64a29.68,29.68,0,0,1,.27-59.35h.28a29.7,29.7,0,0,1,29.39,29.56,7,7,0,0,0,0,1.89,29.75,29.75,0,0,1-29.9,27.9Zm250.91-7.74a29.51,29.51,0,0,1-20.78,8.5h-.29a29.66,29.66,0,0,1-29.38-29.14c0-.1,0-.21,0-.31s0-.36,0-.54a29.68,29.68,0,0,1,29.66-29.36h.29a29.55,29.55,0,0,1,17.56,6,7.11,7.11,0,0,0,1.14.91,29.66,29.66,0,0,1,3.84,41.76c-.64.77-1.32,1.51-2,2.21Zm39.55-28.37H381a44,44,0,0,0-4.75-13.93l20.23.57h1.19a6.68,6.68,0,0,1,6.44,6.68v.08a6.69,6.69,0,0,1-6.68,6.6ZM385,313l-22.23-.63a44.5,44.5,0,0,0-69.57,29.16H203.69l.07-67H299l78.05,21.3ZM282.59,259.7H203.77l0-37.09h42ZM189,222.61l0,37.09H116.66l31.26-37.09ZM48.55,286.5l53.54-11.91.15,0h86.68l-.07,67H151.29a44.58,44.58,0,0,0-43.63-38.07h-.42A44.59,44.59,0,0,0,64.79,334.6L48.55,321.51Z\"\/><path class=\"cls-1\" d=\"M107.39,333.13a14.84,14.84,0,1,0-.28,29.67h.14a14.84,14.84,0,0,0,.13-29.67Z\"\/><path class=\"cls-1\" d=\"M144.89,304.24l22.25.21h.07a7.42,7.42,0,1,0,.07-14.84L145,289.4H145a7.42,7.42,0,0,0-.07,14.84Z\"\/><path class=\"cls-1\" d=\"M248.74,289.93l-22.25-.2a7.42,7.42,0,1,0-.14,14.83l22.25.21h.07a7.42,7.42,0,1,0,.07-14.84Z\"\/><path class=\"cls-1\" d=\"M107.37,192.94H85.12a7.42,7.42,0,1,0,0,14.84h22.25a7.42,7.42,0,1,0,0-14.84Z\"\/><path class=\"cls-1\" d=\"M166.72,371a7.42,7.42,0,1,0,0,14.83h14.84a7.42,7.42,0,1,0,0-14.83Z\"\/><path class=\"cls-1\" d=\"M211.23,371a7.42,7.42,0,1,0,0,14.83h59.35a7.42,7.42,0,1,0,0-14.83Z\"\/><\/svg><\/figure><\/div><div class=\"elementor-image-box-content\"><h3 class=\"elementor-image-box-title\">Engine<\/h3><\/div><\/div>\t\t\t\t<\/div>\n\t\t\t\t<\/div>\n\t\t\t\t\t<\/div>\n\t\t<\/div>\n\t\t\t\t<div class=\"elementor-column elementor-col-50 elementor-inner-column elementor-element elementor-element-9751144\" data-id=\"9751144\" data-element_type=\"column\" data-e-type=\"column\">\n\t\t\t<div class=\"elementor-widget-wrap elementor-element-populated\">\n\t\t\t\t\t\t<div class=\"elementor-element elementor-element-77bccb18 elementor-animation-grow elementor-position-top layout-default elementor-vertical-align-top elementor-widget elementor-widget-image-box\" data-id=\"77bccb18\" data-element_type=\"widget\" data-e-type=\"widget\" data-widget_type=\"image-box.default\">\n\t\t\t\t<div class=\"elementor-widget-container\">\n\t\t\t\t\t<div class=\"elementor-image-box-wrapper\"><div class=\"elementor-image-framed\"><figure class=\"elementor-image-box-img elementor-icon\"><svg id=\"Capa_1\" data-name=\"Capa 1\" xmlns=\"http:\/\/www.w3.org\/2000\/svg\" viewbox=\"0 0 512 512\"><defs><style>.cls-1{fill:#013448;}<\/style><\/defs><title>private-vehicles<\/title><g id=\"outline\"><path class=\"cls-1\" d=\"M264.35,483.19a217.73,217.73,0,0,0,145.27-55l-1.93,7.69a7.58,7.58,0,1,0,14.7,3.67L430,409.29a7.6,7.6,0,0,0-7.35-9.41h-30.3a7.58,7.58,0,0,0,0,15.15h9.36a202.75,202.75,0,0,1-137.33,53C151.59,468,59.86,376.31,59.86,263.55c0-6.09.27-12.24.8-18.27a7.58,7.58,0,0,0-15.08-1.46.66.66,0,0,1,0,.14c-.56,6.46-.86,13.06-.86,19.59C44.71,384.66,143.24,483.19,264.35,483.19Z\"\/><path class=\"cls-1\" d=\"M134.82,240.83c1.79,0,3.57-.08,5.34-.17a86.74,86.74,0,0,0-34,34.44,7.57,7.57,0,1,0,13.16,7.5l.16-.29a71.45,71.45,0,0,1,46.22-35.54,21.26,21.26,0,0,0,8.18,1.64h34.51l-5.53,11.06a60.57,60.57,0,1,0,40,64.67h76.26a7.58,7.58,0,0,0,7.26-5.39l9.09-30.29h0l12-40h28a83,83,0,0,0-23.75,16.25,7.57,7.57,0,1,0,10.39,11l.21-.21a68.05,68.05,0,0,1,18.21-12.72L383,270a60,60,0,1,0,14.28-5.05l-2.51-7.17a67.87,67.87,0,0,1,74.26,32.32,7.58,7.58,0,0,0,13.12-7.59h0a82.93,82.93,0,0,0-92.4-39.08l-6.33-18.1a22.52,22.52,0,0,0,3.84.39h30.3a7.57,7.57,0,0,0,7.57-7.58V187.82a7.58,7.58,0,0,0-7.57-7.58H387.3A22.59,22.59,0,0,0,370.38,188l-6.22-17.78A7.57,7.57,0,0,0,357,165.1H326.72a7.57,7.57,0,1,0,0,15.14h24.92l5.3,15.15H311.59a22.76,22.76,0,0,0-20.83,13.7l-68-15.18a105.94,105.94,0,1,0-87.89,46.92ZM410,278.7a45.52,45.52,0,1,1-21.95,5.68L393.2,299A30.26,30.26,0,1,0,410,293.85c-.86,0-1.66.18-2.5.25l-5.14-14.7A45.42,45.42,0,0,1,410,278.7Zm-11.46,35.64,4.31,12.3a7.57,7.57,0,1,0,14.38-4.73l-.09-.27-4.33-12.36a15.25,15.25,0,1,1-14.27,5.06Zm-173.2-65.93h12.4l12,40h0L256,309H242.89a60.64,60.64,0,0,0-26.42-42.78Zm71.05,0h35.27L329.41,256h-33v15.15h28.45l-2.27,7.57H262.68l-2.27-7.57h20.86V256H255.86l-2.27-7.57ZM212,309a30.19,30.19,0,0,0-9.39-15.15l6.95-13.91a45.41,45.41,0,0,1,18,29.06Zm-35.66,11.55a7.57,7.57,0,0,0,6.44,3.59h13a15.1,15.1,0,1,1-14-22.62L176,313.18A7.59,7.59,0,0,0,176.38,320.55ZM195.08,309l.38-.76c.15.24.26.51.4.76Zm-12.26,53a45.44,45.44,0,1,1,13.26-88.89L189.15,287A30.29,30.29,0,1,0,212,324.14h15.54A45.48,45.48,0,0,1,182.82,362Zm88.94-53-4.54-15.15h50.83L313.51,309ZM387.3,195.39H410v15.15H387.3a7.54,7.54,0,0,1-6.76-4.32l-.73-3.66A7.54,7.54,0,0,1,387.3,195.39ZM304,218.11a7.57,7.57,0,0,1,7.57-7.57h50.66l7.95,22.72H304Zm-15.16,15.15H173.92a6.25,6.25,0,0,1-4.74-10.32,47.24,47.24,0,0,1,35.68-16.6,45.73,45.73,0,0,1,5.85.38l78.14,17.46Zm-154-189.34a90.75,90.75,0,0,1,71.05,147.37,62.09,62.09,0,0,0-48.19,21.81,21.39,21.39,0,0,0-4.86,10.59,89.34,89.34,0,0,1-18,2,90.89,90.89,0,0,1,0-181.77Z\"\/><path class=\"cls-1\" d=\"M122.12,204.43l8.94,5.11a7.59,7.59,0,0,0,6.74.39,95,95,0,0,0,57.61-87.37v-18a7.54,7.54,0,0,0-3.18-6.16l-53-37.87a7.59,7.59,0,0,0-8.81,0l-53,37.87a7.56,7.56,0,0,0-3.17,6.16v17.4A95.24,95.24,0,0,0,122.12,204.43Zm-32.74-96,45.44-32.47,45.44,32.47v14.15a79.82,79.82,0,0,1-45,71.91l-5.58-3.19a80.07,80.07,0,0,1-40.25-69.37Z\"\/><path class=\"cls-1\" d=\"M130.62,179a7.57,7.57,0,0,0,8.4-12.6,43.38,43.38,0,0,1-19.35-36.15v-6.51L139,110.81a7.57,7.57,0,0,0-8.33-12.65l-.07,0L107.9,113.35a7.58,7.58,0,0,0-3.38,6.31v10.56A58.48,58.48,0,0,0,130.62,179Z\"\/><path class=\"cls-1\" d=\"M316.59,339.29a7.58,7.58,0,1,0,0,15.15h15.14a7.58,7.58,0,1,0,0-15.15Z\"\/><path class=\"cls-1\" d=\"M263.57,339.29a7.58,7.58,0,0,0,0,15.15h22.72a7.58,7.58,0,1,0,0-15.15Z\"\/><path class=\"cls-1\" d=\"M481.76,232.19A219.65,219.65,0,0,0,267.45,44l2.26-2.25A7.58,7.58,0,0,0,259,31L243.85,46.14a7.58,7.58,0,0,0-.56,10.09l15.14,18.93a7.58,7.58,0,0,0,11.83-9.47L265,59.07a204.53,204.53,0,0,1,201.8,175.26,7.57,7.57,0,0,0,15-2.15Z\"\/><\/g><\/svg><\/figure><\/div><div class=\"elementor-image-box-content\"><h3 class=\"elementor-image-box-title\">Motorbikes<\/h3><\/div><\/div>\t\t\t\t<\/div>\n\t\t\t\t<\/div>\n\t\t\t\t\t<\/div>\n\t\t<\/div>\n\t\t\t\t\t<\/div>\n\t\t<\/section>\n\t\t\t\t<div class=\"elementor-element elementor-element-113e55da elementor-button-info elementor-align-center elementor-widget elementor-widget-button\" data-id=\"113e55da\" data-element_type=\"widget\" data-e-type=\"widget\" data-widget_type=\"button.default\">\n\t\t\t\t<div class=\"elementor-widget-container\">\n\t\t\t\t\t\t\t\t\t<div class=\"elementor-button-wrapper\">\n\t\t\t\t\t<a class=\"elementor-button elementor-button-link elementor-size-md\" href=\"https:\/\/corbroker.pt\/en\/individuals-contact-point\/\">\n\t\t\t\t\t\t<span class=\"elementor-button-content-wrapper\">\n\t\t\t\t\t\t<span class=\"elementor-button-icon\">\n\t\t\t\t<i aria-hidden=\"true\" class=\"fas fa-envelope\"><\/i>\t\t\t<\/span>\n\t\t\t\t\t\t\t\t\t<span class=\"elementor-button-text\">Individuals<\/span>\n\t\t\t\t\t<\/span>\n\t\t\t\t\t<\/a>\n\t\t\t\t<\/div>\n\t\t\t\t\t\t\t\t<\/div>\n\t\t\t\t<\/div>\n\t\t\t\t\t<\/div>\n\t\t<\/div>\n\t\t\t\t\t<\/div>\n\t\t<\/div>\n\t\t\t\t<\/div>","protected":false},"excerpt":{"rendered":"<p>Vehicles Insure your vehicles. Corbroker has a specialist team to help you choose the best and most complete solution for your motor insurance. When the unexpected happens, having the best solution and ensuring your protection is fundamental. \u200bIn addition to the basic third party liability coverage, motor insurance offers optional cover for occupants, roadside assistance,<\/p>","protected":false},"author":2,"featured_media":0,"parent":4977,"menu_order":0,"comment_status":"closed","ping_status":"closed","template":"","meta":{"_monsterinsights_skip_tracking":false,"_monsterinsights_sitenote_active":false,"_monsterinsights_sitenote_note":"","_monsterinsights_sitenote_category":0,"footnotes":""},"class_list":["post-5012","page","type-page","status-publish","hentry"],"yoast_head":"<!-- This site is optimized with the Yoast SEO plugin v27.5 - https:\/\/yoast.com\/product\/yoast-seo-wordpress\/ -->\n<title>Vehicles - Corbroker<\/title>\n<meta name=\"description\" content=\"A Corbroker tem uma equipa dispon\u00edvel para o ajudar na escolha da melhor e mais completa solu\u00e7\u00e3o para o seu seguro autom\u00f3vel. Segure os seus ve\u00edculos.\" \/>\n<meta name=\"robots\" content=\"index, follow, max-snippet:-1, max-image-preview:large, max-video-preview:-1\" \/>\n<link rel=\"canonical\" href=\"https:\/\/corbroker.pt\/en\/individuals\/vehicles\/\" \/>\n<meta property=\"og:locale\" content=\"en_GB\" \/>\n<meta property=\"og:type\" content=\"article\" \/>\n<meta property=\"og:title\" content=\"Vehicles - Corbroker\" \/>\n<meta property=\"og:description\" content=\"A Corbroker tem uma equipa dispon\u00edvel para o ajudar na escolha da melhor e mais completa solu\u00e7\u00e3o para o seu seguro autom\u00f3vel. Segure os seus ve\u00edculos.\" \/>\n<meta property=\"og:url\" content=\"https:\/\/corbroker.pt\/en\/individuals\/vehicles\/\" \/>\n<meta property=\"og:site_name\" content=\"Corbroker\" \/>\n<meta property=\"article:publisher\" content=\"https:\/\/www.facebook.com\/pages\/category\/Insurance-Agent\/Corbroker-SA-179804545370152\/\" \/>\n<meta property=\"article:modified_time\" content=\"2022-08-14T14:11:39+00:00\" \/>\n<meta name=\"twitter:card\" content=\"summary_large_image\" \/>\n<script type=\"application\/ld+json\" class=\"yoast-schema-graph\">{\"@context\":\"https:\\\/\\\/schema.org\",\"@graph\":[{\"@type\":\"WebPage\",\"@id\":\"https:\\\/\\\/corbroker.pt\\\/en\\\/individuals\\\/vehicles\\\/\",\"url\":\"https:\\\/\\\/corbroker.pt\\\/en\\\/individuals\\\/vehicles\\\/\",\"name\":\"Vehicles - Corbroker\",\"isPartOf\":{\"@id\":\"https:\\\/\\\/corbroker.pt\\\/#website\"},\"datePublished\":\"2022-08-13T17:08:05+00:00\",\"dateModified\":\"2022-08-14T14:11:39+00:00\",\"description\":\"A Corbroker tem uma equipa dispon\u00edvel para o ajudar na escolha da melhor e mais completa solu\u00e7\u00e3o para o seu seguro autom\u00f3vel. Segure os seus ve\u00edculos.\",\"breadcrumb\":{\"@id\":\"https:\\\/\\\/corbroker.pt\\\/en\\\/individuals\\\/vehicles\\\/#breadcrumb\"},\"inLanguage\":\"en-GB\",\"potentialAction\":[{\"@type\":\"ReadAction\",\"target\":[\"https:\\\/\\\/corbroker.pt\\\/en\\\/individuals\\\/vehicles\\\/\"]}]},{\"@type\":\"BreadcrumbList\",\"@id\":\"https:\\\/\\\/corbroker.pt\\\/en\\\/individuals\\\/vehicles\\\/#breadcrumb\",\"itemListElement\":[{\"@type\":\"ListItem\",\"position\":1,\"name\":\"In\u00edcio\",\"item\":\"https:\\\/\\\/corbroker.pt\\\/\"},{\"@type\":\"ListItem\",\"position\":2,\"name\":\"Individuals\",\"item\":\"https:\\\/\\\/corbroker.pt\\\/en\\\/individuals\\\/\"},{\"@type\":\"ListItem\",\"position\":3,\"name\":\"Vehicles\"}]},{\"@type\":\"WebSite\",\"@id\":\"https:\\\/\\\/corbroker.pt\\\/#website\",\"url\":\"https:\\\/\\\/corbroker.pt\\\/\",\"name\":\"Corbroker - corretores de seguros\",\"description\":\"Corretor de Seguros\",\"publisher\":{\"@id\":\"https:\\\/\\\/corbroker.pt\\\/#organization\"},\"potentialAction\":[{\"@type\":\"SearchAction\",\"target\":{\"@type\":\"EntryPoint\",\"urlTemplate\":\"https:\\\/\\\/corbroker.pt\\\/?s={search_term_string}\"},\"query-input\":{\"@type\":\"PropertyValueSpecification\",\"valueRequired\":true,\"valueName\":\"search_term_string\"}}],\"inLanguage\":\"en-GB\"},{\"@type\":\"Organization\",\"@id\":\"https:\\\/\\\/corbroker.pt\\\/#organization\",\"name\":\"Corbroker S.A.\",\"url\":\"https:\\\/\\\/corbroker.pt\\\/\",\"logo\":{\"@type\":\"ImageObject\",\"inLanguage\":\"en-GB\",\"@id\":\"https:\\\/\\\/corbroker.pt\\\/#\\\/schema\\\/logo\\\/image\\\/\",\"url\":\"https:\\\/\\\/corbroker.pt\\\/wp-content\\\/uploads\\\/2020\\\/04\\\/Corbroker-Logotipo-copy-e1588262618382.png\",\"contentUrl\":\"https:\\\/\\\/corbroker.pt\\\/wp-content\\\/uploads\\\/2020\\\/04\\\/Corbroker-Logotipo-copy-e1588262618382.png\",\"width\":300,\"height\":79,\"caption\":\"Corbroker S.A.\"},\"image\":{\"@id\":\"https:\\\/\\\/corbroker.pt\\\/#\\\/schema\\\/logo\\\/image\\\/\"},\"sameAs\":[\"https:\\\/\\\/www.facebook.com\\\/pages\\\/category\\\/Insurance-Agent\\\/Corbroker-SA-179804545370152\\\/\",\"https:\\\/\\\/www.linkedin.com\\\/company\\\/corbroker--corretores-de-seguros-sa.\\\/\"]}]}<\/script>\n<!-- \/ Yoast SEO plugin. -->","yoast_head_json":{"title":"Vehicles - Corbroker","description":"Corbroker has a team available to help you choose the best and most complete solution for your car insurance. Insure your vehicles.","robots":{"index":"index","follow":"follow","max-snippet":"max-snippet:-1","max-image-preview":"max-image-preview:large","max-video-preview":"max-video-preview:-1"},"canonical":"https:\/\/corbroker.pt\/en\/individuals\/vehicles\/","og_locale":"en_GB","og_type":"article","og_title":"Vehicles - Corbroker","og_description":"A Corbroker tem uma equipa dispon\u00edvel para o ajudar na escolha da melhor e mais completa solu\u00e7\u00e3o para o seu seguro autom\u00f3vel. Segure os seus ve\u00edculos.","og_url":"https:\/\/corbroker.pt\/en\/individuals\/vehicles\/","og_site_name":"Corbroker","article_publisher":"https:\/\/www.facebook.com\/pages\/category\/Insurance-Agent\/Corbroker-SA-179804545370152\/","article_modified_time":"2022-08-14T14:11:39+00:00","twitter_card":"summary_large_image","schema":{"@context":"https:\/\/schema.org","@graph":[{"@type":"WebPage","@id":"https:\/\/corbroker.pt\/en\/individuals\/vehicles\/","url":"https:\/\/corbroker.pt\/en\/individuals\/vehicles\/","name":"Vehicles - Corbroker","isPartOf":{"@id":"https:\/\/corbroker.pt\/#website"},"datePublished":"2022-08-13T17:08:05+00:00","dateModified":"2022-08-14T14:11:39+00:00","description":"Corbroker has a team available to help you choose the best and most complete solution for your car insurance. Insure your vehicles.","breadcrumb":{"@id":"https:\/\/corbroker.pt\/en\/individuals\/vehicles\/#breadcrumb"},"inLanguage":"en-GB","potentialAction":[{"@type":"ReadAction","target":["https:\/\/corbroker.pt\/en\/individuals\/vehicles\/"]}]},{"@type":"BreadcrumbList","@id":"https:\/\/corbroker.pt\/en\/individuals\/vehicles\/#breadcrumb","itemListElement":[{"@type":"ListItem","position":1,"name":"In\u00edcio","item":"https:\/\/corbroker.pt\/"},{"@type":"ListItem","position":2,"name":"Individuals","item":"https:\/\/corbroker.pt\/en\/individuals\/"},{"@type":"ListItem","position":3,"name":"Vehicles"}]},{"@type":"WebSite","@id":"https:\/\/corbroker.pt\/#website","url":"https:\/\/corbroker.pt\/","name":"Corbroker - insurance brokers","description":"Insurance Broker","publisher":{"@id":"https:\/\/corbroker.pt\/#organization"},"potentialAction":[{"@type":"SearchAction","target":{"@type":"EntryPoint","urlTemplate":"https:\/\/corbroker.pt\/?s={search_term_string}"},"query-input":{"@type":"PropertyValueSpecification","valueRequired":true,"valueName":"search_term_string"}}],"inLanguage":"en-GB"},{"@type":"Organization","@id":"https:\/\/corbroker.pt\/#organization","name":"Corbroker S.A.","url":"https:\/\/corbroker.pt\/","logo":{"@type":"ImageObject","inLanguage":"en-GB","@id":"https:\/\/corbroker.pt\/#\/schema\/logo\/image\/","url":"https:\/\/corbroker.pt\/wp-content\/uploads\/2020\/04\/Corbroker-Logotipo-copy-e1588262618382.png","contentUrl":"https:\/\/corbroker.pt\/wp-content\/uploads\/2020\/04\/Corbroker-Logotipo-copy-e1588262618382.png","width":300,"height":79,"caption":"Corbroker S.A."},"image":{"@id":"https:\/\/corbroker.pt\/#\/schema\/logo\/image\/"},"sameAs":["https:\/\/www.facebook.com\/pages\/category\/Insurance-Agent\/Corbroker-SA-179804545370152\/","https:\/\/www.linkedin.com\/company\/corbroker--corretores-de-seguros-sa.\/"]}]}},"_links":{"self":[{"href":"https:\/\/corbroker.pt\/en\/wp-json\/wp\/v2\/pages\/5012","targetHints":{"allow":["GET"]}}],"collection":[{"href":"https:\/\/corbroker.pt\/en\/wp-json\/wp\/v2\/pages"}],"about":[{"href":"https:\/\/corbroker.pt\/en\/wp-json\/wp\/v2\/types\/page"}],"author":[{"embeddable":true,"href":"https:\/\/corbroker.pt\/en\/wp-json\/wp\/v2\/users\/2"}],"replies":[{"embeddable":true,"href":"https:\/\/corbroker.pt\/en\/wp-json\/wp\/v2\/comments?post=5012"}],"version-history":[{"count":10,"href":"https:\/\/corbroker.pt\/en\/wp-json\/wp\/v2\/pages\/5012\/revisions"}],"predecessor-version":[{"id":5643,"href":"https:\/\/corbroker.pt\/en\/wp-json\/wp\/v2\/pages\/5012\/revisions\/5643"}],"up":[{"embeddable":true,"href":"https:\/\/corbroker.pt\/en\/wp-json\/wp\/v2\/pages\/4977"}],"wp:attachment":[{"href":"https:\/\/corbroker.pt\/en\/wp-json\/wp\/v2\/media?parent=5012"}],"curies":[{"name":"wp","href":"https:\/\/api.w.org\/{rel}","templated":true}]}}